{"id":59630,"date":"2025-03-13T16:06:10","date_gmt":"2025-03-13T13:06:10","guid":{"rendered":"https:\/\/micasa.lv\/spc-republic-grizzly\/"},"modified":"2025-12-09T13:08:36","modified_gmt":"2025-12-09T10:08:36","slug":"spc-republic-grizzly","status":"publish","type":"product","link":"https:\/\/micasa.lv\/lv\/spc-republic-grizzly\/","title":{"rendered":"Vinila fl\u012bzes SPC Republic Grizzly"},"content":{"rendered":"<p>21 satrieco\u0161s dizains, kas ienes dz\u012bvi dab\u0101 ar spilgt\u0101m kr\u0101s\u0101m<br \/>\nun re\u0101listisk\u0101m reljefa fakt\u016br\u0101m.<br \/>\nN\u0101kam\u0101s paaudzes SPC produkti 4+1,5 mm x 1218&#215;228 mm 0,5 mm WL<\/p>\n","protected":false},"excerpt":{"rendered":"<p>21 satrieco\u0161s dizains, kas ienes dz\u012bvi dab\u0101 ar spilgt\u0101m kr\u0101s\u0101m un re\u0101listisk\u0101m reljefa fakt\u016br\u0101m. N\u0101kam\u0101s paaudzes SPC produkti 4+1,5 mm<\/p>\n","protected":false},"featured_media":21714,"template":"","meta":[],"product_brand":[],"product_cat":[1957],"product_tag":[],"class_list":{"0":"post-59630","1":"product","2":"type-product","3":"status-publish","4":"has-post-thumbnail","6":"product_cat-spc-flizes","7":"pa_brand-republic-lv","8":"pa_durability-class-34-klase","10":"first","11":"instock","12":"taxable","13":"shipping-taxable","14":"purchasable","15":"product-type-variable"},"yoast_head":"<!-- This site is optimized with the Yoast SEO plugin v27.4 - https:\/\/yoast.com\/product\/yoast-seo-wordpress\/ -->\n<title>Vinila fl\u012bzes SPC Republic Grizzly - Micasa<\/title>\n<meta name=\"robots\" content=\"index, follow, max-snippet:-1, max-image-preview:large, max-video-preview:-1\" \/>\n<link rel=\"canonical\" href=\"https:\/\/micasa.lv\/lv\/spc-republic-grizzly\/\" \/>\n<meta property=\"og:locale\" content=\"lv_LV\" \/>\n<meta property=\"og:type\" content=\"article\" \/>\n<meta property=\"og:title\" content=\"Vinila fl\u012bzes SPC Republic Grizzly - Micasa\" \/>\n<meta property=\"og:description\" content=\"21 satrieco\u0161s dizains, kas ienes dz\u012bvi dab\u0101 ar spilgt\u0101m kr\u0101s\u0101m un re\u0101listisk\u0101m reljefa fakt\u016br\u0101m. N\u0101kam\u0101s paaudzes SPC produkti 4+1,5 mm\" \/>\n<meta property=\"og:url\" content=\"https:\/\/micasa.lv\/lv\/spc-republic-grizzly\/\" \/>\n<meta property=\"og:site_name\" content=\"Micasa\" \/>\n<meta property=\"article:modified_time\" content=\"2025-12-09T10:08:36+00:00\" \/>\n<meta property=\"og:image\" content=\"https:\/\/micasa.lv\/wp-content\/uploads\/2025\/03\/RENACG009.webp\" \/>\n\t<meta property=\"og:image:width\" content=\"1751\" \/>\n\t<meta property=\"og:image:height\" content=\"1080\" \/>\n\t<meta property=\"og:image:type\" content=\"image\/webp\" \/>\n<meta name=\"twitter:card\" content=\"summary_large_image\" \/>\n<meta name=\"twitter:label1\" content=\"Est. reading time\" \/>\n\t<meta name=\"twitter:data1\" content=\"1 minute\" \/>\n<script type=\"application\/ld+json\" class=\"yoast-schema-graph\">{\"@context\":\"https:\\\/\\\/schema.org\",\"@graph\":[{\"@type\":\"WebPage\",\"@id\":\"https:\\\/\\\/micasa.lv\\\/lv\\\/spc-republic-grizzly\\\/\",\"url\":\"https:\\\/\\\/micasa.lv\\\/lv\\\/spc-republic-grizzly\\\/\",\"name\":\"Vinila fl\u012bzes SPC Republic Grizzly - Micasa\",\"isPartOf\":{\"@id\":\"https:\\\/\\\/micasa.lv\\\/lv\\\/#website\"},\"primaryImageOfPage\":{\"@id\":\"https:\\\/\\\/micasa.lv\\\/lv\\\/spc-republic-grizzly\\\/#primaryimage\"},\"image\":{\"@id\":\"https:\\\/\\\/micasa.lv\\\/lv\\\/spc-republic-grizzly\\\/#primaryimage\"},\"thumbnailUrl\":\"https:\\\/\\\/micasa.lv\\\/wp-content\\\/uploads\\\/2025\\\/03\\\/RENACG009.webp\",\"datePublished\":\"2025-03-13T13:06:10+00:00\",\"dateModified\":\"2025-12-09T10:08:36+00:00\",\"breadcrumb\":{\"@id\":\"https:\\\/\\\/micasa.lv\\\/lv\\\/spc-republic-grizzly\\\/#breadcrumb\"},\"inLanguage\":\"lv-LV\",\"potentialAction\":[{\"@type\":\"ReadAction\",\"target\":[\"https:\\\/\\\/micasa.lv\\\/lv\\\/spc-republic-grizzly\\\/\"]}]},{\"@type\":\"ImageObject\",\"inLanguage\":\"lv-LV\",\"@id\":\"https:\\\/\\\/micasa.lv\\\/lv\\\/spc-republic-grizzly\\\/#primaryimage\",\"url\":\"https:\\\/\\\/micasa.lv\\\/wp-content\\\/uploads\\\/2025\\\/03\\\/RENACG009.webp\",\"contentUrl\":\"https:\\\/\\\/micasa.lv\\\/wp-content\\\/uploads\\\/2025\\\/03\\\/RENACG009.webp\",\"width\":1751,\"height\":1080},{\"@type\":\"BreadcrumbList\",\"@id\":\"https:\\\/\\\/micasa.lv\\\/lv\\\/spc-republic-grizzly\\\/#breadcrumb\",\"itemListElement\":[{\"@type\":\"ListItem\",\"position\":1,\"name\":\"S\u0101kums\",\"item\":\"https:\\\/\\\/micasa.lv\\\/lv\\\/micasa\\\/\"},{\"@type\":\"ListItem\",\"position\":2,\"name\":\"Shop\",\"item\":\"https:\\\/\\\/micasa.lv\\\/lv\\\/shop\\\/\"},{\"@type\":\"ListItem\",\"position\":3,\"name\":\"Vinila fl\u012bzes SPC Republic Grizzly\"}]},{\"@type\":\"WebSite\",\"@id\":\"https:\\\/\\\/micasa.lv\\\/lv\\\/#website\",\"url\":\"https:\\\/\\\/micasa.lv\\\/lv\\\/\",\"name\":\"Micasa\",\"description\":\"\",\"potentialAction\":[{\"@type\":\"SearchAction\",\"target\":{\"@type\":\"EntryPoint\",\"urlTemplate\":\"https:\\\/\\\/micasa.lv\\\/lv\\\/?s={search_term_string}\"},\"query-input\":{\"@type\":\"PropertyValueSpecification\",\"valueRequired\":true,\"valueName\":\"search_term_string\"}}],\"inLanguage\":\"lv-LV\"}]}<\/script>\n<!-- \/ Yoast SEO plugin. -->","yoast_head_json":{"title":"Vinila fl\u012bzes SPC Republic Grizzly - Micasa","robots":{"index":"index","follow":"follow","max-snippet":"max-snippet:-1","max-image-preview":"max-image-preview:large","max-video-preview":"max-video-preview:-1"},"canonical":"https:\/\/micasa.lv\/lv\/spc-republic-grizzly\/","og_locale":"lv_LV","og_type":"article","og_title":"Vinila fl\u012bzes SPC Republic Grizzly - Micasa","og_description":"21 satrieco\u0161s dizains, kas ienes dz\u012bvi dab\u0101 ar spilgt\u0101m kr\u0101s\u0101m un re\u0101listisk\u0101m reljefa fakt\u016br\u0101m. N\u0101kam\u0101s paaudzes SPC produkti 4+1,5 mm","og_url":"https:\/\/micasa.lv\/lv\/spc-republic-grizzly\/","og_site_name":"Micasa","article_modified_time":"2025-12-09T10:08:36+00:00","og_image":[{"width":1751,"height":1080,"url":"https:\/\/micasa.lv\/wp-content\/uploads\/2025\/03\/RENACG009.webp","type":"image\/webp"}],"twitter_card":"summary_large_image","twitter_misc":{"Est. reading time":"1 minute"},"schema":{"@context":"https:\/\/schema.org","@graph":[{"@type":"WebPage","@id":"https:\/\/micasa.lv\/lv\/spc-republic-grizzly\/","url":"https:\/\/micasa.lv\/lv\/spc-republic-grizzly\/","name":"Vinila fl\u012bzes SPC Republic Grizzly - Micasa","isPartOf":{"@id":"https:\/\/micasa.lv\/lv\/#website"},"primaryImageOfPage":{"@id":"https:\/\/micasa.lv\/lv\/spc-republic-grizzly\/#primaryimage"},"image":{"@id":"https:\/\/micasa.lv\/lv\/spc-republic-grizzly\/#primaryimage"},"thumbnailUrl":"https:\/\/micasa.lv\/wp-content\/uploads\/2025\/03\/RENACG009.webp","datePublished":"2025-03-13T13:06:10+00:00","dateModified":"2025-12-09T10:08:36+00:00","breadcrumb":{"@id":"https:\/\/micasa.lv\/lv\/spc-republic-grizzly\/#breadcrumb"},"inLanguage":"lv-LV","potentialAction":[{"@type":"ReadAction","target":["https:\/\/micasa.lv\/lv\/spc-republic-grizzly\/"]}]},{"@type":"ImageObject","inLanguage":"lv-LV","@id":"https:\/\/micasa.lv\/lv\/spc-republic-grizzly\/#primaryimage","url":"https:\/\/micasa.lv\/wp-content\/uploads\/2025\/03\/RENACG009.webp","contentUrl":"https:\/\/micasa.lv\/wp-content\/uploads\/2025\/03\/RENACG009.webp","width":1751,"height":1080},{"@type":"BreadcrumbList","@id":"https:\/\/micasa.lv\/lv\/spc-republic-grizzly\/#breadcrumb","itemListElement":[{"@type":"ListItem","position":1,"name":"S\u0101kums","item":"https:\/\/micasa.lv\/lv\/micasa\/"},{"@type":"ListItem","position":2,"name":"Shop","item":"https:\/\/micasa.lv\/lv\/shop\/"},{"@type":"ListItem","position":3,"name":"Vinila fl\u012bzes SPC Republic Grizzly"}]},{"@type":"WebSite","@id":"https:\/\/micasa.lv\/lv\/#website","url":"https:\/\/micasa.lv\/lv\/","name":"Micasa","description":"","potentialAction":[{"@type":"SearchAction","target":{"@type":"EntryPoint","urlTemplate":"https:\/\/micasa.lv\/lv\/?s={search_term_string}"},"query-input":{"@type":"PropertyValueSpecification","valueRequired":true,"valueName":"search_term_string"}}],"inLanguage":"lv-LV"}]}},"wcpa_form_fields":null,"_links":{"self":[{"href":"https:\/\/micasa.lv\/lv\/wp-json\/wp\/v2\/product\/59630","targetHints":{"allow":["GET"]}}],"collection":[{"href":"https:\/\/micasa.lv\/lv\/wp-json\/wp\/v2\/product"}],"about":[{"href":"https:\/\/micasa.lv\/lv\/wp-json\/wp\/v2\/types\/product"}],"version-history":[{"count":2,"href":"https:\/\/micasa.lv\/lv\/wp-json\/wp\/v2\/product\/59630\/revisions"}],"predecessor-version":[{"id":65982,"href":"https:\/\/micasa.lv\/lv\/wp-json\/wp\/v2\/product\/59630\/revisions\/65982"}],"wp:featuredmedia":[{"embeddable":true,"href":"https:\/\/micasa.lv\/lv\/wp-json\/wp\/v2\/media\/21714"}],"wp:attachment":[{"href":"https:\/\/micasa.lv\/lv\/wp-json\/wp\/v2\/media?parent=59630"}],"wp:term":[{"taxonomy":"product_brand","embeddable":true,"href":"https:\/\/micasa.lv\/lv\/wp-json\/wp\/v2\/product_brand?post=59630"},{"taxonomy":"product_cat","embeddable":true,"href":"https:\/\/micasa.lv\/lv\/wp-json\/wp\/v2\/product_cat?post=59630"},{"taxonomy":"product_tag","embeddable":true,"href":"https:\/\/micasa.lv\/lv\/wp-json\/wp\/v2\/product_tag?post=59630"}],"curies":[{"name":"wp","href":"https:\/\/api.w.org\/{rel}","templated":true}]}}