{"id":59696,"date":"2025-03-14T11:20:44","date_gmt":"2025-03-14T08:20:44","guid":{"rendered":"https:\/\/micasa.lv\/spc-republic-lion\/"},"modified":"2025-12-09T13:18:40","modified_gmt":"2025-12-09T10:18:40","slug":"spc-republic-lion","status":"publish","type":"product","link":"https:\/\/micasa.lv\/lv\/spc-republic-lion\/","title":{"rendered":"Vinila fl\u012bzes SPC Republic Lion"},"content":{"rendered":"<div>\u0160os prec\u012bzi sagrieztos d\u0113\u013cus \u010detros izteiktos stilos ir viegli iekl\u0101t j\u016bsu izv\u0113l\u0113taj\u0101 dizain\u0101.<\/div>\n<div>Majest\u0101tisks un iztur\u012bgs katr\u0101 j\u016bsu izv\u0113l\u0113taj\u0101 telp\u0101.<\/div>\n<div><\/div>\n<div>5,5+1,5x592x148mm 0,55mm WL<\/div>\n","protected":false},"excerpt":{"rendered":"<p>\u0160os prec\u012bzi sagrieztos d\u0113\u013cus \u010detros izteiktos stilos ir viegli iekl\u0101t j\u016bsu izv\u0113l\u0113taj\u0101 dizain\u0101. Majest\u0101tisks un iztur\u012bgs katr\u0101 j\u016bsu izv\u0113l\u0113taj\u0101 telp\u0101.<\/p>\n","protected":false},"featured_media":21978,"template":"","meta":[],"product_brand":[],"product_cat":[1957],"product_tag":[],"class_list":{"0":"post-59696","1":"product","2":"type-product","3":"status-publish","4":"has-post-thumbnail","6":"product_cat-spc-flizes","7":"pa_brand-republic-lv","8":"pa_durability-class-34-klase","10":"first","11":"instock","12":"taxable","13":"shipping-taxable","14":"purchasable","15":"product-type-variable"},"yoast_head":"<!-- This site is optimized with the Yoast SEO plugin v27.4 - https:\/\/yoast.com\/product\/yoast-seo-wordpress\/ -->\n<title>Vinila fl\u012bzes SPC Republic Lion - Micasa<\/title>\n<meta name=\"robots\" content=\"index, follow, max-snippet:-1, max-image-preview:large, max-video-preview:-1\" \/>\n<link rel=\"canonical\" href=\"https:\/\/micasa.lv\/lv\/spc-republic-lion\/\" \/>\n<meta property=\"og:locale\" content=\"lv_LV\" \/>\n<meta property=\"og:type\" content=\"article\" \/>\n<meta property=\"og:title\" content=\"Vinila fl\u012bzes SPC Republic Lion - Micasa\" \/>\n<meta property=\"og:description\" content=\"\u0160os prec\u012bzi sagrieztos d\u0113\u013cus \u010detros izteiktos stilos ir viegli iekl\u0101t j\u016bsu izv\u0113l\u0113taj\u0101 dizain\u0101. Majest\u0101tisks un iztur\u012bgs katr\u0101 j\u016bsu izv\u0113l\u0113taj\u0101 telp\u0101.\" \/>\n<meta property=\"og:url\" content=\"https:\/\/micasa.lv\/lv\/spc-republic-lion\/\" \/>\n<meta property=\"og:site_name\" content=\"Micasa\" \/>\n<meta property=\"article:modified_time\" content=\"2025-12-09T10:18:40+00:00\" \/>\n<meta property=\"og:image\" content=\"https:\/\/micasa.lv\/wp-content\/uploads\/2025\/03\/REAFCL001.webp\" \/>\n\t<meta property=\"og:image:width\" content=\"1920\" \/>\n\t<meta property=\"og:image:height\" content=\"977\" \/>\n\t<meta property=\"og:image:type\" content=\"image\/webp\" \/>\n<meta name=\"twitter:card\" content=\"summary_large_image\" \/>\n<meta name=\"twitter:label1\" content=\"Est. reading time\" \/>\n\t<meta name=\"twitter:data1\" content=\"1 minute\" \/>\n<script type=\"application\/ld+json\" class=\"yoast-schema-graph\">{\"@context\":\"https:\\\/\\\/schema.org\",\"@graph\":[{\"@type\":\"WebPage\",\"@id\":\"https:\\\/\\\/micasa.lv\\\/lv\\\/spc-republic-lion\\\/\",\"url\":\"https:\\\/\\\/micasa.lv\\\/lv\\\/spc-republic-lion\\\/\",\"name\":\"Vinila fl\u012bzes SPC Republic Lion - Micasa\",\"isPartOf\":{\"@id\":\"https:\\\/\\\/micasa.lv\\\/lv\\\/#website\"},\"primaryImageOfPage\":{\"@id\":\"https:\\\/\\\/micasa.lv\\\/lv\\\/spc-republic-lion\\\/#primaryimage\"},\"image\":{\"@id\":\"https:\\\/\\\/micasa.lv\\\/lv\\\/spc-republic-lion\\\/#primaryimage\"},\"thumbnailUrl\":\"https:\\\/\\\/micasa.lv\\\/wp-content\\\/uploads\\\/2025\\\/03\\\/REAFCL001.webp\",\"datePublished\":\"2025-03-14T08:20:44+00:00\",\"dateModified\":\"2025-12-09T10:18:40+00:00\",\"breadcrumb\":{\"@id\":\"https:\\\/\\\/micasa.lv\\\/lv\\\/spc-republic-lion\\\/#breadcrumb\"},\"inLanguage\":\"lv-LV\",\"potentialAction\":[{\"@type\":\"ReadAction\",\"target\":[\"https:\\\/\\\/micasa.lv\\\/lv\\\/spc-republic-lion\\\/\"]}]},{\"@type\":\"ImageObject\",\"inLanguage\":\"lv-LV\",\"@id\":\"https:\\\/\\\/micasa.lv\\\/lv\\\/spc-republic-lion\\\/#primaryimage\",\"url\":\"https:\\\/\\\/micasa.lv\\\/wp-content\\\/uploads\\\/2025\\\/03\\\/REAFCL001.webp\",\"contentUrl\":\"https:\\\/\\\/micasa.lv\\\/wp-content\\\/uploads\\\/2025\\\/03\\\/REAFCL001.webp\",\"width\":1920,\"height\":977},{\"@type\":\"BreadcrumbList\",\"@id\":\"https:\\\/\\\/micasa.lv\\\/lv\\\/spc-republic-lion\\\/#breadcrumb\",\"itemListElement\":[{\"@type\":\"ListItem\",\"position\":1,\"name\":\"S\u0101kums\",\"item\":\"https:\\\/\\\/micasa.lv\\\/lv\\\/micasa\\\/\"},{\"@type\":\"ListItem\",\"position\":2,\"name\":\"Shop\",\"item\":\"https:\\\/\\\/micasa.lv\\\/lv\\\/shop\\\/\"},{\"@type\":\"ListItem\",\"position\":3,\"name\":\"Vinila fl\u012bzes SPC Republic Lion\"}]},{\"@type\":\"WebSite\",\"@id\":\"https:\\\/\\\/micasa.lv\\\/lv\\\/#website\",\"url\":\"https:\\\/\\\/micasa.lv\\\/lv\\\/\",\"name\":\"Micasa\",\"description\":\"\",\"potentialAction\":[{\"@type\":\"SearchAction\",\"target\":{\"@type\":\"EntryPoint\",\"urlTemplate\":\"https:\\\/\\\/micasa.lv\\\/lv\\\/?s={search_term_string}\"},\"query-input\":{\"@type\":\"PropertyValueSpecification\",\"valueRequired\":true,\"valueName\":\"search_term_string\"}}],\"inLanguage\":\"lv-LV\"}]}<\/script>\n<!-- \/ Yoast SEO plugin. -->","yoast_head_json":{"title":"Vinila fl\u012bzes SPC Republic Lion - Micasa","robots":{"index":"index","follow":"follow","max-snippet":"max-snippet:-1","max-image-preview":"max-image-preview:large","max-video-preview":"max-video-preview:-1"},"canonical":"https:\/\/micasa.lv\/lv\/spc-republic-lion\/","og_locale":"lv_LV","og_type":"article","og_title":"Vinila fl\u012bzes SPC Republic Lion - Micasa","og_description":"\u0160os prec\u012bzi sagrieztos d\u0113\u013cus \u010detros izteiktos stilos ir viegli iekl\u0101t j\u016bsu izv\u0113l\u0113taj\u0101 dizain\u0101. Majest\u0101tisks un iztur\u012bgs katr\u0101 j\u016bsu izv\u0113l\u0113taj\u0101 telp\u0101.","og_url":"https:\/\/micasa.lv\/lv\/spc-republic-lion\/","og_site_name":"Micasa","article_modified_time":"2025-12-09T10:18:40+00:00","og_image":[{"width":1920,"height":977,"url":"https:\/\/micasa.lv\/wp-content\/uploads\/2025\/03\/REAFCL001.webp","type":"image\/webp"}],"twitter_card":"summary_large_image","twitter_misc":{"Est. reading time":"1 minute"},"schema":{"@context":"https:\/\/schema.org","@graph":[{"@type":"WebPage","@id":"https:\/\/micasa.lv\/lv\/spc-republic-lion\/","url":"https:\/\/micasa.lv\/lv\/spc-republic-lion\/","name":"Vinila fl\u012bzes SPC Republic Lion - Micasa","isPartOf":{"@id":"https:\/\/micasa.lv\/lv\/#website"},"primaryImageOfPage":{"@id":"https:\/\/micasa.lv\/lv\/spc-republic-lion\/#primaryimage"},"image":{"@id":"https:\/\/micasa.lv\/lv\/spc-republic-lion\/#primaryimage"},"thumbnailUrl":"https:\/\/micasa.lv\/wp-content\/uploads\/2025\/03\/REAFCL001.webp","datePublished":"2025-03-14T08:20:44+00:00","dateModified":"2025-12-09T10:18:40+00:00","breadcrumb":{"@id":"https:\/\/micasa.lv\/lv\/spc-republic-lion\/#breadcrumb"},"inLanguage":"lv-LV","potentialAction":[{"@type":"ReadAction","target":["https:\/\/micasa.lv\/lv\/spc-republic-lion\/"]}]},{"@type":"ImageObject","inLanguage":"lv-LV","@id":"https:\/\/micasa.lv\/lv\/spc-republic-lion\/#primaryimage","url":"https:\/\/micasa.lv\/wp-content\/uploads\/2025\/03\/REAFCL001.webp","contentUrl":"https:\/\/micasa.lv\/wp-content\/uploads\/2025\/03\/REAFCL001.webp","width":1920,"height":977},{"@type":"BreadcrumbList","@id":"https:\/\/micasa.lv\/lv\/spc-republic-lion\/#breadcrumb","itemListElement":[{"@type":"ListItem","position":1,"name":"S\u0101kums","item":"https:\/\/micasa.lv\/lv\/micasa\/"},{"@type":"ListItem","position":2,"name":"Shop","item":"https:\/\/micasa.lv\/lv\/shop\/"},{"@type":"ListItem","position":3,"name":"Vinila fl\u012bzes SPC Republic Lion"}]},{"@type":"WebSite","@id":"https:\/\/micasa.lv\/lv\/#website","url":"https:\/\/micasa.lv\/lv\/","name":"Micasa","description":"","potentialAction":[{"@type":"SearchAction","target":{"@type":"EntryPoint","urlTemplate":"https:\/\/micasa.lv\/lv\/?s={search_term_string}"},"query-input":{"@type":"PropertyValueSpecification","valueRequired":true,"valueName":"search_term_string"}}],"inLanguage":"lv-LV"}]}},"wcpa_form_fields":null,"_links":{"self":[{"href":"https:\/\/micasa.lv\/lv\/wp-json\/wp\/v2\/product\/59696","targetHints":{"allow":["GET"]}}],"collection":[{"href":"https:\/\/micasa.lv\/lv\/wp-json\/wp\/v2\/product"}],"about":[{"href":"https:\/\/micasa.lv\/lv\/wp-json\/wp\/v2\/types\/product"}],"version-history":[{"count":3,"href":"https:\/\/micasa.lv\/lv\/wp-json\/wp\/v2\/product\/59696\/revisions"}],"predecessor-version":[{"id":65970,"href":"https:\/\/micasa.lv\/lv\/wp-json\/wp\/v2\/product\/59696\/revisions\/65970"}],"wp:featuredmedia":[{"embeddable":true,"href":"https:\/\/micasa.lv\/lv\/wp-json\/wp\/v2\/media\/21978"}],"wp:attachment":[{"href":"https:\/\/micasa.lv\/lv\/wp-json\/wp\/v2\/media?parent=59696"}],"wp:term":[{"taxonomy":"product_brand","embeddable":true,"href":"https:\/\/micasa.lv\/lv\/wp-json\/wp\/v2\/product_brand?post=59696"},{"taxonomy":"product_cat","embeddable":true,"href":"https:\/\/micasa.lv\/lv\/wp-json\/wp\/v2\/product_cat?post=59696"},{"taxonomy":"product_tag","embeddable":true,"href":"https:\/\/micasa.lv\/lv\/wp-json\/wp\/v2\/product_tag?post=59696"}],"curies":[{"name":"wp","href":"https:\/\/api.w.org\/{rel}","templated":true}]}}