{"id":59910,"date":"2025-07-07T15:29:08","date_gmt":"2025-07-07T12:29:08","guid":{"rendered":"https:\/\/micasa.lv\/ieksdurvis-fancy-fiesta\/"},"modified":"2025-07-07T15:29:08","modified_gmt":"2025-07-07T12:29:08","slug":"ieksdurvis-fancy-fiesta","status":"publish","type":"product","link":"https:\/\/micasa.lv\/lv\/ieksdurvis-fancy-fiesta\/","title":{"rendered":"Iek\u0161durvis Fancy Fiesta"},"content":{"rendered":"","protected":false},"excerpt":{"rendered":"<p>Durvju v\u0113rtne<br \/>\nDurvju v\u0113rtnes biezums ir 40 mm, virsma ir no \u016bdens b\u0101zes kr\u0101sas p\u0101rkl\u0101ta skaidu pl\u0101tne.<\/p>\n<p>Ornaments<br \/>\nFrez\u0113tas rievas.<\/p>\n<p>Durvju k\u0101rba<br \/>\nBiezums 42 mm, dzi\u013cums 68 vai 92 mm, kr\u0101sota ar \u016bdens b\u0101zes kr\u0101su, izgatavota no lamin\u0113t\u0101m un ar pirkstveida savienojumu savienot\u0101m lamel\u0113m.<\/p>\n<p>Slieksnis<br \/>\nP\u0113c izv\u0113les.<\/p>\n<p>Bl\u012bv\u0113\u0161ana<br \/>\nBl\u012bv\u0113\u0161ana durvju k\u0101rb\u0101.<\/p>\n<p>Sl\u0113dzene<br \/>\nAr groz\u0101mu m\u0113l\u012bti (lai var\u0113tu main\u012bt durvju atv\u0113r\u0161an\u0101s virzienu).<\/p>\n<p>E\u0146\u0123es<br \/>\nVertik\u0101li regul\u0113jamas, 2 gab.<\/p>\n","protected":false},"featured_media":54390,"template":"","meta":[],"product_brand":[],"product_cat":[343,1951,1989,1991],"product_tag":[],"class_list":{"0":"post-59910","1":"product","2":"type-product","3":"status-publish","4":"has-post-thumbnail","6":"product_cat-durvis","7":"product_cat-ieksdurvis","8":"product_cat-koka-durvis","9":"product_cat-krasotas-durvis","10":"wcpa_has_options","12":"first","13":"instock","14":"taxable","15":"shipping-taxable","16":"purchasable","17":"product-type-simple"},"yoast_head":"<!-- This site is optimized with the Yoast SEO plugin v27.4 - https:\/\/yoast.com\/product\/yoast-seo-wordpress\/ -->\n<title>Iek\u0161durvis Fancy Fiesta - Micasa<\/title>\n<meta name=\"robots\" content=\"index, follow, max-snippet:-1, max-image-preview:large, max-video-preview:-1\" \/>\n<link rel=\"canonical\" href=\"https:\/\/micasa.lv\/lv\/ieksdurvis-fancy-fiesta\/\" \/>\n<meta property=\"og:locale\" content=\"lv_LV\" \/>\n<meta property=\"og:type\" content=\"article\" \/>\n<meta property=\"og:title\" content=\"Iek\u0161durvis Fancy Fiesta - Micasa\" \/>\n<meta property=\"og:description\" content=\"Durvju v\u0113rtne Durvju v\u0113rtnes biezums ir 40 mm, virsma ir no \u016bdens b\u0101zes kr\u0101sas p\u0101rkl\u0101ta skaidu pl\u0101tne. Ornaments Frez\u0113tas rievas. Durvju k\u0101rba Biezums 42 mm, dzi\u013cums 68 vai 92 mm, kr\u0101sota ar \u016bdens b\u0101zes kr\u0101su, izgatavota no lamin\u0113t\u0101m un ar pirkstveida savienojumu savienot\u0101m lamel\u0113m. Slieksnis P\u0113c izv\u0113les. Bl\u012bv\u0113\u0161ana Bl\u012bv\u0113\u0161ana durvju k\u0101rb\u0101. Sl\u0113dzene Ar groz\u0101mu m\u0113l\u012bti (lai var\u0113tu main\u012bt durvju atv\u0113r\u0161an\u0101s virzienu). E\u0146\u0123es Vertik\u0101li regul\u0113jamas, 2 gab.\" \/>\n<meta property=\"og:url\" content=\"https:\/\/micasa.lv\/lv\/ieksdurvis-fancy-fiesta\/\" \/>\n<meta property=\"og:site_name\" content=\"Micasa\" \/>\n<meta property=\"og:image\" content=\"https:\/\/micasa.lv\/wp-content\/uploads\/2025\/06\/fancy_fiesta.jpg\" \/>\n\t<meta property=\"og:image:width\" content=\"768\" \/>\n\t<meta property=\"og:image:height\" content=\"767\" \/>\n\t<meta property=\"og:image:type\" content=\"image\/jpeg\" \/>\n<meta name=\"twitter:card\" content=\"summary_large_image\" \/>\n<script type=\"application\/ld+json\" class=\"yoast-schema-graph\">{\"@context\":\"https:\\\/\\\/schema.org\",\"@graph\":[{\"@type\":\"WebPage\",\"@id\":\"https:\\\/\\\/micasa.lv\\\/lv\\\/ieksdurvis-fancy-fiesta\\\/\",\"url\":\"https:\\\/\\\/micasa.lv\\\/lv\\\/ieksdurvis-fancy-fiesta\\\/\",\"name\":\"Iek\u0161durvis Fancy Fiesta - Micasa\",\"isPartOf\":{\"@id\":\"https:\\\/\\\/micasa.lv\\\/lv\\\/#website\"},\"primaryImageOfPage\":{\"@id\":\"https:\\\/\\\/micasa.lv\\\/lv\\\/ieksdurvis-fancy-fiesta\\\/#primaryimage\"},\"image\":{\"@id\":\"https:\\\/\\\/micasa.lv\\\/lv\\\/ieksdurvis-fancy-fiesta\\\/#primaryimage\"},\"thumbnailUrl\":\"https:\\\/\\\/micasa.lv\\\/wp-content\\\/uploads\\\/2025\\\/06\\\/fancy_fiesta.jpg\",\"datePublished\":\"2025-07-07T12:29:08+00:00\",\"breadcrumb\":{\"@id\":\"https:\\\/\\\/micasa.lv\\\/lv\\\/ieksdurvis-fancy-fiesta\\\/#breadcrumb\"},\"inLanguage\":\"lv-LV\",\"potentialAction\":[{\"@type\":\"ReadAction\",\"target\":[\"https:\\\/\\\/micasa.lv\\\/lv\\\/ieksdurvis-fancy-fiesta\\\/\"]}]},{\"@type\":\"ImageObject\",\"inLanguage\":\"lv-LV\",\"@id\":\"https:\\\/\\\/micasa.lv\\\/lv\\\/ieksdurvis-fancy-fiesta\\\/#primaryimage\",\"url\":\"https:\\\/\\\/micasa.lv\\\/wp-content\\\/uploads\\\/2025\\\/06\\\/fancy_fiesta.jpg\",\"contentUrl\":\"https:\\\/\\\/micasa.lv\\\/wp-content\\\/uploads\\\/2025\\\/06\\\/fancy_fiesta.jpg\",\"width\":768,\"height\":767},{\"@type\":\"BreadcrumbList\",\"@id\":\"https:\\\/\\\/micasa.lv\\\/lv\\\/ieksdurvis-fancy-fiesta\\\/#breadcrumb\",\"itemListElement\":[{\"@type\":\"ListItem\",\"position\":1,\"name\":\"S\u0101kums\",\"item\":\"https:\\\/\\\/micasa.lv\\\/lv\\\/micasa\\\/\"},{\"@type\":\"ListItem\",\"position\":2,\"name\":\"Shop\",\"item\":\"https:\\\/\\\/micasa.lv\\\/lv\\\/shop\\\/\"},{\"@type\":\"ListItem\",\"position\":3,\"name\":\"Iek\u0161durvis Fancy Fiesta\"}]},{\"@type\":\"WebSite\",\"@id\":\"https:\\\/\\\/micasa.lv\\\/lv\\\/#website\",\"url\":\"https:\\\/\\\/micasa.lv\\\/lv\\\/\",\"name\":\"Micasa\",\"description\":\"\",\"potentialAction\":[{\"@type\":\"SearchAction\",\"target\":{\"@type\":\"EntryPoint\",\"urlTemplate\":\"https:\\\/\\\/micasa.lv\\\/lv\\\/?s={search_term_string}\"},\"query-input\":{\"@type\":\"PropertyValueSpecification\",\"valueRequired\":true,\"valueName\":\"search_term_string\"}}],\"inLanguage\":\"lv-LV\"}]}<\/script>\n<!-- \/ Yoast SEO plugin. -->","yoast_head_json":{"title":"Iek\u0161durvis Fancy Fiesta - Micasa","robots":{"index":"index","follow":"follow","max-snippet":"max-snippet:-1","max-image-preview":"max-image-preview:large","max-video-preview":"max-video-preview:-1"},"canonical":"https:\/\/micasa.lv\/lv\/ieksdurvis-fancy-fiesta\/","og_locale":"lv_LV","og_type":"article","og_title":"Iek\u0161durvis Fancy Fiesta - Micasa","og_description":"Durvju v\u0113rtne Durvju v\u0113rtnes biezums ir 40 mm, virsma ir no \u016bdens b\u0101zes kr\u0101sas p\u0101rkl\u0101ta skaidu pl\u0101tne. Ornaments Frez\u0113tas rievas. Durvju k\u0101rba Biezums 42 mm, dzi\u013cums 68 vai 92 mm, kr\u0101sota ar \u016bdens b\u0101zes kr\u0101su, izgatavota no lamin\u0113t\u0101m un ar pirkstveida savienojumu savienot\u0101m lamel\u0113m. Slieksnis P\u0113c izv\u0113les. Bl\u012bv\u0113\u0161ana Bl\u012bv\u0113\u0161ana durvju k\u0101rb\u0101. Sl\u0113dzene Ar groz\u0101mu m\u0113l\u012bti (lai var\u0113tu main\u012bt durvju atv\u0113r\u0161an\u0101s virzienu). E\u0146\u0123es Vertik\u0101li regul\u0113jamas, 2 gab.","og_url":"https:\/\/micasa.lv\/lv\/ieksdurvis-fancy-fiesta\/","og_site_name":"Micasa","og_image":[{"width":768,"height":767,"url":"https:\/\/micasa.lv\/wp-content\/uploads\/2025\/06\/fancy_fiesta.jpg","type":"image\/jpeg"}],"twitter_card":"summary_large_image","schema":{"@context":"https:\/\/schema.org","@graph":[{"@type":"WebPage","@id":"https:\/\/micasa.lv\/lv\/ieksdurvis-fancy-fiesta\/","url":"https:\/\/micasa.lv\/lv\/ieksdurvis-fancy-fiesta\/","name":"Iek\u0161durvis Fancy Fiesta - Micasa","isPartOf":{"@id":"https:\/\/micasa.lv\/lv\/#website"},"primaryImageOfPage":{"@id":"https:\/\/micasa.lv\/lv\/ieksdurvis-fancy-fiesta\/#primaryimage"},"image":{"@id":"https:\/\/micasa.lv\/lv\/ieksdurvis-fancy-fiesta\/#primaryimage"},"thumbnailUrl":"https:\/\/micasa.lv\/wp-content\/uploads\/2025\/06\/fancy_fiesta.jpg","datePublished":"2025-07-07T12:29:08+00:00","breadcrumb":{"@id":"https:\/\/micasa.lv\/lv\/ieksdurvis-fancy-fiesta\/#breadcrumb"},"inLanguage":"lv-LV","potentialAction":[{"@type":"ReadAction","target":["https:\/\/micasa.lv\/lv\/ieksdurvis-fancy-fiesta\/"]}]},{"@type":"ImageObject","inLanguage":"lv-LV","@id":"https:\/\/micasa.lv\/lv\/ieksdurvis-fancy-fiesta\/#primaryimage","url":"https:\/\/micasa.lv\/wp-content\/uploads\/2025\/06\/fancy_fiesta.jpg","contentUrl":"https:\/\/micasa.lv\/wp-content\/uploads\/2025\/06\/fancy_fiesta.jpg","width":768,"height":767},{"@type":"BreadcrumbList","@id":"https:\/\/micasa.lv\/lv\/ieksdurvis-fancy-fiesta\/#breadcrumb","itemListElement":[{"@type":"ListItem","position":1,"name":"S\u0101kums","item":"https:\/\/micasa.lv\/lv\/micasa\/"},{"@type":"ListItem","position":2,"name":"Shop","item":"https:\/\/micasa.lv\/lv\/shop\/"},{"@type":"ListItem","position":3,"name":"Iek\u0161durvis Fancy Fiesta"}]},{"@type":"WebSite","@id":"https:\/\/micasa.lv\/lv\/#website","url":"https:\/\/micasa.lv\/lv\/","name":"Micasa","description":"","potentialAction":[{"@type":"SearchAction","target":{"@type":"EntryPoint","urlTemplate":"https:\/\/micasa.lv\/lv\/?s={search_term_string}"},"query-input":{"@type":"PropertyValueSpecification","valueRequired":true,"valueName":"search_term_string"}}],"inLanguage":"lv-LV"}]}},"wcpa_form_fields":null,"_links":{"self":[{"href":"https:\/\/micasa.lv\/lv\/wp-json\/wp\/v2\/product\/59910","targetHints":{"allow":["GET"]}}],"collection":[{"href":"https:\/\/micasa.lv\/lv\/wp-json\/wp\/v2\/product"}],"about":[{"href":"https:\/\/micasa.lv\/lv\/wp-json\/wp\/v2\/types\/product"}],"version-history":[{"count":0,"href":"https:\/\/micasa.lv\/lv\/wp-json\/wp\/v2\/product\/59910\/revisions"}],"wp:featuredmedia":[{"embeddable":true,"href":"https:\/\/micasa.lv\/lv\/wp-json\/wp\/v2\/media\/54390"}],"wp:attachment":[{"href":"https:\/\/micasa.lv\/lv\/wp-json\/wp\/v2\/media?parent=59910"}],"wp:term":[{"taxonomy":"product_brand","embeddable":true,"href":"https:\/\/micasa.lv\/lv\/wp-json\/wp\/v2\/product_brand?post=59910"},{"taxonomy":"product_cat","embeddable":true,"href":"https:\/\/micasa.lv\/lv\/wp-json\/wp\/v2\/product_cat?post=59910"},{"taxonomy":"product_tag","embeddable":true,"href":"https:\/\/micasa.lv\/lv\/wp-json\/wp\/v2\/product_tag?post=59910"}],"curies":[{"name":"wp","href":"https:\/\/api.w.org\/{rel}","templated":true}]}}