{"id":59913,"date":"2025-07-07T15:22:05","date_gmt":"2025-07-07T12:22:05","guid":{"rendered":"https:\/\/micasa.lv\/ieksdurvis-fancy-cube\/"},"modified":"2025-07-07T15:22:05","modified_gmt":"2025-07-07T12:22:05","slug":"ieksdurvis-fancy-cube","status":"publish","type":"product","link":"https:\/\/micasa.lv\/lv\/ieksdurvis-fancy-cube\/","title":{"rendered":"Iek\u0161durvis Fancy Cube"},"content":{"rendered":"","protected":false},"excerpt":{"rendered":"<p>Durvju v\u0113rtne<br \/>\nDurvju v\u0113rtnes biezums ir 40 mm, cauru\u013cveida pl\u0101ksnes pild\u012bjums, virsma ir \u016bdens b\u0101zes kr\u0101s\u0101 kr\u0101sota skaidu pl\u0101tne.<\/p>\n<p>Ornaments<br \/>\nFrez\u0113tas rievas.<\/p>\n<p>Durvju k\u0101rba<br \/>\nBiezums 42 mm, dzi\u013cums 68 vai 92 mm, kr\u0101sota ar \u016bdens b\u0101zes kr\u0101su, izgatavota no lamin\u0113t\u0101m un ar pirkstveida savienojumu savienot\u0101m lamel\u0113m.<\/p>\n<p>Slieksnis<br \/>\nP\u0113c izv\u0113les.<\/p>\n<p>Bl\u012bv\u0113jums<br \/>\nSilikona bl\u012bves durvju k\u0101rb\u0101.<\/p>\n<p>Sl\u0113dzene<br \/>\nAr groz\u0101mu m\u0113l\u012bti (lai var\u0113tu main\u012bt durvju atv\u0113r\u0161an\u0101s virzienu).<\/p>\n<p>E\u0146\u0123es<br \/>\nVertik\u0101li regul\u0113jamas, 2 gab.<\/p>\n<p>Piez\u012bmes<br \/>\nTeleskopiskais durvju r\u0101mis PLAZA un sl\u0113pt\u0101s e\u0146\u0123es att\u0113l\u0101 ir pieejamas k\u0101 papildapr\u012bkojums.<\/p>\n","protected":false},"featured_media":54378,"template":"","meta":[],"product_brand":[],"product_cat":[343,1951,1989,1991],"product_tag":[],"class_list":{"0":"post-59913","1":"product","2":"type-product","3":"status-publish","4":"has-post-thumbnail","6":"product_cat-durvis","7":"product_cat-ieksdurvis","8":"product_cat-koka-durvis","9":"product_cat-krasotas-durvis","10":"wcpa_has_options","12":"first","13":"instock","14":"taxable","15":"shipping-taxable","16":"purchasable","17":"product-type-simple"},"yoast_head":"<!-- This site is optimized with the Yoast SEO plugin v27.4 - https:\/\/yoast.com\/product\/yoast-seo-wordpress\/ -->\n<title>Iek\u0161durvis Fancy Cube - Micasa<\/title>\n<meta name=\"robots\" content=\"index, follow, max-snippet:-1, max-image-preview:large, max-video-preview:-1\" \/>\n<link rel=\"canonical\" href=\"https:\/\/micasa.lv\/lv\/ieksdurvis-fancy-cube\/\" \/>\n<meta property=\"og:locale\" content=\"lv_LV\" \/>\n<meta property=\"og:type\" content=\"article\" \/>\n<meta property=\"og:title\" content=\"Iek\u0161durvis Fancy Cube - Micasa\" \/>\n<meta property=\"og:description\" content=\"Durvju v\u0113rtne Durvju v\u0113rtnes biezums ir 40 mm, cauru\u013cveida pl\u0101ksnes pild\u012bjums, virsma ir \u016bdens b\u0101zes kr\u0101s\u0101 kr\u0101sota skaidu pl\u0101tne. Ornaments Frez\u0113tas rievas. Durvju k\u0101rba Biezums 42 mm, dzi\u013cums 68 vai 92 mm, kr\u0101sota ar \u016bdens b\u0101zes kr\u0101su, izgatavota no lamin\u0113t\u0101m un ar pirkstveida savienojumu savienot\u0101m lamel\u0113m. Slieksnis P\u0113c izv\u0113les. Bl\u012bv\u0113jums Silikona bl\u012bves durvju k\u0101rb\u0101. Sl\u0113dzene Ar groz\u0101mu m\u0113l\u012bti (lai var\u0113tu main\u012bt durvju atv\u0113r\u0161an\u0101s virzienu). E\u0146\u0123es Vertik\u0101li regul\u0113jamas, 2 gab. Piez\u012bmes Teleskopiskais durvju r\u0101mis PLAZA un sl\u0113pt\u0101s e\u0146\u0123es att\u0113l\u0101 ir pieejamas k\u0101 papildapr\u012bkojums.\" \/>\n<meta property=\"og:url\" content=\"https:\/\/micasa.lv\/lv\/ieksdurvis-fancy-cube\/\" \/>\n<meta property=\"og:site_name\" content=\"Micasa\" \/>\n<meta property=\"og:image\" content=\"https:\/\/micasa.lv\/wp-content\/uploads\/2025\/06\/fancy_cube.jpg\" \/>\n\t<meta property=\"og:image:width\" content=\"716\" \/>\n\t<meta property=\"og:image:height\" content=\"730\" \/>\n\t<meta property=\"og:image:type\" content=\"image\/jpeg\" \/>\n<meta name=\"twitter:card\" content=\"summary_large_image\" \/>\n<script type=\"application\/ld+json\" class=\"yoast-schema-graph\">{\"@context\":\"https:\\\/\\\/schema.org\",\"@graph\":[{\"@type\":\"WebPage\",\"@id\":\"https:\\\/\\\/micasa.lv\\\/lv\\\/ieksdurvis-fancy-cube\\\/\",\"url\":\"https:\\\/\\\/micasa.lv\\\/lv\\\/ieksdurvis-fancy-cube\\\/\",\"name\":\"Iek\u0161durvis Fancy Cube - Micasa\",\"isPartOf\":{\"@id\":\"https:\\\/\\\/micasa.lv\\\/lv\\\/#website\"},\"primaryImageOfPage\":{\"@id\":\"https:\\\/\\\/micasa.lv\\\/lv\\\/ieksdurvis-fancy-cube\\\/#primaryimage\"},\"image\":{\"@id\":\"https:\\\/\\\/micasa.lv\\\/lv\\\/ieksdurvis-fancy-cube\\\/#primaryimage\"},\"thumbnailUrl\":\"https:\\\/\\\/micasa.lv\\\/wp-content\\\/uploads\\\/2025\\\/06\\\/fancy_cube.jpg\",\"datePublished\":\"2025-07-07T12:22:05+00:00\",\"breadcrumb\":{\"@id\":\"https:\\\/\\\/micasa.lv\\\/lv\\\/ieksdurvis-fancy-cube\\\/#breadcrumb\"},\"inLanguage\":\"lv-LV\",\"potentialAction\":[{\"@type\":\"ReadAction\",\"target\":[\"https:\\\/\\\/micasa.lv\\\/lv\\\/ieksdurvis-fancy-cube\\\/\"]}]},{\"@type\":\"ImageObject\",\"inLanguage\":\"lv-LV\",\"@id\":\"https:\\\/\\\/micasa.lv\\\/lv\\\/ieksdurvis-fancy-cube\\\/#primaryimage\",\"url\":\"https:\\\/\\\/micasa.lv\\\/wp-content\\\/uploads\\\/2025\\\/06\\\/fancy_cube.jpg\",\"contentUrl\":\"https:\\\/\\\/micasa.lv\\\/wp-content\\\/uploads\\\/2025\\\/06\\\/fancy_cube.jpg\",\"width\":716,\"height\":730},{\"@type\":\"BreadcrumbList\",\"@id\":\"https:\\\/\\\/micasa.lv\\\/lv\\\/ieksdurvis-fancy-cube\\\/#breadcrumb\",\"itemListElement\":[{\"@type\":\"ListItem\",\"position\":1,\"name\":\"S\u0101kums\",\"item\":\"https:\\\/\\\/micasa.lv\\\/lv\\\/micasa\\\/\"},{\"@type\":\"ListItem\",\"position\":2,\"name\":\"Shop\",\"item\":\"https:\\\/\\\/micasa.lv\\\/lv\\\/shop\\\/\"},{\"@type\":\"ListItem\",\"position\":3,\"name\":\"Iek\u0161durvis Fancy Cube\"}]},{\"@type\":\"WebSite\",\"@id\":\"https:\\\/\\\/micasa.lv\\\/lv\\\/#website\",\"url\":\"https:\\\/\\\/micasa.lv\\\/lv\\\/\",\"name\":\"Micasa\",\"description\":\"\",\"potentialAction\":[{\"@type\":\"SearchAction\",\"target\":{\"@type\":\"EntryPoint\",\"urlTemplate\":\"https:\\\/\\\/micasa.lv\\\/lv\\\/?s={search_term_string}\"},\"query-input\":{\"@type\":\"PropertyValueSpecification\",\"valueRequired\":true,\"valueName\":\"search_term_string\"}}],\"inLanguage\":\"lv-LV\"}]}<\/script>\n<!-- \/ Yoast SEO plugin. -->","yoast_head_json":{"title":"Iek\u0161durvis Fancy Cube - Micasa","robots":{"index":"index","follow":"follow","max-snippet":"max-snippet:-1","max-image-preview":"max-image-preview:large","max-video-preview":"max-video-preview:-1"},"canonical":"https:\/\/micasa.lv\/lv\/ieksdurvis-fancy-cube\/","og_locale":"lv_LV","og_type":"article","og_title":"Iek\u0161durvis Fancy Cube - Micasa","og_description":"Durvju v\u0113rtne Durvju v\u0113rtnes biezums ir 40 mm, cauru\u013cveida pl\u0101ksnes pild\u012bjums, virsma ir \u016bdens b\u0101zes kr\u0101s\u0101 kr\u0101sota skaidu pl\u0101tne. Ornaments Frez\u0113tas rievas. Durvju k\u0101rba Biezums 42 mm, dzi\u013cums 68 vai 92 mm, kr\u0101sota ar \u016bdens b\u0101zes kr\u0101su, izgatavota no lamin\u0113t\u0101m un ar pirkstveida savienojumu savienot\u0101m lamel\u0113m. Slieksnis P\u0113c izv\u0113les. Bl\u012bv\u0113jums Silikona bl\u012bves durvju k\u0101rb\u0101. Sl\u0113dzene Ar groz\u0101mu m\u0113l\u012bti (lai var\u0113tu main\u012bt durvju atv\u0113r\u0161an\u0101s virzienu). E\u0146\u0123es Vertik\u0101li regul\u0113jamas, 2 gab. Piez\u012bmes Teleskopiskais durvju r\u0101mis PLAZA un sl\u0113pt\u0101s e\u0146\u0123es att\u0113l\u0101 ir pieejamas k\u0101 papildapr\u012bkojums.","og_url":"https:\/\/micasa.lv\/lv\/ieksdurvis-fancy-cube\/","og_site_name":"Micasa","og_image":[{"width":716,"height":730,"url":"https:\/\/micasa.lv\/wp-content\/uploads\/2025\/06\/fancy_cube.jpg","type":"image\/jpeg"}],"twitter_card":"summary_large_image","schema":{"@context":"https:\/\/schema.org","@graph":[{"@type":"WebPage","@id":"https:\/\/micasa.lv\/lv\/ieksdurvis-fancy-cube\/","url":"https:\/\/micasa.lv\/lv\/ieksdurvis-fancy-cube\/","name":"Iek\u0161durvis Fancy Cube - Micasa","isPartOf":{"@id":"https:\/\/micasa.lv\/lv\/#website"},"primaryImageOfPage":{"@id":"https:\/\/micasa.lv\/lv\/ieksdurvis-fancy-cube\/#primaryimage"},"image":{"@id":"https:\/\/micasa.lv\/lv\/ieksdurvis-fancy-cube\/#primaryimage"},"thumbnailUrl":"https:\/\/micasa.lv\/wp-content\/uploads\/2025\/06\/fancy_cube.jpg","datePublished":"2025-07-07T12:22:05+00:00","breadcrumb":{"@id":"https:\/\/micasa.lv\/lv\/ieksdurvis-fancy-cube\/#breadcrumb"},"inLanguage":"lv-LV","potentialAction":[{"@type":"ReadAction","target":["https:\/\/micasa.lv\/lv\/ieksdurvis-fancy-cube\/"]}]},{"@type":"ImageObject","inLanguage":"lv-LV","@id":"https:\/\/micasa.lv\/lv\/ieksdurvis-fancy-cube\/#primaryimage","url":"https:\/\/micasa.lv\/wp-content\/uploads\/2025\/06\/fancy_cube.jpg","contentUrl":"https:\/\/micasa.lv\/wp-content\/uploads\/2025\/06\/fancy_cube.jpg","width":716,"height":730},{"@type":"BreadcrumbList","@id":"https:\/\/micasa.lv\/lv\/ieksdurvis-fancy-cube\/#breadcrumb","itemListElement":[{"@type":"ListItem","position":1,"name":"S\u0101kums","item":"https:\/\/micasa.lv\/lv\/micasa\/"},{"@type":"ListItem","position":2,"name":"Shop","item":"https:\/\/micasa.lv\/lv\/shop\/"},{"@type":"ListItem","position":3,"name":"Iek\u0161durvis Fancy Cube"}]},{"@type":"WebSite","@id":"https:\/\/micasa.lv\/lv\/#website","url":"https:\/\/micasa.lv\/lv\/","name":"Micasa","description":"","potentialAction":[{"@type":"SearchAction","target":{"@type":"EntryPoint","urlTemplate":"https:\/\/micasa.lv\/lv\/?s={search_term_string}"},"query-input":{"@type":"PropertyValueSpecification","valueRequired":true,"valueName":"search_term_string"}}],"inLanguage":"lv-LV"}]}},"wcpa_form_fields":null,"_links":{"self":[{"href":"https:\/\/micasa.lv\/lv\/wp-json\/wp\/v2\/product\/59913","targetHints":{"allow":["GET"]}}],"collection":[{"href":"https:\/\/micasa.lv\/lv\/wp-json\/wp\/v2\/product"}],"about":[{"href":"https:\/\/micasa.lv\/lv\/wp-json\/wp\/v2\/types\/product"}],"version-history":[{"count":0,"href":"https:\/\/micasa.lv\/lv\/wp-json\/wp\/v2\/product\/59913\/revisions"}],"wp:featuredmedia":[{"embeddable":true,"href":"https:\/\/micasa.lv\/lv\/wp-json\/wp\/v2\/media\/54378"}],"wp:attachment":[{"href":"https:\/\/micasa.lv\/lv\/wp-json\/wp\/v2\/media?parent=59913"}],"wp:term":[{"taxonomy":"product_brand","embeddable":true,"href":"https:\/\/micasa.lv\/lv\/wp-json\/wp\/v2\/product_brand?post=59913"},{"taxonomy":"product_cat","embeddable":true,"href":"https:\/\/micasa.lv\/lv\/wp-json\/wp\/v2\/product_cat?post=59913"},{"taxonomy":"product_tag","embeddable":true,"href":"https:\/\/micasa.lv\/lv\/wp-json\/wp\/v2\/product_tag?post=59913"}],"curies":[{"name":"wp","href":"https:\/\/api.w.org\/{rel}","templated":true}]}}