{"id":60582,"date":"2025-09-09T17:22:10","date_gmt":"2025-09-09T15:22:10","guid":{"rendered":"https:\/\/micasa.lv\/durvju-atdure-wall-cross-buster-punch\/"},"modified":"2025-09-09T17:22:10","modified_gmt":"2025-09-09T14:22:10","slug":"durvju-atdure-wall-cross-buster-punch","status":"publish","type":"product","link":"https:\/\/micasa.lv\/lv\/durvju-atdure-wall-cross-buster-punch\/","title":{"rendered":"Durvju atdure \/ Wall \/ Cross Buster + Punch"},"content":{"rendered":"<p>Pie sienas stiprin\u0101ms durvju atduris, kas izgatavots no cieta met\u0101la. Tam ir m\u016bsu rakstur\u012bgais dimanta griezuma \u0161\u0137\u0113rsvirziena rievojums. Produkts ir pabeigts ar \u2018B+P\u2019 z\u012bmola melnu gumijas uzliku. <\/p>\n","protected":false},"excerpt":{"rendered":"<p>Pie sienas stiprin\u0101ms durvju atduris, kas izgatavots no cieta met\u0101la. Tam ir m\u016bsu rakstur\u012bgais dimanta griezuma \u0161\u0137\u0113rsvirziena rievojums. Produkts ir<\/p>\n","protected":false},"featured_media":60552,"template":"","meta":[],"product_brand":[],"product_cat":[3783,1869],"product_tag":[],"class_list":{"0":"post-60582","1":"product","2":"type-product","3":"status-publish","4":"has-post-thumbnail","6":"product_cat-buster-and-punch","7":"product_cat-durvju-atdure","8":"pa_brand-buster-punch-lv","10":"first","11":"instock","12":"taxable","13":"shipping-taxable","14":"purchasable","15":"product-type-variable"},"yoast_head":"<!-- This site is optimized with the Yoast SEO plugin v27.4 - https:\/\/yoast.com\/product\/yoast-seo-wordpress\/ -->\n<title>Durvju atdure \/ Wall \/ Cross Buster + Punch - Micasa<\/title>\n<meta name=\"robots\" content=\"index, follow, max-snippet:-1, max-image-preview:large, max-video-preview:-1\" \/>\n<link rel=\"canonical\" href=\"https:\/\/micasa.lv\/lv\/durvju-atdure-wall-cross-buster-punch\/\" \/>\n<meta property=\"og:locale\" content=\"lv_LV\" \/>\n<meta property=\"og:type\" content=\"article\" \/>\n<meta property=\"og:title\" content=\"Durvju atdure \/ Wall \/ Cross Buster + Punch - Micasa\" \/>\n<meta property=\"og:description\" content=\"Pie sienas stiprin\u0101ms durvju atduris, kas izgatavots no cieta met\u0101la. Tam ir m\u016bsu rakstur\u012bgais dimanta griezuma \u0161\u0137\u0113rsvirziena rievojums. Produkts ir\" \/>\n<meta property=\"og:url\" content=\"https:\/\/micasa.lv\/lv\/durvju-atdure-wall-cross-buster-punch\/\" \/>\n<meta property=\"og:site_name\" content=\"Micasa\" \/>\n<meta property=\"og:image\" content=\"https:\/\/micasa.lv\/wp-content\/uploads\/2025\/09\/wall_cross_smoked_bronze.webp\" \/>\n\t<meta property=\"og:image:width\" content=\"1000\" \/>\n\t<meta property=\"og:image:height\" content=\"1000\" \/>\n\t<meta property=\"og:image:type\" content=\"image\/webp\" \/>\n<meta name=\"twitter:card\" content=\"summary_large_image\" \/>\n<script type=\"application\/ld+json\" class=\"yoast-schema-graph\">{\"@context\":\"https:\\\/\\\/schema.org\",\"@graph\":[{\"@type\":\"WebPage\",\"@id\":\"https:\\\/\\\/micasa.lv\\\/lv\\\/durvju-atdure-wall-cross-buster-punch\\\/\",\"url\":\"https:\\\/\\\/micasa.lv\\\/lv\\\/durvju-atdure-wall-cross-buster-punch\\\/\",\"name\":\"Durvju atdure \\\/ Wall \\\/ Cross Buster + Punch - Micasa\",\"isPartOf\":{\"@id\":\"https:\\\/\\\/micasa.lv\\\/lv\\\/#website\"},\"primaryImageOfPage\":{\"@id\":\"https:\\\/\\\/micasa.lv\\\/lv\\\/durvju-atdure-wall-cross-buster-punch\\\/#primaryimage\"},\"image\":{\"@id\":\"https:\\\/\\\/micasa.lv\\\/lv\\\/durvju-atdure-wall-cross-buster-punch\\\/#primaryimage\"},\"thumbnailUrl\":\"https:\\\/\\\/micasa.lv\\\/wp-content\\\/uploads\\\/2025\\\/09\\\/wall_cross_smoked_bronze.webp\",\"datePublished\":\"2025-09-09T15:22:10+00:00\",\"breadcrumb\":{\"@id\":\"https:\\\/\\\/micasa.lv\\\/lv\\\/durvju-atdure-wall-cross-buster-punch\\\/#breadcrumb\"},\"inLanguage\":\"lv-LV\",\"potentialAction\":[{\"@type\":\"ReadAction\",\"target\":[\"https:\\\/\\\/micasa.lv\\\/lv\\\/durvju-atdure-wall-cross-buster-punch\\\/\"]}]},{\"@type\":\"ImageObject\",\"inLanguage\":\"lv-LV\",\"@id\":\"https:\\\/\\\/micasa.lv\\\/lv\\\/durvju-atdure-wall-cross-buster-punch\\\/#primaryimage\",\"url\":\"https:\\\/\\\/micasa.lv\\\/wp-content\\\/uploads\\\/2025\\\/09\\\/wall_cross_smoked_bronze.webp\",\"contentUrl\":\"https:\\\/\\\/micasa.lv\\\/wp-content\\\/uploads\\\/2025\\\/09\\\/wall_cross_smoked_bronze.webp\",\"width\":1000,\"height\":1000},{\"@type\":\"BreadcrumbList\",\"@id\":\"https:\\\/\\\/micasa.lv\\\/lv\\\/durvju-atdure-wall-cross-buster-punch\\\/#breadcrumb\",\"itemListElement\":[{\"@type\":\"ListItem\",\"position\":1,\"name\":\"S\u0101kums\",\"item\":\"https:\\\/\\\/micasa.lv\\\/lv\\\/micasa\\\/\"},{\"@type\":\"ListItem\",\"position\":2,\"name\":\"Shop\",\"item\":\"https:\\\/\\\/micasa.lv\\\/lv\\\/shop\\\/\"},{\"@type\":\"ListItem\",\"position\":3,\"name\":\"Durvju atdure \\\/ Wall \\\/ Cross Buster + Punch\"}]},{\"@type\":\"WebSite\",\"@id\":\"https:\\\/\\\/micasa.lv\\\/lv\\\/#website\",\"url\":\"https:\\\/\\\/micasa.lv\\\/lv\\\/\",\"name\":\"Micasa\",\"description\":\"\",\"potentialAction\":[{\"@type\":\"SearchAction\",\"target\":{\"@type\":\"EntryPoint\",\"urlTemplate\":\"https:\\\/\\\/micasa.lv\\\/lv\\\/?s={search_term_string}\"},\"query-input\":{\"@type\":\"PropertyValueSpecification\",\"valueRequired\":true,\"valueName\":\"search_term_string\"}}],\"inLanguage\":\"lv-LV\"}]}<\/script>\n<!-- \/ Yoast SEO plugin. -->","yoast_head_json":{"title":"Durvju atdure \/ Wall \/ Cross Buster + Punch - Micasa","robots":{"index":"index","follow":"follow","max-snippet":"max-snippet:-1","max-image-preview":"max-image-preview:large","max-video-preview":"max-video-preview:-1"},"canonical":"https:\/\/micasa.lv\/lv\/durvju-atdure-wall-cross-buster-punch\/","og_locale":"lv_LV","og_type":"article","og_title":"Durvju atdure \/ Wall \/ Cross Buster + Punch - Micasa","og_description":"Pie sienas stiprin\u0101ms durvju atduris, kas izgatavots no cieta met\u0101la. Tam ir m\u016bsu rakstur\u012bgais dimanta griezuma \u0161\u0137\u0113rsvirziena rievojums. Produkts ir","og_url":"https:\/\/micasa.lv\/lv\/durvju-atdure-wall-cross-buster-punch\/","og_site_name":"Micasa","og_image":[{"width":1000,"height":1000,"url":"https:\/\/micasa.lv\/wp-content\/uploads\/2025\/09\/wall_cross_smoked_bronze.webp","type":"image\/webp"}],"twitter_card":"summary_large_image","schema":{"@context":"https:\/\/schema.org","@graph":[{"@type":"WebPage","@id":"https:\/\/micasa.lv\/lv\/durvju-atdure-wall-cross-buster-punch\/","url":"https:\/\/micasa.lv\/lv\/durvju-atdure-wall-cross-buster-punch\/","name":"Durvju atdure \/ Wall \/ Cross Buster + Punch - Micasa","isPartOf":{"@id":"https:\/\/micasa.lv\/lv\/#website"},"primaryImageOfPage":{"@id":"https:\/\/micasa.lv\/lv\/durvju-atdure-wall-cross-buster-punch\/#primaryimage"},"image":{"@id":"https:\/\/micasa.lv\/lv\/durvju-atdure-wall-cross-buster-punch\/#primaryimage"},"thumbnailUrl":"https:\/\/micasa.lv\/wp-content\/uploads\/2025\/09\/wall_cross_smoked_bronze.webp","datePublished":"2025-09-09T15:22:10+00:00","breadcrumb":{"@id":"https:\/\/micasa.lv\/lv\/durvju-atdure-wall-cross-buster-punch\/#breadcrumb"},"inLanguage":"lv-LV","potentialAction":[{"@type":"ReadAction","target":["https:\/\/micasa.lv\/lv\/durvju-atdure-wall-cross-buster-punch\/"]}]},{"@type":"ImageObject","inLanguage":"lv-LV","@id":"https:\/\/micasa.lv\/lv\/durvju-atdure-wall-cross-buster-punch\/#primaryimage","url":"https:\/\/micasa.lv\/wp-content\/uploads\/2025\/09\/wall_cross_smoked_bronze.webp","contentUrl":"https:\/\/micasa.lv\/wp-content\/uploads\/2025\/09\/wall_cross_smoked_bronze.webp","width":1000,"height":1000},{"@type":"BreadcrumbList","@id":"https:\/\/micasa.lv\/lv\/durvju-atdure-wall-cross-buster-punch\/#breadcrumb","itemListElement":[{"@type":"ListItem","position":1,"name":"S\u0101kums","item":"https:\/\/micasa.lv\/lv\/micasa\/"},{"@type":"ListItem","position":2,"name":"Shop","item":"https:\/\/micasa.lv\/lv\/shop\/"},{"@type":"ListItem","position":3,"name":"Durvju atdure \/ Wall \/ Cross Buster + Punch"}]},{"@type":"WebSite","@id":"https:\/\/micasa.lv\/lv\/#website","url":"https:\/\/micasa.lv\/lv\/","name":"Micasa","description":"","potentialAction":[{"@type":"SearchAction","target":{"@type":"EntryPoint","urlTemplate":"https:\/\/micasa.lv\/lv\/?s={search_term_string}"},"query-input":{"@type":"PropertyValueSpecification","valueRequired":true,"valueName":"search_term_string"}}],"inLanguage":"lv-LV"}]}},"wcpa_form_fields":null,"_links":{"self":[{"href":"https:\/\/micasa.lv\/lv\/wp-json\/wp\/v2\/product\/60582","targetHints":{"allow":["GET"]}}],"collection":[{"href":"https:\/\/micasa.lv\/lv\/wp-json\/wp\/v2\/product"}],"about":[{"href":"https:\/\/micasa.lv\/lv\/wp-json\/wp\/v2\/types\/product"}],"version-history":[{"count":0,"href":"https:\/\/micasa.lv\/lv\/wp-json\/wp\/v2\/product\/60582\/revisions"}],"wp:featuredmedia":[{"embeddable":true,"href":"https:\/\/micasa.lv\/lv\/wp-json\/wp\/v2\/media\/60552"}],"wp:attachment":[{"href":"https:\/\/micasa.lv\/lv\/wp-json\/wp\/v2\/media?parent=60582"}],"wp:term":[{"taxonomy":"product_brand","embeddable":true,"href":"https:\/\/micasa.lv\/lv\/wp-json\/wp\/v2\/product_brand?post=60582"},{"taxonomy":"product_cat","embeddable":true,"href":"https:\/\/micasa.lv\/lv\/wp-json\/wp\/v2\/product_cat?post=60582"},{"taxonomy":"product_tag","embeddable":true,"href":"https:\/\/micasa.lv\/lv\/wp-json\/wp\/v2\/product_tag?post=60582"}],"curies":[{"name":"wp","href":"https:\/\/api.w.org\/{rel}","templated":true}]}}