{"id":60737,"date":"2025-09-15T12:56:27","date_gmt":"2025-09-15T10:56:27","guid":{"rendered":"https:\/\/micasa.lv\/piekaramais-gaismeklis-heavy-metal-cross-buster-punch\/"},"modified":"2025-09-15T13:04:59","modified_gmt":"2025-09-15T10:04:59","slug":"piekaramais-gaismeklis-heavy-metal-cross-buster-punch","status":"publish","type":"product","link":"https:\/\/micasa.lv\/lv\/piekaramais-gaismeklis-heavy-metal-cross-buster-punch\/","title":{"rendered":"Piekaramais gaismeklis Heavy Metal \/ Cross Buster + Punch"},"content":{"rendered":"<p>Piekaramais gaismeklis, kas izgatavots no cieta met\u0101la un kam ir m\u016bsu rakstur\u012bgais, ar dimantu izgrieztais krusteniskais grop\u0113jums. \u0160is gaismeklis komplekt\u0101 ietver mat\u0113tu melnu gumijas vadu un mat\u0113tu melnu met\u0101la griestu rozeti.  <strong>Lieto\u0161anai ar E27 spuldz\u0113m \u2014 vislab\u0101k izskat\u0101s kop\u0101 ar B+P Buster Bulbs, kas tiek p\u0101rdotas atsevi\u0161\u0137i.<\/strong><\/p>\n<p>SPECIFIK\u0100CIJAS<br \/>\n <br \/>E27 ligzda<br \/>\n200-240V<br \/>\nIP20<br \/>\nMaksim\u0101l\u0101 spuld\u017eu jauda 40W<br \/>\n<strong>Spuldzes p\u0101rdodamas atsevi\u0161\u0137i.<\/strong><\/p>\n<p>IEPAKOJUM\u0100 IETILPST<br \/>1x Heavy Metal Light<br \/>\n2x koka skr\u016bve<br \/>\n2x plastmasas d\u012bbelis*<br \/>\n1x papildu gumijas uzgalis<\/p>\n","protected":false},"excerpt":{"rendered":"<p>Piekaramais gaismeklis, kas izgatavots no cieta met\u0101la un kam ir m\u016bsu rakstur\u012bgais, ar dimantu izgrieztais krusteniskais grop\u0113jums. \u0160is gaismeklis komplekt\u0101<\/p>\n","protected":false},"featured_media":60709,"template":"","meta":[],"product_brand":[],"product_cat":[3783,3689],"product_tag":[],"class_list":{"0":"post-60737","1":"product","2":"type-product","3":"status-publish","4":"has-post-thumbnail","6":"product_cat-buster-and-punch","7":"product_cat-piekaramie-gaismekli","8":"pa_brand-buster-punch-lv","10":"first","11":"instock","12":"taxable","13":"shipping-taxable","14":"purchasable","15":"product-type-variable"},"yoast_head":"<!-- This site is optimized with the Yoast SEO plugin v27.4 - https:\/\/yoast.com\/product\/yoast-seo-wordpress\/ -->\n<title>Piekaramais gaismeklis Heavy Metal \/ Cross Buster + Punch - Micasa<\/title>\n<meta name=\"robots\" content=\"index, follow, max-snippet:-1, max-image-preview:large, max-video-preview:-1\" \/>\n<link rel=\"canonical\" href=\"https:\/\/micasa.lv\/lv\/piekaramais-gaismeklis-heavy-metal-cross-buster-punch\/\" \/>\n<meta property=\"og:locale\" content=\"lv_LV\" \/>\n<meta property=\"og:type\" content=\"article\" \/>\n<meta property=\"og:title\" content=\"Piekaramais gaismeklis Heavy Metal \/ Cross Buster + Punch - Micasa\" \/>\n<meta property=\"og:description\" content=\"Piekaramais gaismeklis, kas izgatavots no cieta met\u0101la un kam ir m\u016bsu rakstur\u012bgais, ar dimantu izgrieztais krusteniskais grop\u0113jums. \u0160is gaismeklis komplekt\u0101\" \/>\n<meta property=\"og:url\" content=\"https:\/\/micasa.lv\/lv\/piekaramais-gaismeklis-heavy-metal-cross-buster-punch\/\" \/>\n<meta property=\"og:site_name\" content=\"Micasa\" \/>\n<meta property=\"og:image\" content=\"https:\/\/micasa.lv\/wp-content\/uploads\/2025\/09\/heavy_metal_cross_steel.webp\" \/>\n\t<meta property=\"og:image:width\" content=\"1000\" \/>\n\t<meta property=\"og:image:height\" content=\"1000\" \/>\n\t<meta property=\"og:image:type\" content=\"image\/webp\" \/>\n<meta name=\"twitter:card\" content=\"summary_large_image\" \/>\n<script type=\"application\/ld+json\" class=\"yoast-schema-graph\">{\"@context\":\"https:\\\/\\\/schema.org\",\"@graph\":[{\"@type\":\"WebPage\",\"@id\":\"https:\\\/\\\/micasa.lv\\\/lv\\\/piekaramais-gaismeklis-heavy-metal-cross-buster-punch\\\/\",\"url\":\"https:\\\/\\\/micasa.lv\\\/lv\\\/piekaramais-gaismeklis-heavy-metal-cross-buster-punch\\\/\",\"name\":\"Piekaramais gaismeklis Heavy Metal \\\/ Cross Buster + Punch - Micasa\",\"isPartOf\":{\"@id\":\"https:\\\/\\\/micasa.lv\\\/lv\\\/#website\"},\"primaryImageOfPage\":{\"@id\":\"https:\\\/\\\/micasa.lv\\\/lv\\\/piekaramais-gaismeklis-heavy-metal-cross-buster-punch\\\/#primaryimage\"},\"image\":{\"@id\":\"https:\\\/\\\/micasa.lv\\\/lv\\\/piekaramais-gaismeklis-heavy-metal-cross-buster-punch\\\/#primaryimage\"},\"thumbnailUrl\":\"https:\\\/\\\/micasa.lv\\\/wp-content\\\/uploads\\\/2025\\\/09\\\/heavy_metal_cross_steel.webp\",\"datePublished\":\"2025-09-15T10:56:27+00:00\",\"breadcrumb\":{\"@id\":\"https:\\\/\\\/micasa.lv\\\/lv\\\/piekaramais-gaismeklis-heavy-metal-cross-buster-punch\\\/#breadcrumb\"},\"inLanguage\":\"lv-LV\",\"potentialAction\":[{\"@type\":\"ReadAction\",\"target\":[\"https:\\\/\\\/micasa.lv\\\/lv\\\/piekaramais-gaismeklis-heavy-metal-cross-buster-punch\\\/\"]}]},{\"@type\":\"ImageObject\",\"inLanguage\":\"lv-LV\",\"@id\":\"https:\\\/\\\/micasa.lv\\\/lv\\\/piekaramais-gaismeklis-heavy-metal-cross-buster-punch\\\/#primaryimage\",\"url\":\"https:\\\/\\\/micasa.lv\\\/wp-content\\\/uploads\\\/2025\\\/09\\\/heavy_metal_cross_steel.webp\",\"contentUrl\":\"https:\\\/\\\/micasa.lv\\\/wp-content\\\/uploads\\\/2025\\\/09\\\/heavy_metal_cross_steel.webp\",\"width\":1000,\"height\":1000},{\"@type\":\"BreadcrumbList\",\"@id\":\"https:\\\/\\\/micasa.lv\\\/lv\\\/piekaramais-gaismeklis-heavy-metal-cross-buster-punch\\\/#breadcrumb\",\"itemListElement\":[{\"@type\":\"ListItem\",\"position\":1,\"name\":\"S\u0101kums\",\"item\":\"https:\\\/\\\/micasa.lv\\\/lv\\\/micasa\\\/\"},{\"@type\":\"ListItem\",\"position\":2,\"name\":\"Shop\",\"item\":\"https:\\\/\\\/micasa.lv\\\/lv\\\/shop\\\/\"},{\"@type\":\"ListItem\",\"position\":3,\"name\":\"Piekaramais gaismeklis Heavy Metal \\\/ Cross Buster + Punch\"}]},{\"@type\":\"WebSite\",\"@id\":\"https:\\\/\\\/micasa.lv\\\/lv\\\/#website\",\"url\":\"https:\\\/\\\/micasa.lv\\\/lv\\\/\",\"name\":\"Micasa\",\"description\":\"\",\"potentialAction\":[{\"@type\":\"SearchAction\",\"target\":{\"@type\":\"EntryPoint\",\"urlTemplate\":\"https:\\\/\\\/micasa.lv\\\/lv\\\/?s={search_term_string}\"},\"query-input\":{\"@type\":\"PropertyValueSpecification\",\"valueRequired\":true,\"valueName\":\"search_term_string\"}}],\"inLanguage\":\"lv-LV\"}]}<\/script>\n<!-- \/ Yoast SEO plugin. -->","yoast_head_json":{"title":"Piekaramais gaismeklis Heavy Metal \/ Cross Buster + Punch - Micasa","robots":{"index":"index","follow":"follow","max-snippet":"max-snippet:-1","max-image-preview":"max-image-preview:large","max-video-preview":"max-video-preview:-1"},"canonical":"https:\/\/micasa.lv\/lv\/piekaramais-gaismeklis-heavy-metal-cross-buster-punch\/","og_locale":"lv_LV","og_type":"article","og_title":"Piekaramais gaismeklis Heavy Metal \/ Cross Buster + Punch - Micasa","og_description":"Piekaramais gaismeklis, kas izgatavots no cieta met\u0101la un kam ir m\u016bsu rakstur\u012bgais, ar dimantu izgrieztais krusteniskais grop\u0113jums. \u0160is gaismeklis komplekt\u0101","og_url":"https:\/\/micasa.lv\/lv\/piekaramais-gaismeklis-heavy-metal-cross-buster-punch\/","og_site_name":"Micasa","og_image":[{"width":1000,"height":1000,"url":"https:\/\/micasa.lv\/wp-content\/uploads\/2025\/09\/heavy_metal_cross_steel.webp","type":"image\/webp"}],"twitter_card":"summary_large_image","schema":{"@context":"https:\/\/schema.org","@graph":[{"@type":"WebPage","@id":"https:\/\/micasa.lv\/lv\/piekaramais-gaismeklis-heavy-metal-cross-buster-punch\/","url":"https:\/\/micasa.lv\/lv\/piekaramais-gaismeklis-heavy-metal-cross-buster-punch\/","name":"Piekaramais gaismeklis Heavy Metal \/ Cross Buster + Punch - Micasa","isPartOf":{"@id":"https:\/\/micasa.lv\/lv\/#website"},"primaryImageOfPage":{"@id":"https:\/\/micasa.lv\/lv\/piekaramais-gaismeklis-heavy-metal-cross-buster-punch\/#primaryimage"},"image":{"@id":"https:\/\/micasa.lv\/lv\/piekaramais-gaismeklis-heavy-metal-cross-buster-punch\/#primaryimage"},"thumbnailUrl":"https:\/\/micasa.lv\/wp-content\/uploads\/2025\/09\/heavy_metal_cross_steel.webp","datePublished":"2025-09-15T10:56:27+00:00","breadcrumb":{"@id":"https:\/\/micasa.lv\/lv\/piekaramais-gaismeklis-heavy-metal-cross-buster-punch\/#breadcrumb"},"inLanguage":"lv-LV","potentialAction":[{"@type":"ReadAction","target":["https:\/\/micasa.lv\/lv\/piekaramais-gaismeklis-heavy-metal-cross-buster-punch\/"]}]},{"@type":"ImageObject","inLanguage":"lv-LV","@id":"https:\/\/micasa.lv\/lv\/piekaramais-gaismeklis-heavy-metal-cross-buster-punch\/#primaryimage","url":"https:\/\/micasa.lv\/wp-content\/uploads\/2025\/09\/heavy_metal_cross_steel.webp","contentUrl":"https:\/\/micasa.lv\/wp-content\/uploads\/2025\/09\/heavy_metal_cross_steel.webp","width":1000,"height":1000},{"@type":"BreadcrumbList","@id":"https:\/\/micasa.lv\/lv\/piekaramais-gaismeklis-heavy-metal-cross-buster-punch\/#breadcrumb","itemListElement":[{"@type":"ListItem","position":1,"name":"S\u0101kums","item":"https:\/\/micasa.lv\/lv\/micasa\/"},{"@type":"ListItem","position":2,"name":"Shop","item":"https:\/\/micasa.lv\/lv\/shop\/"},{"@type":"ListItem","position":3,"name":"Piekaramais gaismeklis Heavy Metal \/ Cross Buster + Punch"}]},{"@type":"WebSite","@id":"https:\/\/micasa.lv\/lv\/#website","url":"https:\/\/micasa.lv\/lv\/","name":"Micasa","description":"","potentialAction":[{"@type":"SearchAction","target":{"@type":"EntryPoint","urlTemplate":"https:\/\/micasa.lv\/lv\/?s={search_term_string}"},"query-input":{"@type":"PropertyValueSpecification","valueRequired":true,"valueName":"search_term_string"}}],"inLanguage":"lv-LV"}]}},"wcpa_form_fields":null,"_links":{"self":[{"href":"https:\/\/micasa.lv\/lv\/wp-json\/wp\/v2\/product\/60737","targetHints":{"allow":["GET"]}}],"collection":[{"href":"https:\/\/micasa.lv\/lv\/wp-json\/wp\/v2\/product"}],"about":[{"href":"https:\/\/micasa.lv\/lv\/wp-json\/wp\/v2\/types\/product"}],"version-history":[{"count":1,"href":"https:\/\/micasa.lv\/lv\/wp-json\/wp\/v2\/product\/60737\/revisions"}],"predecessor-version":[{"id":60747,"href":"https:\/\/micasa.lv\/lv\/wp-json\/wp\/v2\/product\/60737\/revisions\/60747"}],"wp:featuredmedia":[{"embeddable":true,"href":"https:\/\/micasa.lv\/lv\/wp-json\/wp\/v2\/media\/60709"}],"wp:attachment":[{"href":"https:\/\/micasa.lv\/lv\/wp-json\/wp\/v2\/media?parent=60737"}],"wp:term":[{"taxonomy":"product_brand","embeddable":true,"href":"https:\/\/micasa.lv\/lv\/wp-json\/wp\/v2\/product_brand?post=60737"},{"taxonomy":"product_cat","embeddable":true,"href":"https:\/\/micasa.lv\/lv\/wp-json\/wp\/v2\/product_cat?post=60737"},{"taxonomy":"product_tag","embeddable":true,"href":"https:\/\/micasa.lv\/lv\/wp-json\/wp\/v2\/product_tag?post=60737"}],"curies":[{"name":"wp","href":"https:\/\/api.w.org\/{rel}","templated":true}]}}