{"id":60856,"date":"2025-09-15T14:33:32","date_gmt":"2025-09-15T12:33:32","guid":{"rendered":"https:\/\/micasa.lv\/piekaramais-gaismeklis-hooked-3-0-nude-cross-buster-punch\/"},"modified":"2025-09-15T14:33:32","modified_gmt":"2025-09-15T11:33:32","slug":"piekaramais-gaismeklis-hooked-3-0-nude-cross-buster-punch","status":"publish","type":"product","link":"https:\/\/micasa.lv\/lv\/piekaramais-gaismeklis-hooked-3-0-nude-cross-buster-punch\/","title":{"rendered":"Piekaramais gaismeklis Hooked 3.0 \/ Nude \/ Cross Buster + Punch"},"content":{"rendered":"<p>Griestu gaismeklis ar trim piekariem, kas izgatavots no cieta met\u0101la ar mat\u0113tas gumijas deta\u013c\u0101m. Katra piekara garumu var regul\u0113t un iek\u0101rt uz cieta met\u0101la \u0101\u0137a, nodro\u0161inot unik\u0101lu skulptur\u0101lu formu. Buster + Punch pied\u0101v\u0101 spuldzes, kas lieliski izskat\u0101s ar \u0161o gaismekli un tiek p\u0101rdotas atsevi\u0161\u0137i.  <\/p>\n<p>&nbsp;<\/p>\n<p>SPECIFIK\u0100CIJAS<br \/>Griestu piekaramais gaismeklis<br \/>\n3 cieti met\u0101la spuld\u017eu tur\u0113t\u0101ji<br \/>\n3 cieti met\u0101la \u0101\u0137i<br \/>\nE27 \/ 200-240V \/ IP20<br \/>\nMaksim\u0101li 3 x 40W spuldzes<br \/>\nSpuldzes p\u0101rdodamas atsevi\u0161\u0137i<br \/>\nCE 1. klases apstiprin\u0101jums<\/p>\n<p>Iepakojum\u0101 ietilpst<br \/>\n <br \/>1 x piekaramais gaismeklis ar \u0101\u0137i<br \/>\n3 x cieta met\u0101la M5 \u0101\u0137i<br \/>\nLai piestiprin\u0101tu \u0101\u0137i pie griestiem vai sienas, izmantojiet M5 sienas d\u012bbeli.<\/p>\n","protected":false},"excerpt":{"rendered":"<p>Griestu gaismeklis ar trim piekariem, kas izgatavots no cieta met\u0101la ar mat\u0113tas gumijas deta\u013c\u0101m. Katra piekara garumu var regul\u0113t un<\/p>\n","protected":false},"featured_media":60820,"template":"","meta":[],"product_brand":[],"product_cat":[3783,3689],"product_tag":[],"class_list":{"0":"post-60856","1":"product","2":"type-product","3":"status-publish","4":"has-post-thumbnail","6":"product_cat-buster-and-punch","7":"product_cat-piekaramie-gaismekli","8":"pa_brand-buster-punch-lv","10":"first","11":"instock","12":"taxable","13":"shipping-taxable","14":"purchasable","15":"product-type-variable"},"yoast_head":"<!-- This site is optimized with the Yoast SEO plugin v27.4 - https:\/\/yoast.com\/product\/yoast-seo-wordpress\/ -->\n<title>Piekaramais gaismeklis Hooked 3.0 \/ Nude \/ Cross Buster + Punch - Micasa<\/title>\n<meta name=\"robots\" content=\"index, follow, max-snippet:-1, max-image-preview:large, max-video-preview:-1\" \/>\n<link rel=\"canonical\" href=\"https:\/\/micasa.lv\/lv\/piekaramais-gaismeklis-hooked-3-0-nude-cross-buster-punch\/\" \/>\n<meta property=\"og:locale\" content=\"lv_LV\" \/>\n<meta property=\"og:type\" content=\"article\" \/>\n<meta property=\"og:title\" content=\"Piekaramais gaismeklis Hooked 3.0 \/ Nude \/ Cross Buster + Punch - Micasa\" \/>\n<meta property=\"og:description\" content=\"Griestu gaismeklis ar trim piekariem, kas izgatavots no cieta met\u0101la ar mat\u0113tas gumijas deta\u013c\u0101m. Katra piekara garumu var regul\u0113t un\" \/>\n<meta property=\"og:url\" content=\"https:\/\/micasa.lv\/lv\/piekaramais-gaismeklis-hooked-3-0-nude-cross-buster-punch\/\" \/>\n<meta property=\"og:site_name\" content=\"Micasa\" \/>\n<meta property=\"og:image\" content=\"https:\/\/micasa.lv\/wp-content\/uploads\/2025\/09\/hooked_3_nude_cross_brass.webp\" \/>\n\t<meta property=\"og:image:width\" content=\"800\" \/>\n\t<meta property=\"og:image:height\" content=\"800\" \/>\n\t<meta property=\"og:image:type\" content=\"image\/webp\" \/>\n<meta name=\"twitter:card\" content=\"summary_large_image\" \/>\n<meta name=\"twitter:label1\" content=\"Est. reading time\" \/>\n\t<meta name=\"twitter:data1\" content=\"1 minute\" \/>\n<script type=\"application\/ld+json\" class=\"yoast-schema-graph\">{\"@context\":\"https:\\\/\\\/schema.org\",\"@graph\":[{\"@type\":\"WebPage\",\"@id\":\"https:\\\/\\\/micasa.lv\\\/lv\\\/piekaramais-gaismeklis-hooked-3-0-nude-cross-buster-punch\\\/\",\"url\":\"https:\\\/\\\/micasa.lv\\\/lv\\\/piekaramais-gaismeklis-hooked-3-0-nude-cross-buster-punch\\\/\",\"name\":\"Piekaramais gaismeklis Hooked 3.0 \\\/ Nude \\\/ Cross Buster + Punch - Micasa\",\"isPartOf\":{\"@id\":\"https:\\\/\\\/micasa.lv\\\/lv\\\/#website\"},\"primaryImageOfPage\":{\"@id\":\"https:\\\/\\\/micasa.lv\\\/lv\\\/piekaramais-gaismeklis-hooked-3-0-nude-cross-buster-punch\\\/#primaryimage\"},\"image\":{\"@id\":\"https:\\\/\\\/micasa.lv\\\/lv\\\/piekaramais-gaismeklis-hooked-3-0-nude-cross-buster-punch\\\/#primaryimage\"},\"thumbnailUrl\":\"https:\\\/\\\/micasa.lv\\\/wp-content\\\/uploads\\\/2025\\\/09\\\/hooked_3_nude_cross_brass.webp\",\"datePublished\":\"2025-09-15T12:33:32+00:00\",\"breadcrumb\":{\"@id\":\"https:\\\/\\\/micasa.lv\\\/lv\\\/piekaramais-gaismeklis-hooked-3-0-nude-cross-buster-punch\\\/#breadcrumb\"},\"inLanguage\":\"lv-LV\",\"potentialAction\":[{\"@type\":\"ReadAction\",\"target\":[\"https:\\\/\\\/micasa.lv\\\/lv\\\/piekaramais-gaismeklis-hooked-3-0-nude-cross-buster-punch\\\/\"]}]},{\"@type\":\"ImageObject\",\"inLanguage\":\"lv-LV\",\"@id\":\"https:\\\/\\\/micasa.lv\\\/lv\\\/piekaramais-gaismeklis-hooked-3-0-nude-cross-buster-punch\\\/#primaryimage\",\"url\":\"https:\\\/\\\/micasa.lv\\\/wp-content\\\/uploads\\\/2025\\\/09\\\/hooked_3_nude_cross_brass.webp\",\"contentUrl\":\"https:\\\/\\\/micasa.lv\\\/wp-content\\\/uploads\\\/2025\\\/09\\\/hooked_3_nude_cross_brass.webp\",\"width\":800,\"height\":800},{\"@type\":\"BreadcrumbList\",\"@id\":\"https:\\\/\\\/micasa.lv\\\/lv\\\/piekaramais-gaismeklis-hooked-3-0-nude-cross-buster-punch\\\/#breadcrumb\",\"itemListElement\":[{\"@type\":\"ListItem\",\"position\":1,\"name\":\"S\u0101kums\",\"item\":\"https:\\\/\\\/micasa.lv\\\/lv\\\/micasa\\\/\"},{\"@type\":\"ListItem\",\"position\":2,\"name\":\"Shop\",\"item\":\"https:\\\/\\\/micasa.lv\\\/lv\\\/shop\\\/\"},{\"@type\":\"ListItem\",\"position\":3,\"name\":\"Piekaramais gaismeklis Hooked 3.0 \\\/ Nude \\\/ Cross Buster + Punch\"}]},{\"@type\":\"WebSite\",\"@id\":\"https:\\\/\\\/micasa.lv\\\/lv\\\/#website\",\"url\":\"https:\\\/\\\/micasa.lv\\\/lv\\\/\",\"name\":\"Micasa\",\"description\":\"\",\"potentialAction\":[{\"@type\":\"SearchAction\",\"target\":{\"@type\":\"EntryPoint\",\"urlTemplate\":\"https:\\\/\\\/micasa.lv\\\/lv\\\/?s={search_term_string}\"},\"query-input\":{\"@type\":\"PropertyValueSpecification\",\"valueRequired\":true,\"valueName\":\"search_term_string\"}}],\"inLanguage\":\"lv-LV\"}]}<\/script>\n<!-- \/ Yoast SEO plugin. -->","yoast_head_json":{"title":"Piekaramais gaismeklis Hooked 3.0 \/ Nude \/ Cross Buster + Punch - Micasa","robots":{"index":"index","follow":"follow","max-snippet":"max-snippet:-1","max-image-preview":"max-image-preview:large","max-video-preview":"max-video-preview:-1"},"canonical":"https:\/\/micasa.lv\/lv\/piekaramais-gaismeklis-hooked-3-0-nude-cross-buster-punch\/","og_locale":"lv_LV","og_type":"article","og_title":"Piekaramais gaismeklis Hooked 3.0 \/ Nude \/ Cross Buster + Punch - Micasa","og_description":"Griestu gaismeklis ar trim piekariem, kas izgatavots no cieta met\u0101la ar mat\u0113tas gumijas deta\u013c\u0101m. Katra piekara garumu var regul\u0113t un","og_url":"https:\/\/micasa.lv\/lv\/piekaramais-gaismeklis-hooked-3-0-nude-cross-buster-punch\/","og_site_name":"Micasa","og_image":[{"width":800,"height":800,"url":"https:\/\/micasa.lv\/wp-content\/uploads\/2025\/09\/hooked_3_nude_cross_brass.webp","type":"image\/webp"}],"twitter_card":"summary_large_image","twitter_misc":{"Est. reading time":"1 minute"},"schema":{"@context":"https:\/\/schema.org","@graph":[{"@type":"WebPage","@id":"https:\/\/micasa.lv\/lv\/piekaramais-gaismeklis-hooked-3-0-nude-cross-buster-punch\/","url":"https:\/\/micasa.lv\/lv\/piekaramais-gaismeklis-hooked-3-0-nude-cross-buster-punch\/","name":"Piekaramais gaismeklis Hooked 3.0 \/ Nude \/ Cross Buster + Punch - Micasa","isPartOf":{"@id":"https:\/\/micasa.lv\/lv\/#website"},"primaryImageOfPage":{"@id":"https:\/\/micasa.lv\/lv\/piekaramais-gaismeklis-hooked-3-0-nude-cross-buster-punch\/#primaryimage"},"image":{"@id":"https:\/\/micasa.lv\/lv\/piekaramais-gaismeklis-hooked-3-0-nude-cross-buster-punch\/#primaryimage"},"thumbnailUrl":"https:\/\/micasa.lv\/wp-content\/uploads\/2025\/09\/hooked_3_nude_cross_brass.webp","datePublished":"2025-09-15T12:33:32+00:00","breadcrumb":{"@id":"https:\/\/micasa.lv\/lv\/piekaramais-gaismeklis-hooked-3-0-nude-cross-buster-punch\/#breadcrumb"},"inLanguage":"lv-LV","potentialAction":[{"@type":"ReadAction","target":["https:\/\/micasa.lv\/lv\/piekaramais-gaismeklis-hooked-3-0-nude-cross-buster-punch\/"]}]},{"@type":"ImageObject","inLanguage":"lv-LV","@id":"https:\/\/micasa.lv\/lv\/piekaramais-gaismeklis-hooked-3-0-nude-cross-buster-punch\/#primaryimage","url":"https:\/\/micasa.lv\/wp-content\/uploads\/2025\/09\/hooked_3_nude_cross_brass.webp","contentUrl":"https:\/\/micasa.lv\/wp-content\/uploads\/2025\/09\/hooked_3_nude_cross_brass.webp","width":800,"height":800},{"@type":"BreadcrumbList","@id":"https:\/\/micasa.lv\/lv\/piekaramais-gaismeklis-hooked-3-0-nude-cross-buster-punch\/#breadcrumb","itemListElement":[{"@type":"ListItem","position":1,"name":"S\u0101kums","item":"https:\/\/micasa.lv\/lv\/micasa\/"},{"@type":"ListItem","position":2,"name":"Shop","item":"https:\/\/micasa.lv\/lv\/shop\/"},{"@type":"ListItem","position":3,"name":"Piekaramais gaismeklis Hooked 3.0 \/ Nude \/ Cross Buster + Punch"}]},{"@type":"WebSite","@id":"https:\/\/micasa.lv\/lv\/#website","url":"https:\/\/micasa.lv\/lv\/","name":"Micasa","description":"","potentialAction":[{"@type":"SearchAction","target":{"@type":"EntryPoint","urlTemplate":"https:\/\/micasa.lv\/lv\/?s={search_term_string}"},"query-input":{"@type":"PropertyValueSpecification","valueRequired":true,"valueName":"search_term_string"}}],"inLanguage":"lv-LV"}]}},"wcpa_form_fields":null,"_links":{"self":[{"href":"https:\/\/micasa.lv\/lv\/wp-json\/wp\/v2\/product\/60856","targetHints":{"allow":["GET"]}}],"collection":[{"href":"https:\/\/micasa.lv\/lv\/wp-json\/wp\/v2\/product"}],"about":[{"href":"https:\/\/micasa.lv\/lv\/wp-json\/wp\/v2\/types\/product"}],"version-history":[{"count":0,"href":"https:\/\/micasa.lv\/lv\/wp-json\/wp\/v2\/product\/60856\/revisions"}],"wp:featuredmedia":[{"embeddable":true,"href":"https:\/\/micasa.lv\/lv\/wp-json\/wp\/v2\/media\/60820"}],"wp:attachment":[{"href":"https:\/\/micasa.lv\/lv\/wp-json\/wp\/v2\/media?parent=60856"}],"wp:term":[{"taxonomy":"product_brand","embeddable":true,"href":"https:\/\/micasa.lv\/lv\/wp-json\/wp\/v2\/product_brand?post=60856"},{"taxonomy":"product_cat","embeddable":true,"href":"https:\/\/micasa.lv\/lv\/wp-json\/wp\/v2\/product_cat?post=60856"},{"taxonomy":"product_tag","embeddable":true,"href":"https:\/\/micasa.lv\/lv\/wp-json\/wp\/v2\/product_tag?post=60856"}],"curies":[{"name":"wp","href":"https:\/\/api.w.org\/{rel}","templated":true}]}}