{"id":61300,"date":"2025-09-23T16:55:19","date_gmt":"2025-09-23T13:55:19","guid":{"rendered":"https:\/\/micasa.lv\/1g-kontaktligzda-schuko-type-f-linear-buster-punch\/"},"modified":"2026-02-11T12:49:43","modified_gmt":"2026-02-11T10:49:43","slug":"1g-kontaktligzda-schuko-type-f-linear-buster-punch","status":"publish","type":"product","link":"https:\/\/micasa.lv\/lv\/1g-kontaktligzda-schuko-type-f-linear-buster-punch\/","title":{"rendered":"1G kontaktligzda \/ Schuko Type F \/ Linear Buster + Punch"},"content":{"rendered":"<p>Kontaktligzda, kas apdarin\u0101ta ar cietu met\u0101la plakanu pl\u0101ksni un m\u016bsu rakstur\u012bgaj\u0101m, ar mon\u0113tas vai line\u0101ro Torx griezumu skr\u016bv\u0113m. T\u0101 ir pieejama piec\u0101s da\u017e\u0101d\u0101s apdar\u0113s, un to var izmantot kombin\u0101cij\u0101 ar m\u016bsu saska\u0146otajiem dimmera sl\u0113d\u017eiem un p\u0101rsl\u0113dz\u0113jiem. <\/p>\n","protected":false},"excerpt":{"rendered":"<p>Kontaktligzda, kas apdarin\u0101ta ar cietu met\u0101la plakanu pl\u0101ksni un m\u016bsu rakstur\u012bgaj\u0101m, ar mon\u0113tas vai line\u0101ro Torx griezumu skr\u016bv\u0113m. T\u0101 ir<\/p>\n","protected":false},"featured_media":61252,"template":"","meta":[],"product_brand":[],"product_cat":[3783,2006],"product_tag":[],"class_list":{"0":"post-61300","1":"product","2":"type-product","3":"status-publish","4":"has-post-thumbnail","6":"product_cat-buster-and-punch","7":"product_cat-kontaktligzdas","8":"pa_brand-buster-punch-lv","9":"pa_logo-ar-logotipu","10":"pa_logo-bez-logotipa","12":"first","13":"instock","14":"taxable","15":"shipping-taxable","16":"purchasable","17":"product-type-variable"},"yoast_head":"<!-- This site is optimized with the Yoast SEO plugin v27.4 - https:\/\/yoast.com\/product\/yoast-seo-wordpress\/ -->\n<title>1G kontaktligzda \/ Schuko Type F \/ Linear Buster + Punch - Micasa<\/title>\n<meta name=\"robots\" content=\"index, follow, max-snippet:-1, max-image-preview:large, max-video-preview:-1\" \/>\n<link rel=\"canonical\" href=\"https:\/\/micasa.lv\/lv\/1g-kontaktligzda-schuko-type-f-linear-buster-punch\/\" \/>\n<meta property=\"og:locale\" content=\"lv_LV\" \/>\n<meta property=\"og:type\" content=\"article\" \/>\n<meta property=\"og:title\" content=\"1G kontaktligzda \/ Schuko Type F \/ Linear Buster + Punch - Micasa\" \/>\n<meta property=\"og:description\" content=\"Kontaktligzda, kas apdarin\u0101ta ar cietu met\u0101la plakanu pl\u0101ksni un m\u016bsu rakstur\u012bgaj\u0101m, ar mon\u0113tas vai line\u0101ro Torx griezumu skr\u016bv\u0113m. T\u0101 ir\" \/>\n<meta property=\"og:url\" content=\"https:\/\/micasa.lv\/lv\/1g-kontaktligzda-schuko-type-f-linear-buster-punch\/\" \/>\n<meta property=\"og:site_name\" content=\"Micasa\" \/>\n<meta property=\"article:modified_time\" content=\"2026-02-11T10:49:43+00:00\" \/>\n<meta property=\"og:image\" content=\"https:\/\/micasa.lv\/wp-content\/uploads\/2025\/09\/1g_socket_schuko_type_f_linear_logo_smoked_bronze.webp\" \/>\n\t<meta property=\"og:image:width\" content=\"500\" \/>\n\t<meta property=\"og:image:height\" content=\"500\" \/>\n\t<meta property=\"og:image:type\" content=\"image\/webp\" \/>\n<meta name=\"twitter:card\" content=\"summary_large_image\" \/>\n<script type=\"application\/ld+json\" class=\"yoast-schema-graph\">{\"@context\":\"https:\\\/\\\/schema.org\",\"@graph\":[{\"@type\":\"WebPage\",\"@id\":\"https:\\\/\\\/micasa.lv\\\/lv\\\/1g-kontaktligzda-schuko-type-f-linear-buster-punch\\\/\",\"url\":\"https:\\\/\\\/micasa.lv\\\/lv\\\/1g-kontaktligzda-schuko-type-f-linear-buster-punch\\\/\",\"name\":\"1G kontaktligzda \\\/ Schuko Type F \\\/ Linear Buster + Punch - Micasa\",\"isPartOf\":{\"@id\":\"https:\\\/\\\/micasa.lv\\\/lv\\\/#website\"},\"primaryImageOfPage\":{\"@id\":\"https:\\\/\\\/micasa.lv\\\/lv\\\/1g-kontaktligzda-schuko-type-f-linear-buster-punch\\\/#primaryimage\"},\"image\":{\"@id\":\"https:\\\/\\\/micasa.lv\\\/lv\\\/1g-kontaktligzda-schuko-type-f-linear-buster-punch\\\/#primaryimage\"},\"thumbnailUrl\":\"https:\\\/\\\/micasa.lv\\\/wp-content\\\/uploads\\\/2025\\\/09\\\/1g_socket_schuko_type_f_linear_logo_smoked_bronze.webp\",\"datePublished\":\"2025-09-23T13:55:19+00:00\",\"dateModified\":\"2026-02-11T10:49:43+00:00\",\"breadcrumb\":{\"@id\":\"https:\\\/\\\/micasa.lv\\\/lv\\\/1g-kontaktligzda-schuko-type-f-linear-buster-punch\\\/#breadcrumb\"},\"inLanguage\":\"lv-LV\",\"potentialAction\":[{\"@type\":\"ReadAction\",\"target\":[\"https:\\\/\\\/micasa.lv\\\/lv\\\/1g-kontaktligzda-schuko-type-f-linear-buster-punch\\\/\"]}]},{\"@type\":\"ImageObject\",\"inLanguage\":\"lv-LV\",\"@id\":\"https:\\\/\\\/micasa.lv\\\/lv\\\/1g-kontaktligzda-schuko-type-f-linear-buster-punch\\\/#primaryimage\",\"url\":\"https:\\\/\\\/micasa.lv\\\/wp-content\\\/uploads\\\/2025\\\/09\\\/1g_socket_schuko_type_f_linear_logo_smoked_bronze.webp\",\"contentUrl\":\"https:\\\/\\\/micasa.lv\\\/wp-content\\\/uploads\\\/2025\\\/09\\\/1g_socket_schuko_type_f_linear_logo_smoked_bronze.webp\",\"width\":500,\"height\":500},{\"@type\":\"BreadcrumbList\",\"@id\":\"https:\\\/\\\/micasa.lv\\\/lv\\\/1g-kontaktligzda-schuko-type-f-linear-buster-punch\\\/#breadcrumb\",\"itemListElement\":[{\"@type\":\"ListItem\",\"position\":1,\"name\":\"S\u0101kums\",\"item\":\"https:\\\/\\\/micasa.lv\\\/lv\\\/micasa\\\/\"},{\"@type\":\"ListItem\",\"position\":2,\"name\":\"Shop\",\"item\":\"https:\\\/\\\/micasa.lv\\\/lv\\\/shop\\\/\"},{\"@type\":\"ListItem\",\"position\":3,\"name\":\"1G kontaktligzda \\\/ Schuko Type F \\\/ Linear Buster + Punch\"}]},{\"@type\":\"WebSite\",\"@id\":\"https:\\\/\\\/micasa.lv\\\/lv\\\/#website\",\"url\":\"https:\\\/\\\/micasa.lv\\\/lv\\\/\",\"name\":\"Micasa\",\"description\":\"\",\"potentialAction\":[{\"@type\":\"SearchAction\",\"target\":{\"@type\":\"EntryPoint\",\"urlTemplate\":\"https:\\\/\\\/micasa.lv\\\/lv\\\/?s={search_term_string}\"},\"query-input\":{\"@type\":\"PropertyValueSpecification\",\"valueRequired\":true,\"valueName\":\"search_term_string\"}}],\"inLanguage\":\"lv-LV\"}]}<\/script>\n<!-- \/ Yoast SEO plugin. -->","yoast_head_json":{"title":"1G kontaktligzda \/ Schuko Type F \/ Linear Buster + Punch - Micasa","robots":{"index":"index","follow":"follow","max-snippet":"max-snippet:-1","max-image-preview":"max-image-preview:large","max-video-preview":"max-video-preview:-1"},"canonical":"https:\/\/micasa.lv\/lv\/1g-kontaktligzda-schuko-type-f-linear-buster-punch\/","og_locale":"lv_LV","og_type":"article","og_title":"1G kontaktligzda \/ Schuko Type F \/ Linear Buster + Punch - Micasa","og_description":"Kontaktligzda, kas apdarin\u0101ta ar cietu met\u0101la plakanu pl\u0101ksni un m\u016bsu rakstur\u012bgaj\u0101m, ar mon\u0113tas vai line\u0101ro Torx griezumu skr\u016bv\u0113m. T\u0101 ir","og_url":"https:\/\/micasa.lv\/lv\/1g-kontaktligzda-schuko-type-f-linear-buster-punch\/","og_site_name":"Micasa","article_modified_time":"2026-02-11T10:49:43+00:00","og_image":[{"width":500,"height":500,"url":"https:\/\/micasa.lv\/wp-content\/uploads\/2025\/09\/1g_socket_schuko_type_f_linear_logo_smoked_bronze.webp","type":"image\/webp"}],"twitter_card":"summary_large_image","schema":{"@context":"https:\/\/schema.org","@graph":[{"@type":"WebPage","@id":"https:\/\/micasa.lv\/lv\/1g-kontaktligzda-schuko-type-f-linear-buster-punch\/","url":"https:\/\/micasa.lv\/lv\/1g-kontaktligzda-schuko-type-f-linear-buster-punch\/","name":"1G kontaktligzda \/ Schuko Type F \/ Linear Buster + Punch - Micasa","isPartOf":{"@id":"https:\/\/micasa.lv\/lv\/#website"},"primaryImageOfPage":{"@id":"https:\/\/micasa.lv\/lv\/1g-kontaktligzda-schuko-type-f-linear-buster-punch\/#primaryimage"},"image":{"@id":"https:\/\/micasa.lv\/lv\/1g-kontaktligzda-schuko-type-f-linear-buster-punch\/#primaryimage"},"thumbnailUrl":"https:\/\/micasa.lv\/wp-content\/uploads\/2025\/09\/1g_socket_schuko_type_f_linear_logo_smoked_bronze.webp","datePublished":"2025-09-23T13:55:19+00:00","dateModified":"2026-02-11T10:49:43+00:00","breadcrumb":{"@id":"https:\/\/micasa.lv\/lv\/1g-kontaktligzda-schuko-type-f-linear-buster-punch\/#breadcrumb"},"inLanguage":"lv-LV","potentialAction":[{"@type":"ReadAction","target":["https:\/\/micasa.lv\/lv\/1g-kontaktligzda-schuko-type-f-linear-buster-punch\/"]}]},{"@type":"ImageObject","inLanguage":"lv-LV","@id":"https:\/\/micasa.lv\/lv\/1g-kontaktligzda-schuko-type-f-linear-buster-punch\/#primaryimage","url":"https:\/\/micasa.lv\/wp-content\/uploads\/2025\/09\/1g_socket_schuko_type_f_linear_logo_smoked_bronze.webp","contentUrl":"https:\/\/micasa.lv\/wp-content\/uploads\/2025\/09\/1g_socket_schuko_type_f_linear_logo_smoked_bronze.webp","width":500,"height":500},{"@type":"BreadcrumbList","@id":"https:\/\/micasa.lv\/lv\/1g-kontaktligzda-schuko-type-f-linear-buster-punch\/#breadcrumb","itemListElement":[{"@type":"ListItem","position":1,"name":"S\u0101kums","item":"https:\/\/micasa.lv\/lv\/micasa\/"},{"@type":"ListItem","position":2,"name":"Shop","item":"https:\/\/micasa.lv\/lv\/shop\/"},{"@type":"ListItem","position":3,"name":"1G kontaktligzda \/ Schuko Type F \/ Linear Buster + Punch"}]},{"@type":"WebSite","@id":"https:\/\/micasa.lv\/lv\/#website","url":"https:\/\/micasa.lv\/lv\/","name":"Micasa","description":"","potentialAction":[{"@type":"SearchAction","target":{"@type":"EntryPoint","urlTemplate":"https:\/\/micasa.lv\/lv\/?s={search_term_string}"},"query-input":{"@type":"PropertyValueSpecification","valueRequired":true,"valueName":"search_term_string"}}],"inLanguage":"lv-LV"}]}},"wcpa_form_fields":null,"_links":{"self":[{"href":"https:\/\/micasa.lv\/lv\/wp-json\/wp\/v2\/product\/61300","targetHints":{"allow":["GET"]}}],"collection":[{"href":"https:\/\/micasa.lv\/lv\/wp-json\/wp\/v2\/product"}],"about":[{"href":"https:\/\/micasa.lv\/lv\/wp-json\/wp\/v2\/types\/product"}],"version-history":[{"count":1,"href":"https:\/\/micasa.lv\/lv\/wp-json\/wp\/v2\/product\/61300\/revisions"}],"predecessor-version":[{"id":66732,"href":"https:\/\/micasa.lv\/lv\/wp-json\/wp\/v2\/product\/61300\/revisions\/66732"}],"wp:featuredmedia":[{"embeddable":true,"href":"https:\/\/micasa.lv\/lv\/wp-json\/wp\/v2\/media\/61252"}],"wp:attachment":[{"href":"https:\/\/micasa.lv\/lv\/wp-json\/wp\/v2\/media?parent=61300"}],"wp:term":[{"taxonomy":"product_brand","embeddable":true,"href":"https:\/\/micasa.lv\/lv\/wp-json\/wp\/v2\/product_brand?post=61300"},{"taxonomy":"product_cat","embeddable":true,"href":"https:\/\/micasa.lv\/lv\/wp-json\/wp\/v2\/product_cat?post=61300"},{"taxonomy":"product_tag","embeddable":true,"href":"https:\/\/micasa.lv\/lv\/wp-json\/wp\/v2\/product_tag?post=61300"}],"curies":[{"name":"wp","href":"https:\/\/api.w.org\/{rel}","templated":true}]}}