{"id":61814,"date":"2025-09-24T11:32:55","date_gmt":"2025-09-24T08:32:55","guid":{"rendered":"https:\/\/micasa.lv\/1g-dimmera-sledzis-250w-led-cross\/"},"modified":"2026-01-16T16:43:57","modified_gmt":"2026-01-16T14:43:57","slug":"1g-dimmera-sledzis-250w-led-cross","status":"publish","type":"product","link":"https:\/\/micasa.lv\/lv\/1g-dimmera-sledzis-250w-led-cross\/","title":{"rendered":"1G Dimmera Sl\u0113dzis \/ 250w Led \/ Cross"},"content":{"rendered":"<p>Cieta met\u0101la dimmera sl\u0113dzis ar dimantu izgrieztu vai m\u016bsu jaun\u0101ko line\u0101ro grop\u0113jumu. Sl\u0113dzis ir apdarin\u0101ts ar cietu met\u0101la plakanu pl\u0101ksni un m\u016bsu rakstur\u012bgaj\u0101m skr\u016bv\u0113m ar mon\u0113tas\/Torx griezumu. Pieejams piec\u0101s da\u017e\u0101d\u0101s apdar\u0113s, to var izmantot kombin\u0101cij\u0101 ar m\u016bsu saska\u0146otajiem p\u0101rsl\u0113dz\u0113jiem, kontaktligzd\u0101m un USB izej\u0101m.  <\/p>\n","protected":false},"excerpt":{"rendered":"<p>Cieta met\u0101la dimmera sl\u0113dzis ar dimantu izgrieztu vai m\u016bsu jaun\u0101ko line\u0101ro grop\u0113jumu. Sl\u0113dzis ir apdarin\u0101ts ar cietu met\u0101la plakanu pl\u0101ksni<\/p>\n","protected":false},"featured_media":61762,"template":"","meta":[],"product_brand":[],"product_cat":[2004],"product_tag":[],"class_list":{"0":"post-61814","1":"product","2":"type-product","3":"status-publish","4":"has-post-thumbnail","6":"product_cat-gaismas-sledzi","7":"pa_brand-buster-punch-lv","8":"pa_logo-ar-logotipu","9":"pa_logo-bez-logotipa","11":"first","12":"instock","13":"taxable","14":"shipping-taxable","15":"purchasable","16":"product-type-variable"},"yoast_head":"<!-- This site is optimized with the Yoast SEO plugin v27.4 - https:\/\/yoast.com\/product\/yoast-seo-wordpress\/ -->\n<title>1G Dimmera Sl\u0113dzis \/ 250w Led \/ Cross - Micasa<\/title>\n<meta name=\"robots\" content=\"index, follow, max-snippet:-1, max-image-preview:large, max-video-preview:-1\" \/>\n<link rel=\"canonical\" href=\"https:\/\/micasa.lv\/lv\/1g-dimmera-sledzis-250w-led-cross\/\" \/>\n<meta property=\"og:locale\" content=\"lv_LV\" \/>\n<meta property=\"og:type\" content=\"article\" \/>\n<meta property=\"og:title\" content=\"1G Dimmera Sl\u0113dzis \/ 250w Led \/ Cross - Micasa\" \/>\n<meta property=\"og:description\" content=\"Cieta met\u0101la dimmera sl\u0113dzis ar dimantu izgrieztu vai m\u016bsu jaun\u0101ko line\u0101ro grop\u0113jumu. Sl\u0113dzis ir apdarin\u0101ts ar cietu met\u0101la plakanu pl\u0101ksni\" \/>\n<meta property=\"og:url\" content=\"https:\/\/micasa.lv\/lv\/1g-dimmera-sledzis-250w-led-cross\/\" \/>\n<meta property=\"og:site_name\" content=\"Micasa\" \/>\n<meta property=\"article:modified_time\" content=\"2026-01-16T14:43:57+00:00\" \/>\n<meta property=\"og:image\" content=\"https:\/\/micasa.lv\/wp-content\/uploads\/2025\/09\/1g_dimmer_cross_logo_steel.webp\" \/>\n\t<meta property=\"og:image:width\" content=\"1000\" \/>\n\t<meta property=\"og:image:height\" content=\"1000\" \/>\n\t<meta property=\"og:image:type\" content=\"image\/webp\" \/>\n<meta name=\"twitter:card\" content=\"summary_large_image\" \/>\n<meta name=\"twitter:label1\" content=\"Est. reading time\" \/>\n\t<meta name=\"twitter:data1\" content=\"1 minute\" \/>\n<script type=\"application\/ld+json\" class=\"yoast-schema-graph\">{\"@context\":\"https:\\\/\\\/schema.org\",\"@graph\":[{\"@type\":\"WebPage\",\"@id\":\"https:\\\/\\\/micasa.lv\\\/lv\\\/1g-dimmera-sledzis-250w-led-cross\\\/\",\"url\":\"https:\\\/\\\/micasa.lv\\\/lv\\\/1g-dimmera-sledzis-250w-led-cross\\\/\",\"name\":\"1G Dimmera Sl\u0113dzis \\\/ 250w Led \\\/ Cross - Micasa\",\"isPartOf\":{\"@id\":\"https:\\\/\\\/micasa.lv\\\/lv\\\/#website\"},\"primaryImageOfPage\":{\"@id\":\"https:\\\/\\\/micasa.lv\\\/lv\\\/1g-dimmera-sledzis-250w-led-cross\\\/#primaryimage\"},\"image\":{\"@id\":\"https:\\\/\\\/micasa.lv\\\/lv\\\/1g-dimmera-sledzis-250w-led-cross\\\/#primaryimage\"},\"thumbnailUrl\":\"https:\\\/\\\/micasa.lv\\\/wp-content\\\/uploads\\\/2025\\\/09\\\/1g_dimmer_cross_logo_steel.webp\",\"datePublished\":\"2025-09-24T08:32:55+00:00\",\"dateModified\":\"2026-01-16T14:43:57+00:00\",\"breadcrumb\":{\"@id\":\"https:\\\/\\\/micasa.lv\\\/lv\\\/1g-dimmera-sledzis-250w-led-cross\\\/#breadcrumb\"},\"inLanguage\":\"lv-LV\",\"potentialAction\":[{\"@type\":\"ReadAction\",\"target\":[\"https:\\\/\\\/micasa.lv\\\/lv\\\/1g-dimmera-sledzis-250w-led-cross\\\/\"]}]},{\"@type\":\"ImageObject\",\"inLanguage\":\"lv-LV\",\"@id\":\"https:\\\/\\\/micasa.lv\\\/lv\\\/1g-dimmera-sledzis-250w-led-cross\\\/#primaryimage\",\"url\":\"https:\\\/\\\/micasa.lv\\\/wp-content\\\/uploads\\\/2025\\\/09\\\/1g_dimmer_cross_logo_steel.webp\",\"contentUrl\":\"https:\\\/\\\/micasa.lv\\\/wp-content\\\/uploads\\\/2025\\\/09\\\/1g_dimmer_cross_logo_steel.webp\",\"width\":1000,\"height\":1000},{\"@type\":\"BreadcrumbList\",\"@id\":\"https:\\\/\\\/micasa.lv\\\/lv\\\/1g-dimmera-sledzis-250w-led-cross\\\/#breadcrumb\",\"itemListElement\":[{\"@type\":\"ListItem\",\"position\":1,\"name\":\"S\u0101kums\",\"item\":\"https:\\\/\\\/micasa.lv\\\/lv\\\/micasa\\\/\"},{\"@type\":\"ListItem\",\"position\":2,\"name\":\"Shop\",\"item\":\"https:\\\/\\\/micasa.lv\\\/lv\\\/shop\\\/\"},{\"@type\":\"ListItem\",\"position\":3,\"name\":\"1G Dimmera Sl\u0113dzis \\\/ 250w Led \\\/ Cross\"}]},{\"@type\":\"WebSite\",\"@id\":\"https:\\\/\\\/micasa.lv\\\/lv\\\/#website\",\"url\":\"https:\\\/\\\/micasa.lv\\\/lv\\\/\",\"name\":\"Micasa\",\"description\":\"\",\"potentialAction\":[{\"@type\":\"SearchAction\",\"target\":{\"@type\":\"EntryPoint\",\"urlTemplate\":\"https:\\\/\\\/micasa.lv\\\/lv\\\/?s={search_term_string}\"},\"query-input\":{\"@type\":\"PropertyValueSpecification\",\"valueRequired\":true,\"valueName\":\"search_term_string\"}}],\"inLanguage\":\"lv-LV\"}]}<\/script>\n<!-- \/ Yoast SEO plugin. -->","yoast_head_json":{"title":"1G Dimmera Sl\u0113dzis \/ 250w Led \/ Cross - Micasa","robots":{"index":"index","follow":"follow","max-snippet":"max-snippet:-1","max-image-preview":"max-image-preview:large","max-video-preview":"max-video-preview:-1"},"canonical":"https:\/\/micasa.lv\/lv\/1g-dimmera-sledzis-250w-led-cross\/","og_locale":"lv_LV","og_type":"article","og_title":"1G Dimmera Sl\u0113dzis \/ 250w Led \/ Cross - Micasa","og_description":"Cieta met\u0101la dimmera sl\u0113dzis ar dimantu izgrieztu vai m\u016bsu jaun\u0101ko line\u0101ro grop\u0113jumu. Sl\u0113dzis ir apdarin\u0101ts ar cietu met\u0101la plakanu pl\u0101ksni","og_url":"https:\/\/micasa.lv\/lv\/1g-dimmera-sledzis-250w-led-cross\/","og_site_name":"Micasa","article_modified_time":"2026-01-16T14:43:57+00:00","og_image":[{"width":1000,"height":1000,"url":"https:\/\/micasa.lv\/wp-content\/uploads\/2025\/09\/1g_dimmer_cross_logo_steel.webp","type":"image\/webp"}],"twitter_card":"summary_large_image","twitter_misc":{"Est. reading time":"1 minute"},"schema":{"@context":"https:\/\/schema.org","@graph":[{"@type":"WebPage","@id":"https:\/\/micasa.lv\/lv\/1g-dimmera-sledzis-250w-led-cross\/","url":"https:\/\/micasa.lv\/lv\/1g-dimmera-sledzis-250w-led-cross\/","name":"1G Dimmera Sl\u0113dzis \/ 250w Led \/ Cross - Micasa","isPartOf":{"@id":"https:\/\/micasa.lv\/lv\/#website"},"primaryImageOfPage":{"@id":"https:\/\/micasa.lv\/lv\/1g-dimmera-sledzis-250w-led-cross\/#primaryimage"},"image":{"@id":"https:\/\/micasa.lv\/lv\/1g-dimmera-sledzis-250w-led-cross\/#primaryimage"},"thumbnailUrl":"https:\/\/micasa.lv\/wp-content\/uploads\/2025\/09\/1g_dimmer_cross_logo_steel.webp","datePublished":"2025-09-24T08:32:55+00:00","dateModified":"2026-01-16T14:43:57+00:00","breadcrumb":{"@id":"https:\/\/micasa.lv\/lv\/1g-dimmera-sledzis-250w-led-cross\/#breadcrumb"},"inLanguage":"lv-LV","potentialAction":[{"@type":"ReadAction","target":["https:\/\/micasa.lv\/lv\/1g-dimmera-sledzis-250w-led-cross\/"]}]},{"@type":"ImageObject","inLanguage":"lv-LV","@id":"https:\/\/micasa.lv\/lv\/1g-dimmera-sledzis-250w-led-cross\/#primaryimage","url":"https:\/\/micasa.lv\/wp-content\/uploads\/2025\/09\/1g_dimmer_cross_logo_steel.webp","contentUrl":"https:\/\/micasa.lv\/wp-content\/uploads\/2025\/09\/1g_dimmer_cross_logo_steel.webp","width":1000,"height":1000},{"@type":"BreadcrumbList","@id":"https:\/\/micasa.lv\/lv\/1g-dimmera-sledzis-250w-led-cross\/#breadcrumb","itemListElement":[{"@type":"ListItem","position":1,"name":"S\u0101kums","item":"https:\/\/micasa.lv\/lv\/micasa\/"},{"@type":"ListItem","position":2,"name":"Shop","item":"https:\/\/micasa.lv\/lv\/shop\/"},{"@type":"ListItem","position":3,"name":"1G Dimmera Sl\u0113dzis \/ 250w Led \/ Cross"}]},{"@type":"WebSite","@id":"https:\/\/micasa.lv\/lv\/#website","url":"https:\/\/micasa.lv\/lv\/","name":"Micasa","description":"","potentialAction":[{"@type":"SearchAction","target":{"@type":"EntryPoint","urlTemplate":"https:\/\/micasa.lv\/lv\/?s={search_term_string}"},"query-input":{"@type":"PropertyValueSpecification","valueRequired":true,"valueName":"search_term_string"}}],"inLanguage":"lv-LV"}]}},"wcpa_form_fields":null,"_links":{"self":[{"href":"https:\/\/micasa.lv\/lv\/wp-json\/wp\/v2\/product\/61814","targetHints":{"allow":["GET"]}}],"collection":[{"href":"https:\/\/micasa.lv\/lv\/wp-json\/wp\/v2\/product"}],"about":[{"href":"https:\/\/micasa.lv\/lv\/wp-json\/wp\/v2\/types\/product"}],"version-history":[{"count":1,"href":"https:\/\/micasa.lv\/lv\/wp-json\/wp\/v2\/product\/61814\/revisions"}],"predecessor-version":[{"id":61825,"href":"https:\/\/micasa.lv\/lv\/wp-json\/wp\/v2\/product\/61814\/revisions\/61825"}],"wp:featuredmedia":[{"embeddable":true,"href":"https:\/\/micasa.lv\/lv\/wp-json\/wp\/v2\/media\/61762"}],"wp:attachment":[{"href":"https:\/\/micasa.lv\/lv\/wp-json\/wp\/v2\/media?parent=61814"}],"wp:term":[{"taxonomy":"product_brand","embeddable":true,"href":"https:\/\/micasa.lv\/lv\/wp-json\/wp\/v2\/product_brand?post=61814"},{"taxonomy":"product_cat","embeddable":true,"href":"https:\/\/micasa.lv\/lv\/wp-json\/wp\/v2\/product_cat?post=61814"},{"taxonomy":"product_tag","embeddable":true,"href":"https:\/\/micasa.lv\/lv\/wp-json\/wp\/v2\/product_tag?post=61814"}],"curies":[{"name":"wp","href":"https:\/\/api.w.org\/{rel}","templated":true}]}}