{"id":62792,"date":"2025-09-30T13:59:52","date_gmt":"2025-09-30T11:59:52","guid":{"rendered":"https:\/\/micasa.lv\/komplekts-dimmerim-linears-buster-punch\/"},"modified":"2025-09-30T13:59:52","modified_gmt":"2025-09-30T10:59:52","slug":"komplekts-dimmerim-linears-buster-punch","status":"publish","type":"product","link":"https:\/\/micasa.lv\/lv\/komplekts-dimmerim-linears-buster-punch\/","title":{"rendered":"Komplekts dimmerim \/ line\u0101rs \/ Buster + Punch"},"content":{"rendered":"<p>M\u016bsu JAUNAIS line\u0101r\u0101 rievot\u0101 dimmera sl\u0113d\u017ea detaliz\u0101cijas komplekts, izgatavots no cieta met\u0101la, komplekt\u0101 ar dimmera uzgriezni. Dom\u0101ts lieto\u0161anai kop\u0101 ar m\u016bsu dimmera moduljiem un sienas pl\u0101ksn\u0113m, lai izveidotu j\u016bsu piel\u0101goto elektr\u012bbas produktu. <\/p>\n","protected":false},"excerpt":{"rendered":"<p>M\u016bsu JAUNAIS line\u0101r\u0101 rievot\u0101 dimmera sl\u0113d\u017ea detaliz\u0101cijas komplekts, izgatavots no cieta met\u0101la, komplekt\u0101 ar dimmera uzgriezni. Dom\u0101ts lieto\u0161anai kop\u0101 ar<\/p>\n","protected":false},"featured_media":62602,"template":"","meta":[],"product_brand":[],"product_cat":[3783,3707],"product_tag":[],"class_list":{"0":"post-62792","1":"product","2":"type-product","3":"status-publish","4":"has-post-thumbnail","6":"product_cat-buster-and-punch","7":"product_cat-sastavdalas-lv","8":"pa_brand-buster-punch-lv","10":"first","11":"instock","12":"taxable","13":"shipping-taxable","14":"purchasable","15":"product-type-variable"},"yoast_head":"<!-- This site is optimized with the Yoast SEO plugin v27.4 - https:\/\/yoast.com\/product\/yoast-seo-wordpress\/ -->\n<title>Komplekts dimmerim \/ line\u0101rs \/ Buster + Punch - Micasa<\/title>\n<meta name=\"robots\" content=\"index, follow, max-snippet:-1, max-image-preview:large, max-video-preview:-1\" \/>\n<link rel=\"canonical\" href=\"https:\/\/micasa.lv\/lv\/komplekts-dimmerim-linears-buster-punch\/\" \/>\n<meta property=\"og:locale\" content=\"lv_LV\" \/>\n<meta property=\"og:type\" content=\"article\" \/>\n<meta property=\"og:title\" content=\"Komplekts dimmerim \/ line\u0101rs \/ Buster + Punch - Micasa\" \/>\n<meta property=\"og:description\" content=\"M\u016bsu JAUNAIS line\u0101r\u0101 rievot\u0101 dimmera sl\u0113d\u017ea detaliz\u0101cijas komplekts, izgatavots no cieta met\u0101la, komplekt\u0101 ar dimmera uzgriezni. Dom\u0101ts lieto\u0161anai kop\u0101 ar\" \/>\n<meta property=\"og:url\" content=\"https:\/\/micasa.lv\/lv\/komplekts-dimmerim-linears-buster-punch\/\" \/>\n<meta property=\"og:site_name\" content=\"Micasa\" \/>\n<meta property=\"og:image\" content=\"https:\/\/micasa.lv\/wp-content\/uploads\/2025\/09\/detail_kit_dimmer_linear_steel.webp\" \/>\n\t<meta property=\"og:image:width\" content=\"1000\" \/>\n\t<meta property=\"og:image:height\" content=\"1000\" \/>\n\t<meta property=\"og:image:type\" content=\"image\/webp\" \/>\n<meta name=\"twitter:card\" content=\"summary_large_image\" \/>\n<script type=\"application\/ld+json\" class=\"yoast-schema-graph\">{\"@context\":\"https:\\\/\\\/schema.org\",\"@graph\":[{\"@type\":\"WebPage\",\"@id\":\"https:\\\/\\\/micasa.lv\\\/lv\\\/komplekts-dimmerim-linears-buster-punch\\\/\",\"url\":\"https:\\\/\\\/micasa.lv\\\/lv\\\/komplekts-dimmerim-linears-buster-punch\\\/\",\"name\":\"Komplekts dimmerim \\\/ line\u0101rs \\\/ Buster + Punch - Micasa\",\"isPartOf\":{\"@id\":\"https:\\\/\\\/micasa.lv\\\/lv\\\/#website\"},\"primaryImageOfPage\":{\"@id\":\"https:\\\/\\\/micasa.lv\\\/lv\\\/komplekts-dimmerim-linears-buster-punch\\\/#primaryimage\"},\"image\":{\"@id\":\"https:\\\/\\\/micasa.lv\\\/lv\\\/komplekts-dimmerim-linears-buster-punch\\\/#primaryimage\"},\"thumbnailUrl\":\"https:\\\/\\\/micasa.lv\\\/wp-content\\\/uploads\\\/2025\\\/09\\\/detail_kit_dimmer_linear_steel.webp\",\"datePublished\":\"2025-09-30T11:59:52+00:00\",\"breadcrumb\":{\"@id\":\"https:\\\/\\\/micasa.lv\\\/lv\\\/komplekts-dimmerim-linears-buster-punch\\\/#breadcrumb\"},\"inLanguage\":\"lv-LV\",\"potentialAction\":[{\"@type\":\"ReadAction\",\"target\":[\"https:\\\/\\\/micasa.lv\\\/lv\\\/komplekts-dimmerim-linears-buster-punch\\\/\"]}]},{\"@type\":\"ImageObject\",\"inLanguage\":\"lv-LV\",\"@id\":\"https:\\\/\\\/micasa.lv\\\/lv\\\/komplekts-dimmerim-linears-buster-punch\\\/#primaryimage\",\"url\":\"https:\\\/\\\/micasa.lv\\\/wp-content\\\/uploads\\\/2025\\\/09\\\/detail_kit_dimmer_linear_steel.webp\",\"contentUrl\":\"https:\\\/\\\/micasa.lv\\\/wp-content\\\/uploads\\\/2025\\\/09\\\/detail_kit_dimmer_linear_steel.webp\",\"width\":1000,\"height\":1000},{\"@type\":\"BreadcrumbList\",\"@id\":\"https:\\\/\\\/micasa.lv\\\/lv\\\/komplekts-dimmerim-linears-buster-punch\\\/#breadcrumb\",\"itemListElement\":[{\"@type\":\"ListItem\",\"position\":1,\"name\":\"S\u0101kums\",\"item\":\"https:\\\/\\\/micasa.lv\\\/lv\\\/micasa\\\/\"},{\"@type\":\"ListItem\",\"position\":2,\"name\":\"Shop\",\"item\":\"https:\\\/\\\/micasa.lv\\\/lv\\\/shop\\\/\"},{\"@type\":\"ListItem\",\"position\":3,\"name\":\"Komplekts dimmerim \\\/ line\u0101rs \\\/ Buster + Punch\"}]},{\"@type\":\"WebSite\",\"@id\":\"https:\\\/\\\/micasa.lv\\\/lv\\\/#website\",\"url\":\"https:\\\/\\\/micasa.lv\\\/lv\\\/\",\"name\":\"Micasa\",\"description\":\"\",\"potentialAction\":[{\"@type\":\"SearchAction\",\"target\":{\"@type\":\"EntryPoint\",\"urlTemplate\":\"https:\\\/\\\/micasa.lv\\\/lv\\\/?s={search_term_string}\"},\"query-input\":{\"@type\":\"PropertyValueSpecification\",\"valueRequired\":true,\"valueName\":\"search_term_string\"}}],\"inLanguage\":\"lv-LV\"}]}<\/script>\n<!-- \/ Yoast SEO plugin. -->","yoast_head_json":{"title":"Komplekts dimmerim \/ line\u0101rs \/ Buster + Punch - Micasa","robots":{"index":"index","follow":"follow","max-snippet":"max-snippet:-1","max-image-preview":"max-image-preview:large","max-video-preview":"max-video-preview:-1"},"canonical":"https:\/\/micasa.lv\/lv\/komplekts-dimmerim-linears-buster-punch\/","og_locale":"lv_LV","og_type":"article","og_title":"Komplekts dimmerim \/ line\u0101rs \/ Buster + Punch - Micasa","og_description":"M\u016bsu JAUNAIS line\u0101r\u0101 rievot\u0101 dimmera sl\u0113d\u017ea detaliz\u0101cijas komplekts, izgatavots no cieta met\u0101la, komplekt\u0101 ar dimmera uzgriezni. Dom\u0101ts lieto\u0161anai kop\u0101 ar","og_url":"https:\/\/micasa.lv\/lv\/komplekts-dimmerim-linears-buster-punch\/","og_site_name":"Micasa","og_image":[{"width":1000,"height":1000,"url":"https:\/\/micasa.lv\/wp-content\/uploads\/2025\/09\/detail_kit_dimmer_linear_steel.webp","type":"image\/webp"}],"twitter_card":"summary_large_image","schema":{"@context":"https:\/\/schema.org","@graph":[{"@type":"WebPage","@id":"https:\/\/micasa.lv\/lv\/komplekts-dimmerim-linears-buster-punch\/","url":"https:\/\/micasa.lv\/lv\/komplekts-dimmerim-linears-buster-punch\/","name":"Komplekts dimmerim \/ line\u0101rs \/ Buster + Punch - Micasa","isPartOf":{"@id":"https:\/\/micasa.lv\/lv\/#website"},"primaryImageOfPage":{"@id":"https:\/\/micasa.lv\/lv\/komplekts-dimmerim-linears-buster-punch\/#primaryimage"},"image":{"@id":"https:\/\/micasa.lv\/lv\/komplekts-dimmerim-linears-buster-punch\/#primaryimage"},"thumbnailUrl":"https:\/\/micasa.lv\/wp-content\/uploads\/2025\/09\/detail_kit_dimmer_linear_steel.webp","datePublished":"2025-09-30T11:59:52+00:00","breadcrumb":{"@id":"https:\/\/micasa.lv\/lv\/komplekts-dimmerim-linears-buster-punch\/#breadcrumb"},"inLanguage":"lv-LV","potentialAction":[{"@type":"ReadAction","target":["https:\/\/micasa.lv\/lv\/komplekts-dimmerim-linears-buster-punch\/"]}]},{"@type":"ImageObject","inLanguage":"lv-LV","@id":"https:\/\/micasa.lv\/lv\/komplekts-dimmerim-linears-buster-punch\/#primaryimage","url":"https:\/\/micasa.lv\/wp-content\/uploads\/2025\/09\/detail_kit_dimmer_linear_steel.webp","contentUrl":"https:\/\/micasa.lv\/wp-content\/uploads\/2025\/09\/detail_kit_dimmer_linear_steel.webp","width":1000,"height":1000},{"@type":"BreadcrumbList","@id":"https:\/\/micasa.lv\/lv\/komplekts-dimmerim-linears-buster-punch\/#breadcrumb","itemListElement":[{"@type":"ListItem","position":1,"name":"S\u0101kums","item":"https:\/\/micasa.lv\/lv\/micasa\/"},{"@type":"ListItem","position":2,"name":"Shop","item":"https:\/\/micasa.lv\/lv\/shop\/"},{"@type":"ListItem","position":3,"name":"Komplekts dimmerim \/ line\u0101rs \/ Buster + Punch"}]},{"@type":"WebSite","@id":"https:\/\/micasa.lv\/lv\/#website","url":"https:\/\/micasa.lv\/lv\/","name":"Micasa","description":"","potentialAction":[{"@type":"SearchAction","target":{"@type":"EntryPoint","urlTemplate":"https:\/\/micasa.lv\/lv\/?s={search_term_string}"},"query-input":{"@type":"PropertyValueSpecification","valueRequired":true,"valueName":"search_term_string"}}],"inLanguage":"lv-LV"}]}},"wcpa_form_fields":null,"_links":{"self":[{"href":"https:\/\/micasa.lv\/lv\/wp-json\/wp\/v2\/product\/62792","targetHints":{"allow":["GET"]}}],"collection":[{"href":"https:\/\/micasa.lv\/lv\/wp-json\/wp\/v2\/product"}],"about":[{"href":"https:\/\/micasa.lv\/lv\/wp-json\/wp\/v2\/types\/product"}],"version-history":[{"count":0,"href":"https:\/\/micasa.lv\/lv\/wp-json\/wp\/v2\/product\/62792\/revisions"}],"wp:featuredmedia":[{"embeddable":true,"href":"https:\/\/micasa.lv\/lv\/wp-json\/wp\/v2\/media\/62602"}],"wp:attachment":[{"href":"https:\/\/micasa.lv\/lv\/wp-json\/wp\/v2\/media?parent=62792"}],"wp:term":[{"taxonomy":"product_brand","embeddable":true,"href":"https:\/\/micasa.lv\/lv\/wp-json\/wp\/v2\/product_brand?post=62792"},{"taxonomy":"product_cat","embeddable":true,"href":"https:\/\/micasa.lv\/lv\/wp-json\/wp\/v2\/product_cat?post=62792"},{"taxonomy":"product_tag","embeddable":true,"href":"https:\/\/micasa.lv\/lv\/wp-json\/wp\/v2\/product_tag?post=62792"}],"curies":[{"name":"wp","href":"https:\/\/api.w.org\/{rel}","templated":true}]}}