{"id":62866,"date":"2025-09-29T16:43:52","date_gmt":"2025-09-29T13:43:52","guid":{"rendered":"https:\/\/micasa.lv\/imitacijas-dimmera-modulis-intermediarais-spiedpogas-sledzis-3-virzienu-buster-punch\/"},"modified":"2026-02-11T12:47:16","modified_gmt":"2026-02-11T10:47:16","slug":"imitacijas-dimmera-modulis-intermediarais-spiedpogas-sledzis-3-virzienu-buster-punch","status":"publish","type":"product","link":"https:\/\/micasa.lv\/lv\/imitacijas-dimmera-modulis-intermediarais-spiedpogas-sledzis-3-virzienu-buster-punch\/","title":{"rendered":"Imit\u0101cijas dimmera modulis \/ Intermedi\u0101rais spiedpogas sl\u0113dzis \/ 3 virzienu Buster + Punch"},"content":{"rendered":"<p>Imit\u0101cijas dimmera modulis \/ intermedi\u0101rais spiedpogas iesl\u0113g\u0161anas\/izsl\u0113g\u0161anas sl\u0113dzis (3 virzienu). Vizu\u0101li identisks dimmera sl\u0113dzim, ar intermedi\u0101ra\/3 virzienu p\u0101rsl\u0113dz\u0113ja funkciju \u2013 konsekventam izskatam vis\u0101 elektropl\u0101ksn\u0113. \u0160im sl\u0113dzim nav dimm\u0113\u0161anas funkcijas. Savietojams ar B+P deta\u013cu komplektiem. Cit\u0101m pieg\u0101d\u0101t\u0101ju dimmera modu\u013ciem nav savietojam\u012bba ar m\u016bsu deta\u013cu komplektiem.    <\/p>\n<p>Spiedpoga Iesl\u0113g\u0161ana\/Izsl\u0113g\u0161ana 3 virzienu p\u0101rsl\u0113g\u0161anai (bez dimm\u0113\u0161anas funkcijas)<br \/>\nStarpsl\u0113dzis \/ 3 virzienu sl\u0113dzis<br \/>\n230VAC 50Hz<br \/>\nMaksim\u0101l\u0101 slodzes nomin\u0101l\u0101 jauda: 6A<br \/>\nMaksim\u0101l\u0101 str\u0101vas nomin\u0101l\u0101 jauda: 6A<br \/>\nTermin\u0101\u013ca (f\u0101zes) diametrs: 3,2 mm; Jauda: 3 x 1,5 mm\u00b2<br \/>\nTikai iek\u0161telpu lieto\u0161anai. Sadz\u012bves apgaismojuma \u0137\u0113d\u0113m.<br \/>\nBS EN 61058-1<br \/>\nSertific\u0113ts lieto\u0161anai Apvienotaj\u0101 Karalist\u0113 un Eirop\u0101<br \/>\nUKCA \/ CE<br \/>\n*Nav savietojams ar atgriezenisko (atsperes) p\u0101rsl\u0113g\u0161anu <\/p>\n","protected":false},"excerpt":{"rendered":"<p>Imit\u0101cijas dimmera modulis \/ intermedi\u0101rais spiedpogas iesl\u0113g\u0161anas\/izsl\u0113g\u0161anas sl\u0113dzis (3 virzienu). Vizu\u0101li identisks dimmera sl\u0113dzim, ar intermedi\u0101ra\/3 virzienu p\u0101rsl\u0113dz\u0113ja funkciju \u2013<\/p>\n","protected":false},"featured_media":62345,"template":"","meta":[],"product_brand":[],"product_cat":[3783,3707],"product_tag":[],"class_list":{"0":"post-62866","1":"product","2":"type-product","3":"status-publish","4":"has-post-thumbnail","6":"product_cat-buster-and-punch","7":"product_cat-sastavdalas-lv","8":"pa_brand-buster-punch-lv","10":"first","11":"instock","12":"taxable","13":"shipping-taxable","14":"purchasable","15":"product-type-simple"},"yoast_head":"<!-- This site is optimized with the Yoast SEO plugin v27.4 - https:\/\/yoast.com\/product\/yoast-seo-wordpress\/ -->\n<title>Imit\u0101cijas dimmera modulis \/ Intermedi\u0101rais spiedpogas sl\u0113dzis \/ 3 virzienu Buster + Punch - Micasa<\/title>\n<meta name=\"robots\" content=\"index, follow, max-snippet:-1, max-image-preview:large, max-video-preview:-1\" \/>\n<link rel=\"canonical\" href=\"https:\/\/micasa.lv\/lv\/imitacijas-dimmera-modulis-intermediarais-spiedpogas-sledzis-3-virzienu-buster-punch\/\" \/>\n<meta property=\"og:locale\" content=\"lv_LV\" \/>\n<meta property=\"og:type\" content=\"article\" \/>\n<meta property=\"og:title\" content=\"Imit\u0101cijas dimmera modulis \/ Intermedi\u0101rais spiedpogas sl\u0113dzis \/ 3 virzienu Buster + Punch - Micasa\" \/>\n<meta property=\"og:description\" content=\"Imit\u0101cijas dimmera modulis \/ intermedi\u0101rais spiedpogas iesl\u0113g\u0161anas\/izsl\u0113g\u0161anas sl\u0113dzis (3 virzienu). Vizu\u0101li identisks dimmera sl\u0113dzim, ar intermedi\u0101ra\/3 virzienu p\u0101rsl\u0113dz\u0113ja funkciju \u2013\" \/>\n<meta property=\"og:url\" content=\"https:\/\/micasa.lv\/lv\/imitacijas-dimmera-modulis-intermediarais-spiedpogas-sledzis-3-virzienu-buster-punch\/\" \/>\n<meta property=\"og:site_name\" content=\"Micasa\" \/>\n<meta property=\"article:modified_time\" content=\"2026-02-11T10:47:16+00:00\" \/>\n<meta property=\"og:image\" content=\"https:\/\/micasa.lv\/wp-content\/uploads\/2025\/09\/dummy_dimmer_module_intermediate_push_onoff_switch_3_way.webp\" \/>\n\t<meta property=\"og:image:width\" content=\"1000\" \/>\n\t<meta property=\"og:image:height\" content=\"1000\" \/>\n\t<meta property=\"og:image:type\" content=\"image\/webp\" \/>\n<meta name=\"twitter:card\" content=\"summary_large_image\" \/>\n<meta name=\"twitter:label1\" content=\"Est. reading time\" \/>\n\t<meta name=\"twitter:data1\" content=\"1 minute\" \/>\n<script type=\"application\/ld+json\" class=\"yoast-schema-graph\">{\"@context\":\"https:\\\/\\\/schema.org\",\"@graph\":[{\"@type\":\"WebPage\",\"@id\":\"https:\\\/\\\/micasa.lv\\\/lv\\\/imitacijas-dimmera-modulis-intermediarais-spiedpogas-sledzis-3-virzienu-buster-punch\\\/\",\"url\":\"https:\\\/\\\/micasa.lv\\\/lv\\\/imitacijas-dimmera-modulis-intermediarais-spiedpogas-sledzis-3-virzienu-buster-punch\\\/\",\"name\":\"Imit\u0101cijas dimmera modulis \\\/ Intermedi\u0101rais spiedpogas sl\u0113dzis \\\/ 3 virzienu Buster + Punch - Micasa\",\"isPartOf\":{\"@id\":\"https:\\\/\\\/micasa.lv\\\/lv\\\/#website\"},\"primaryImageOfPage\":{\"@id\":\"https:\\\/\\\/micasa.lv\\\/lv\\\/imitacijas-dimmera-modulis-intermediarais-spiedpogas-sledzis-3-virzienu-buster-punch\\\/#primaryimage\"},\"image\":{\"@id\":\"https:\\\/\\\/micasa.lv\\\/lv\\\/imitacijas-dimmera-modulis-intermediarais-spiedpogas-sledzis-3-virzienu-buster-punch\\\/#primaryimage\"},\"thumbnailUrl\":\"https:\\\/\\\/micasa.lv\\\/wp-content\\\/uploads\\\/2025\\\/09\\\/dummy_dimmer_module_intermediate_push_onoff_switch_3_way.webp\",\"datePublished\":\"2025-09-29T13:43:52+00:00\",\"dateModified\":\"2026-02-11T10:47:16+00:00\",\"breadcrumb\":{\"@id\":\"https:\\\/\\\/micasa.lv\\\/lv\\\/imitacijas-dimmera-modulis-intermediarais-spiedpogas-sledzis-3-virzienu-buster-punch\\\/#breadcrumb\"},\"inLanguage\":\"lv-LV\",\"potentialAction\":[{\"@type\":\"ReadAction\",\"target\":[\"https:\\\/\\\/micasa.lv\\\/lv\\\/imitacijas-dimmera-modulis-intermediarais-spiedpogas-sledzis-3-virzienu-buster-punch\\\/\"]}]},{\"@type\":\"ImageObject\",\"inLanguage\":\"lv-LV\",\"@id\":\"https:\\\/\\\/micasa.lv\\\/lv\\\/imitacijas-dimmera-modulis-intermediarais-spiedpogas-sledzis-3-virzienu-buster-punch\\\/#primaryimage\",\"url\":\"https:\\\/\\\/micasa.lv\\\/wp-content\\\/uploads\\\/2025\\\/09\\\/dummy_dimmer_module_intermediate_push_onoff_switch_3_way.webp\",\"contentUrl\":\"https:\\\/\\\/micasa.lv\\\/wp-content\\\/uploads\\\/2025\\\/09\\\/dummy_dimmer_module_intermediate_push_onoff_switch_3_way.webp\",\"width\":1000,\"height\":1000},{\"@type\":\"BreadcrumbList\",\"@id\":\"https:\\\/\\\/micasa.lv\\\/lv\\\/imitacijas-dimmera-modulis-intermediarais-spiedpogas-sledzis-3-virzienu-buster-punch\\\/#breadcrumb\",\"itemListElement\":[{\"@type\":\"ListItem\",\"position\":1,\"name\":\"S\u0101kums\",\"item\":\"https:\\\/\\\/micasa.lv\\\/lv\\\/micasa\\\/\"},{\"@type\":\"ListItem\",\"position\":2,\"name\":\"Shop\",\"item\":\"https:\\\/\\\/micasa.lv\\\/lv\\\/shop\\\/\"},{\"@type\":\"ListItem\",\"position\":3,\"name\":\"Imit\u0101cijas dimmera modulis \\\/ Intermedi\u0101rais spiedpogas sl\u0113dzis \\\/ 3 virzienu Buster + Punch\"}]},{\"@type\":\"WebSite\",\"@id\":\"https:\\\/\\\/micasa.lv\\\/lv\\\/#website\",\"url\":\"https:\\\/\\\/micasa.lv\\\/lv\\\/\",\"name\":\"Micasa\",\"description\":\"\",\"potentialAction\":[{\"@type\":\"SearchAction\",\"target\":{\"@type\":\"EntryPoint\",\"urlTemplate\":\"https:\\\/\\\/micasa.lv\\\/lv\\\/?s={search_term_string}\"},\"query-input\":{\"@type\":\"PropertyValueSpecification\",\"valueRequired\":true,\"valueName\":\"search_term_string\"}}],\"inLanguage\":\"lv-LV\"}]}<\/script>\n<!-- \/ Yoast SEO plugin. -->","yoast_head_json":{"title":"Imit\u0101cijas dimmera modulis \/ Intermedi\u0101rais spiedpogas sl\u0113dzis \/ 3 virzienu Buster + Punch - Micasa","robots":{"index":"index","follow":"follow","max-snippet":"max-snippet:-1","max-image-preview":"max-image-preview:large","max-video-preview":"max-video-preview:-1"},"canonical":"https:\/\/micasa.lv\/lv\/imitacijas-dimmera-modulis-intermediarais-spiedpogas-sledzis-3-virzienu-buster-punch\/","og_locale":"lv_LV","og_type":"article","og_title":"Imit\u0101cijas dimmera modulis \/ Intermedi\u0101rais spiedpogas sl\u0113dzis \/ 3 virzienu Buster + Punch - Micasa","og_description":"Imit\u0101cijas dimmera modulis \/ intermedi\u0101rais spiedpogas iesl\u0113g\u0161anas\/izsl\u0113g\u0161anas sl\u0113dzis (3 virzienu). Vizu\u0101li identisks dimmera sl\u0113dzim, ar intermedi\u0101ra\/3 virzienu p\u0101rsl\u0113dz\u0113ja funkciju \u2013","og_url":"https:\/\/micasa.lv\/lv\/imitacijas-dimmera-modulis-intermediarais-spiedpogas-sledzis-3-virzienu-buster-punch\/","og_site_name":"Micasa","article_modified_time":"2026-02-11T10:47:16+00:00","og_image":[{"width":1000,"height":1000,"url":"https:\/\/micasa.lv\/wp-content\/uploads\/2025\/09\/dummy_dimmer_module_intermediate_push_onoff_switch_3_way.webp","type":"image\/webp"}],"twitter_card":"summary_large_image","twitter_misc":{"Est. reading time":"1 minute"},"schema":{"@context":"https:\/\/schema.org","@graph":[{"@type":"WebPage","@id":"https:\/\/micasa.lv\/lv\/imitacijas-dimmera-modulis-intermediarais-spiedpogas-sledzis-3-virzienu-buster-punch\/","url":"https:\/\/micasa.lv\/lv\/imitacijas-dimmera-modulis-intermediarais-spiedpogas-sledzis-3-virzienu-buster-punch\/","name":"Imit\u0101cijas dimmera modulis \/ Intermedi\u0101rais spiedpogas sl\u0113dzis \/ 3 virzienu Buster + Punch - Micasa","isPartOf":{"@id":"https:\/\/micasa.lv\/lv\/#website"},"primaryImageOfPage":{"@id":"https:\/\/micasa.lv\/lv\/imitacijas-dimmera-modulis-intermediarais-spiedpogas-sledzis-3-virzienu-buster-punch\/#primaryimage"},"image":{"@id":"https:\/\/micasa.lv\/lv\/imitacijas-dimmera-modulis-intermediarais-spiedpogas-sledzis-3-virzienu-buster-punch\/#primaryimage"},"thumbnailUrl":"https:\/\/micasa.lv\/wp-content\/uploads\/2025\/09\/dummy_dimmer_module_intermediate_push_onoff_switch_3_way.webp","datePublished":"2025-09-29T13:43:52+00:00","dateModified":"2026-02-11T10:47:16+00:00","breadcrumb":{"@id":"https:\/\/micasa.lv\/lv\/imitacijas-dimmera-modulis-intermediarais-spiedpogas-sledzis-3-virzienu-buster-punch\/#breadcrumb"},"inLanguage":"lv-LV","potentialAction":[{"@type":"ReadAction","target":["https:\/\/micasa.lv\/lv\/imitacijas-dimmera-modulis-intermediarais-spiedpogas-sledzis-3-virzienu-buster-punch\/"]}]},{"@type":"ImageObject","inLanguage":"lv-LV","@id":"https:\/\/micasa.lv\/lv\/imitacijas-dimmera-modulis-intermediarais-spiedpogas-sledzis-3-virzienu-buster-punch\/#primaryimage","url":"https:\/\/micasa.lv\/wp-content\/uploads\/2025\/09\/dummy_dimmer_module_intermediate_push_onoff_switch_3_way.webp","contentUrl":"https:\/\/micasa.lv\/wp-content\/uploads\/2025\/09\/dummy_dimmer_module_intermediate_push_onoff_switch_3_way.webp","width":1000,"height":1000},{"@type":"BreadcrumbList","@id":"https:\/\/micasa.lv\/lv\/imitacijas-dimmera-modulis-intermediarais-spiedpogas-sledzis-3-virzienu-buster-punch\/#breadcrumb","itemListElement":[{"@type":"ListItem","position":1,"name":"S\u0101kums","item":"https:\/\/micasa.lv\/lv\/micasa\/"},{"@type":"ListItem","position":2,"name":"Shop","item":"https:\/\/micasa.lv\/lv\/shop\/"},{"@type":"ListItem","position":3,"name":"Imit\u0101cijas dimmera modulis \/ Intermedi\u0101rais spiedpogas sl\u0113dzis \/ 3 virzienu Buster + Punch"}]},{"@type":"WebSite","@id":"https:\/\/micasa.lv\/lv\/#website","url":"https:\/\/micasa.lv\/lv\/","name":"Micasa","description":"","potentialAction":[{"@type":"SearchAction","target":{"@type":"EntryPoint","urlTemplate":"https:\/\/micasa.lv\/lv\/?s={search_term_string}"},"query-input":{"@type":"PropertyValueSpecification","valueRequired":true,"valueName":"search_term_string"}}],"inLanguage":"lv-LV"}]}},"wcpa_form_fields":null,"_links":{"self":[{"href":"https:\/\/micasa.lv\/lv\/wp-json\/wp\/v2\/product\/62866","targetHints":{"allow":["GET"]}}],"collection":[{"href":"https:\/\/micasa.lv\/lv\/wp-json\/wp\/v2\/product"}],"about":[{"href":"https:\/\/micasa.lv\/lv\/wp-json\/wp\/v2\/types\/product"}],"version-history":[{"count":1,"href":"https:\/\/micasa.lv\/lv\/wp-json\/wp\/v2\/product\/62866\/revisions"}],"predecessor-version":[{"id":66725,"href":"https:\/\/micasa.lv\/lv\/wp-json\/wp\/v2\/product\/62866\/revisions\/66725"}],"wp:featuredmedia":[{"embeddable":true,"href":"https:\/\/micasa.lv\/lv\/wp-json\/wp\/v2\/media\/62345"}],"wp:attachment":[{"href":"https:\/\/micasa.lv\/lv\/wp-json\/wp\/v2\/media?parent=62866"}],"wp:term":[{"taxonomy":"product_brand","embeddable":true,"href":"https:\/\/micasa.lv\/lv\/wp-json\/wp\/v2\/product_brand?post=62866"},{"taxonomy":"product_cat","embeddable":true,"href":"https:\/\/micasa.lv\/lv\/wp-json\/wp\/v2\/product_cat?post=62866"},{"taxonomy":"product_tag","embeddable":true,"href":"https:\/\/micasa.lv\/lv\/wp-json\/wp\/v2\/product_tag?post=62866"}],"curies":[{"name":"wp","href":"https:\/\/api.w.org\/{rel}","templated":true}]}}