{"id":62868,"date":"2025-09-29T16:33:06","date_gmt":"2025-09-29T13:33:06","guid":{"rendered":"https:\/\/micasa.lv\/dimmera-modulis-250w-led-savietojams-tikai-ar-impulsa-sledziem-buster-punch\/"},"modified":"2026-02-11T12:47:14","modified_gmt":"2026-02-11T10:47:14","slug":"dimmera-modulis-250w-led-savietojams-tikai-ar-impulsa-sledziem-buster-punch","status":"publish","type":"product","link":"https:\/\/micasa.lv\/lv\/dimmera-modulis-250w-led-savietojams-tikai-ar-impulsa-sledziem-buster-punch\/","title":{"rendered":"Dimmera modulis \/ 250W LED \/ Savietojams tikai ar impulsa sl\u0113d\u017eiem Buster + Punch"},"content":{"rendered":"<p>Daudzpunktu\/impulsa 250W LED dimmera modulis lieto\u0161anai ar m\u016bsu sienas pla\u0161u izv\u0113li un deta\u013cu komplektiem. Apvienojiet ar Buster + Punch plat\u0113m, deta\u013cu komplektiem un citiem modu\u013ciem, lai rad\u012btu savu ide\u0101lo sl\u0113dzi. Savietojams tikai ar impulsa (atgriezeniskajiem) modu\u013ciem un paredz\u0113ts uzst\u0101d\u012b\u0161anai ar speci\u0101l\u0101m impulsa sl\u0113d\u017eiem paredz\u0113t\u0101m apgaismojuma \u0137\u0113d\u0113m.  <\/p>\n<p>Stils: Spiedpogas Iesl\u0113g\u0161anas\/Izsl\u0113g\u0161anas rot\u0113jo\u0161ais dimmers<br \/>\nP\u0101rsl\u0113g\u0161ana: Daudzpunktu, izmantojot impulsa (atgriezeniskos) sl\u0113d\u017eus<br \/>\nIeeja: 240VAC<br \/>\nDimm\u0113\u0161anas veids: Autom\u0101tiska Aizmugures malas un Priek\u0161\u0113j\u0101s malas noteik\u0161ana<br \/>\nSlodze: 10-350W &#8211; kv\u0113lspuldzes \/ 3-250W &#8211; LED<br \/>\nSavietojam\u012bba: Lieto\u0161anai ar impulsa (atgriezeniskajiem) sl\u0113d\u017eiem. Nav savietojams ar standarta 1, 2 un 3 virzienu sl\u0113d\u017eu \u0137\u0113d\u0113m<br \/>\nLieto\u0161anai: Austr\u0101lij\u0101, Eirop\u0101 un Jaunz\u0113land\u0113<br \/>\nSertifik\u0101cija: CE \/ EAC \/ SAA \/ UKCA <\/p>\n","protected":false},"excerpt":{"rendered":"<p>Daudzpunktu\/impulsa 250W LED dimmera modulis lieto\u0161anai ar m\u016bsu sienas pla\u0161u izv\u0113li un deta\u013cu komplektiem. Apvienojiet ar Buster + Punch plat\u0113m,<\/p>\n","protected":false},"featured_media":62337,"template":"","meta":[],"product_brand":[],"product_cat":[3783,3707],"product_tag":[],"class_list":{"0":"post-62868","1":"product","2":"type-product","3":"status-publish","4":"has-post-thumbnail","6":"product_cat-buster-and-punch","7":"product_cat-sastavdalas-lv","8":"pa_brand-buster-punch-lv","10":"first","11":"instock","12":"taxable","13":"shipping-taxable","14":"purchasable","15":"product-type-simple"},"yoast_head":"<!-- This site is optimized with the Yoast SEO plugin v27.4 - https:\/\/yoast.com\/product\/yoast-seo-wordpress\/ -->\n<title>Dimmera modulis \/ 250W LED \/ Savietojams tikai ar impulsa sl\u0113d\u017eiem Buster + Punch - Micasa<\/title>\n<meta name=\"robots\" content=\"index, follow, max-snippet:-1, max-image-preview:large, max-video-preview:-1\" \/>\n<link rel=\"canonical\" href=\"https:\/\/micasa.lv\/lv\/dimmera-modulis-250w-led-savietojams-tikai-ar-impulsa-sledziem-buster-punch\/\" \/>\n<meta property=\"og:locale\" content=\"lv_LV\" \/>\n<meta property=\"og:type\" content=\"article\" \/>\n<meta property=\"og:title\" content=\"Dimmera modulis \/ 250W LED \/ Savietojams tikai ar impulsa sl\u0113d\u017eiem Buster + Punch - Micasa\" \/>\n<meta property=\"og:description\" content=\"Daudzpunktu\/impulsa 250W LED dimmera modulis lieto\u0161anai ar m\u016bsu sienas pla\u0161u izv\u0113li un deta\u013cu komplektiem. Apvienojiet ar Buster + Punch plat\u0113m,\" \/>\n<meta property=\"og:url\" content=\"https:\/\/micasa.lv\/lv\/dimmera-modulis-250w-led-savietojams-tikai-ar-impulsa-sledziem-buster-punch\/\" \/>\n<meta property=\"og:site_name\" content=\"Micasa\" \/>\n<meta property=\"article:modified_time\" content=\"2026-02-11T10:47:14+00:00\" \/>\n<meta property=\"og:image\" content=\"https:\/\/micasa.lv\/wp-content\/uploads\/2025\/09\/dimmer_module_250w_led.webp\" \/>\n\t<meta property=\"og:image:width\" content=\"1000\" \/>\n\t<meta property=\"og:image:height\" content=\"1000\" \/>\n\t<meta property=\"og:image:type\" content=\"image\/webp\" \/>\n<meta name=\"twitter:card\" content=\"summary_large_image\" \/>\n<meta name=\"twitter:label1\" content=\"Est. reading time\" \/>\n\t<meta name=\"twitter:data1\" content=\"1 minute\" \/>\n<script type=\"application\/ld+json\" class=\"yoast-schema-graph\">{\"@context\":\"https:\\\/\\\/schema.org\",\"@graph\":[{\"@type\":\"WebPage\",\"@id\":\"https:\\\/\\\/micasa.lv\\\/lv\\\/dimmera-modulis-250w-led-savietojams-tikai-ar-impulsa-sledziem-buster-punch\\\/\",\"url\":\"https:\\\/\\\/micasa.lv\\\/lv\\\/dimmera-modulis-250w-led-savietojams-tikai-ar-impulsa-sledziem-buster-punch\\\/\",\"name\":\"Dimmera modulis \\\/ 250W LED \\\/ Savietojams tikai ar impulsa sl\u0113d\u017eiem Buster + Punch - Micasa\",\"isPartOf\":{\"@id\":\"https:\\\/\\\/micasa.lv\\\/lv\\\/#website\"},\"primaryImageOfPage\":{\"@id\":\"https:\\\/\\\/micasa.lv\\\/lv\\\/dimmera-modulis-250w-led-savietojams-tikai-ar-impulsa-sledziem-buster-punch\\\/#primaryimage\"},\"image\":{\"@id\":\"https:\\\/\\\/micasa.lv\\\/lv\\\/dimmera-modulis-250w-led-savietojams-tikai-ar-impulsa-sledziem-buster-punch\\\/#primaryimage\"},\"thumbnailUrl\":\"https:\\\/\\\/micasa.lv\\\/wp-content\\\/uploads\\\/2025\\\/09\\\/dimmer_module_250w_led.webp\",\"datePublished\":\"2025-09-29T13:33:06+00:00\",\"dateModified\":\"2026-02-11T10:47:14+00:00\",\"breadcrumb\":{\"@id\":\"https:\\\/\\\/micasa.lv\\\/lv\\\/dimmera-modulis-250w-led-savietojams-tikai-ar-impulsa-sledziem-buster-punch\\\/#breadcrumb\"},\"inLanguage\":\"lv-LV\",\"potentialAction\":[{\"@type\":\"ReadAction\",\"target\":[\"https:\\\/\\\/micasa.lv\\\/lv\\\/dimmera-modulis-250w-led-savietojams-tikai-ar-impulsa-sledziem-buster-punch\\\/\"]}]},{\"@type\":\"ImageObject\",\"inLanguage\":\"lv-LV\",\"@id\":\"https:\\\/\\\/micasa.lv\\\/lv\\\/dimmera-modulis-250w-led-savietojams-tikai-ar-impulsa-sledziem-buster-punch\\\/#primaryimage\",\"url\":\"https:\\\/\\\/micasa.lv\\\/wp-content\\\/uploads\\\/2025\\\/09\\\/dimmer_module_250w_led.webp\",\"contentUrl\":\"https:\\\/\\\/micasa.lv\\\/wp-content\\\/uploads\\\/2025\\\/09\\\/dimmer_module_250w_led.webp\",\"width\":1000,\"height\":1000},{\"@type\":\"BreadcrumbList\",\"@id\":\"https:\\\/\\\/micasa.lv\\\/lv\\\/dimmera-modulis-250w-led-savietojams-tikai-ar-impulsa-sledziem-buster-punch\\\/#breadcrumb\",\"itemListElement\":[{\"@type\":\"ListItem\",\"position\":1,\"name\":\"S\u0101kums\",\"item\":\"https:\\\/\\\/micasa.lv\\\/lv\\\/micasa\\\/\"},{\"@type\":\"ListItem\",\"position\":2,\"name\":\"Shop\",\"item\":\"https:\\\/\\\/micasa.lv\\\/lv\\\/shop\\\/\"},{\"@type\":\"ListItem\",\"position\":3,\"name\":\"Dimmera modulis \\\/ 250W LED \\\/ Savietojams tikai ar impulsa sl\u0113d\u017eiem Buster + Punch\"}]},{\"@type\":\"WebSite\",\"@id\":\"https:\\\/\\\/micasa.lv\\\/lv\\\/#website\",\"url\":\"https:\\\/\\\/micasa.lv\\\/lv\\\/\",\"name\":\"Micasa\",\"description\":\"\",\"potentialAction\":[{\"@type\":\"SearchAction\",\"target\":{\"@type\":\"EntryPoint\",\"urlTemplate\":\"https:\\\/\\\/micasa.lv\\\/lv\\\/?s={search_term_string}\"},\"query-input\":{\"@type\":\"PropertyValueSpecification\",\"valueRequired\":true,\"valueName\":\"search_term_string\"}}],\"inLanguage\":\"lv-LV\"}]}<\/script>\n<!-- \/ Yoast SEO plugin. -->","yoast_head_json":{"title":"Dimmera modulis \/ 250W LED \/ Savietojams tikai ar impulsa sl\u0113d\u017eiem Buster + Punch - Micasa","robots":{"index":"index","follow":"follow","max-snippet":"max-snippet:-1","max-image-preview":"max-image-preview:large","max-video-preview":"max-video-preview:-1"},"canonical":"https:\/\/micasa.lv\/lv\/dimmera-modulis-250w-led-savietojams-tikai-ar-impulsa-sledziem-buster-punch\/","og_locale":"lv_LV","og_type":"article","og_title":"Dimmera modulis \/ 250W LED \/ Savietojams tikai ar impulsa sl\u0113d\u017eiem Buster + Punch - Micasa","og_description":"Daudzpunktu\/impulsa 250W LED dimmera modulis lieto\u0161anai ar m\u016bsu sienas pla\u0161u izv\u0113li un deta\u013cu komplektiem. Apvienojiet ar Buster + Punch plat\u0113m,","og_url":"https:\/\/micasa.lv\/lv\/dimmera-modulis-250w-led-savietojams-tikai-ar-impulsa-sledziem-buster-punch\/","og_site_name":"Micasa","article_modified_time":"2026-02-11T10:47:14+00:00","og_image":[{"width":1000,"height":1000,"url":"https:\/\/micasa.lv\/wp-content\/uploads\/2025\/09\/dimmer_module_250w_led.webp","type":"image\/webp"}],"twitter_card":"summary_large_image","twitter_misc":{"Est. reading time":"1 minute"},"schema":{"@context":"https:\/\/schema.org","@graph":[{"@type":"WebPage","@id":"https:\/\/micasa.lv\/lv\/dimmera-modulis-250w-led-savietojams-tikai-ar-impulsa-sledziem-buster-punch\/","url":"https:\/\/micasa.lv\/lv\/dimmera-modulis-250w-led-savietojams-tikai-ar-impulsa-sledziem-buster-punch\/","name":"Dimmera modulis \/ 250W LED \/ Savietojams tikai ar impulsa sl\u0113d\u017eiem Buster + Punch - Micasa","isPartOf":{"@id":"https:\/\/micasa.lv\/lv\/#website"},"primaryImageOfPage":{"@id":"https:\/\/micasa.lv\/lv\/dimmera-modulis-250w-led-savietojams-tikai-ar-impulsa-sledziem-buster-punch\/#primaryimage"},"image":{"@id":"https:\/\/micasa.lv\/lv\/dimmera-modulis-250w-led-savietojams-tikai-ar-impulsa-sledziem-buster-punch\/#primaryimage"},"thumbnailUrl":"https:\/\/micasa.lv\/wp-content\/uploads\/2025\/09\/dimmer_module_250w_led.webp","datePublished":"2025-09-29T13:33:06+00:00","dateModified":"2026-02-11T10:47:14+00:00","breadcrumb":{"@id":"https:\/\/micasa.lv\/lv\/dimmera-modulis-250w-led-savietojams-tikai-ar-impulsa-sledziem-buster-punch\/#breadcrumb"},"inLanguage":"lv-LV","potentialAction":[{"@type":"ReadAction","target":["https:\/\/micasa.lv\/lv\/dimmera-modulis-250w-led-savietojams-tikai-ar-impulsa-sledziem-buster-punch\/"]}]},{"@type":"ImageObject","inLanguage":"lv-LV","@id":"https:\/\/micasa.lv\/lv\/dimmera-modulis-250w-led-savietojams-tikai-ar-impulsa-sledziem-buster-punch\/#primaryimage","url":"https:\/\/micasa.lv\/wp-content\/uploads\/2025\/09\/dimmer_module_250w_led.webp","contentUrl":"https:\/\/micasa.lv\/wp-content\/uploads\/2025\/09\/dimmer_module_250w_led.webp","width":1000,"height":1000},{"@type":"BreadcrumbList","@id":"https:\/\/micasa.lv\/lv\/dimmera-modulis-250w-led-savietojams-tikai-ar-impulsa-sledziem-buster-punch\/#breadcrumb","itemListElement":[{"@type":"ListItem","position":1,"name":"S\u0101kums","item":"https:\/\/micasa.lv\/lv\/micasa\/"},{"@type":"ListItem","position":2,"name":"Shop","item":"https:\/\/micasa.lv\/lv\/shop\/"},{"@type":"ListItem","position":3,"name":"Dimmera modulis \/ 250W LED \/ Savietojams tikai ar impulsa sl\u0113d\u017eiem Buster + Punch"}]},{"@type":"WebSite","@id":"https:\/\/micasa.lv\/lv\/#website","url":"https:\/\/micasa.lv\/lv\/","name":"Micasa","description":"","potentialAction":[{"@type":"SearchAction","target":{"@type":"EntryPoint","urlTemplate":"https:\/\/micasa.lv\/lv\/?s={search_term_string}"},"query-input":{"@type":"PropertyValueSpecification","valueRequired":true,"valueName":"search_term_string"}}],"inLanguage":"lv-LV"}]}},"wcpa_form_fields":null,"_links":{"self":[{"href":"https:\/\/micasa.lv\/lv\/wp-json\/wp\/v2\/product\/62868","targetHints":{"allow":["GET"]}}],"collection":[{"href":"https:\/\/micasa.lv\/lv\/wp-json\/wp\/v2\/product"}],"about":[{"href":"https:\/\/micasa.lv\/lv\/wp-json\/wp\/v2\/types\/product"}],"version-history":[{"count":1,"href":"https:\/\/micasa.lv\/lv\/wp-json\/wp\/v2\/product\/62868\/revisions"}],"predecessor-version":[{"id":66724,"href":"https:\/\/micasa.lv\/lv\/wp-json\/wp\/v2\/product\/62868\/revisions\/66724"}],"wp:featuredmedia":[{"embeddable":true,"href":"https:\/\/micasa.lv\/lv\/wp-json\/wp\/v2\/media\/62337"}],"wp:attachment":[{"href":"https:\/\/micasa.lv\/lv\/wp-json\/wp\/v2\/media?parent=62868"}],"wp:term":[{"taxonomy":"product_brand","embeddable":true,"href":"https:\/\/micasa.lv\/lv\/wp-json\/wp\/v2\/product_brand?post=62868"},{"taxonomy":"product_cat","embeddable":true,"href":"https:\/\/micasa.lv\/lv\/wp-json\/wp\/v2\/product_cat?post=62868"},{"taxonomy":"product_tag","embeddable":true,"href":"https:\/\/micasa.lv\/lv\/wp-json\/wp\/v2\/product_tag?post=62868"}],"curies":[{"name":"wp","href":"https:\/\/api.w.org\/{rel}","templated":true}]}}