{"id":62870,"date":"2025-09-29T16:25:46","date_gmt":"2025-09-29T13:25:46","guid":{"rendered":"https:\/\/micasa.lv\/dimmera-modulis-1-10v-2-virzienu-buster-punch\/"},"modified":"2026-02-11T12:47:56","modified_gmt":"2026-02-11T10:47:56","slug":"dimmera-modulis-1-10v-2-virzienu-buster-punch","status":"publish","type":"product","link":"https:\/\/micasa.lv\/lv\/dimmera-modulis-1-10v-2-virzienu-buster-punch\/","title":{"rendered":"Dimmera modulis \/ 1-10V \/ 2 virzienu Buster + Punch"},"content":{"rendered":"<p>1\u201310 V divvirzienu spiedpogas iesl\u0113g\u0161anas\/izsl\u0113g\u0161anas dimmera modulis vair\u0101kiem LED draiveriem, kam nepiecie\u0161ama 1\u201310 V l\u012bdzstr\u0101vas (DC) ievade. Savietojams ar B+P deta\u013cu komplektiem. Citu pieg\u0101d\u0101t\u0101ju dimmera modu\u013ci nav savietojami ar m\u016bsu deta\u013cu komplektiem.  <\/p>\n<p>&nbsp;<\/p>\n<p>Spiedpogas Iesl\u0113g\u0161anas\/Izsl\u0113g\u0161anas rot\u0113jo\u0161ais dimmers<br \/>1\u201310 V dimm\u0113\u0161anas vad\u012bbai<br \/>1-2 virzienu p\u0101rsl\u0113g\u0161ana<br \/>Savietojams ar standarta 2-3 virzienu sl\u0113d\u017eiem<br \/>Darba spriegums: 230 V 50 Hz (p\u0101rsl\u0113g\u0161anai), 1\u201310 V (l\u012bdzstr\u0101vas (DC) dimm\u0113\u0161anas vad\u012bbas sign\u0101ls)<br \/>Maksim\u0101l\u0101 slodzes jauda: 1500W (p\u0101rsl\u0113g\u0161anai) L\u012bdz 20 augstfrekvences dimm\u0113jamiem balastiem (dimm\u0113\u0161anas vad\u012bbas sist\u0113ma)<br \/>Maksim\u0101l\u0101 str\u0101vas jauda: P\u0101rsl\u0113g\u0161anai: 6A; Dimm\u0113\u0161anai: 20mA<br \/>Termin\u0101\u013ca (f\u0101zes) diametrs: 3,2 mm; Jauda: 3 x 1,5 mm\u00b2<br \/>Tikai iek\u0161telpu lieto\u0161anai. Sadz\u012bves apgaismojuma \u0137\u0113des.<br \/>\nNav piem\u0113rots lieto\u0161anai ar nedimm\u0113jam\u0101m dienasgaismas spuldz\u0113m un caurul\u0113m, stieples tinuma vai toroid\u0101liem transformatoriem vai elektromotoriem.<br \/>\nNep\u0101rslogot.<br \/>\nBS EN 60669-2-1<br \/>\nSertific\u0113ts lieto\u0161anai Apvienotaj\u0101 Karalist\u0113 un Eirop\u0101: CE<br \/>\n*Nav savietojams ar atgriezenisko (atsperes) p\u0101rsl\u0113g\u0161anu<\/p>\n","protected":false},"excerpt":{"rendered":"<p>1\u201310 V divvirzienu spiedpogas iesl\u0113g\u0161anas\/izsl\u0113g\u0161anas dimmera modulis vair\u0101kiem LED draiveriem, kam nepiecie\u0161ama 1\u201310 V l\u012bdzstr\u0101vas (DC) ievade. Savietojams ar B+P<\/p>\n","protected":false},"featured_media":62326,"template":"","meta":[],"product_brand":[],"product_cat":[3783,3707],"product_tag":[],"class_list":{"0":"post-62870","1":"product","2":"type-product","3":"status-publish","4":"has-post-thumbnail","6":"product_cat-buster-and-punch","7":"product_cat-sastavdalas-lv","8":"pa_brand-buster-punch-lv","10":"first","11":"instock","12":"taxable","13":"shipping-taxable","14":"purchasable","15":"product-type-simple"},"yoast_head":"<!-- This site is optimized with the Yoast SEO plugin v27.4 - https:\/\/yoast.com\/product\/yoast-seo-wordpress\/ -->\n<title>Dimmera modulis \/ 1-10V \/ 2 virzienu Buster + Punch - Micasa<\/title>\n<meta name=\"robots\" content=\"index, follow, max-snippet:-1, max-image-preview:large, max-video-preview:-1\" \/>\n<link rel=\"canonical\" href=\"https:\/\/micasa.lv\/lv\/dimmera-modulis-1-10v-2-virzienu-buster-punch\/\" \/>\n<meta property=\"og:locale\" content=\"lv_LV\" \/>\n<meta property=\"og:type\" content=\"article\" \/>\n<meta property=\"og:title\" content=\"Dimmera modulis \/ 1-10V \/ 2 virzienu Buster + Punch - Micasa\" \/>\n<meta property=\"og:description\" content=\"1\u201310 V divvirzienu spiedpogas iesl\u0113g\u0161anas\/izsl\u0113g\u0161anas dimmera modulis vair\u0101kiem LED draiveriem, kam nepiecie\u0161ama 1\u201310 V l\u012bdzstr\u0101vas (DC) ievade. Savietojams ar B+P\" \/>\n<meta property=\"og:url\" content=\"https:\/\/micasa.lv\/lv\/dimmera-modulis-1-10v-2-virzienu-buster-punch\/\" \/>\n<meta property=\"og:site_name\" content=\"Micasa\" \/>\n<meta property=\"article:modified_time\" content=\"2026-02-11T10:47:56+00:00\" \/>\n<meta property=\"og:image\" content=\"https:\/\/micasa.lv\/wp-content\/uploads\/2025\/09\/dimmer_module-_1-10v_2_way.webp\" \/>\n\t<meta property=\"og:image:width\" content=\"1000\" \/>\n\t<meta property=\"og:image:height\" content=\"1000\" \/>\n\t<meta property=\"og:image:type\" content=\"image\/webp\" \/>\n<meta name=\"twitter:card\" content=\"summary_large_image\" \/>\n<meta name=\"twitter:label1\" content=\"Est. reading time\" \/>\n\t<meta name=\"twitter:data1\" content=\"1 minute\" \/>\n<script type=\"application\/ld+json\" class=\"yoast-schema-graph\">{\"@context\":\"https:\\\/\\\/schema.org\",\"@graph\":[{\"@type\":\"WebPage\",\"@id\":\"https:\\\/\\\/micasa.lv\\\/lv\\\/dimmera-modulis-1-10v-2-virzienu-buster-punch\\\/\",\"url\":\"https:\\\/\\\/micasa.lv\\\/lv\\\/dimmera-modulis-1-10v-2-virzienu-buster-punch\\\/\",\"name\":\"Dimmera modulis \\\/ 1-10V \\\/ 2 virzienu Buster + Punch - Micasa\",\"isPartOf\":{\"@id\":\"https:\\\/\\\/micasa.lv\\\/lv\\\/#website\"},\"primaryImageOfPage\":{\"@id\":\"https:\\\/\\\/micasa.lv\\\/lv\\\/dimmera-modulis-1-10v-2-virzienu-buster-punch\\\/#primaryimage\"},\"image\":{\"@id\":\"https:\\\/\\\/micasa.lv\\\/lv\\\/dimmera-modulis-1-10v-2-virzienu-buster-punch\\\/#primaryimage\"},\"thumbnailUrl\":\"https:\\\/\\\/micasa.lv\\\/wp-content\\\/uploads\\\/2025\\\/09\\\/dimmer_module-_1-10v_2_way.webp\",\"datePublished\":\"2025-09-29T13:25:46+00:00\",\"dateModified\":\"2026-02-11T10:47:56+00:00\",\"breadcrumb\":{\"@id\":\"https:\\\/\\\/micasa.lv\\\/lv\\\/dimmera-modulis-1-10v-2-virzienu-buster-punch\\\/#breadcrumb\"},\"inLanguage\":\"lv-LV\",\"potentialAction\":[{\"@type\":\"ReadAction\",\"target\":[\"https:\\\/\\\/micasa.lv\\\/lv\\\/dimmera-modulis-1-10v-2-virzienu-buster-punch\\\/\"]}]},{\"@type\":\"ImageObject\",\"inLanguage\":\"lv-LV\",\"@id\":\"https:\\\/\\\/micasa.lv\\\/lv\\\/dimmera-modulis-1-10v-2-virzienu-buster-punch\\\/#primaryimage\",\"url\":\"https:\\\/\\\/micasa.lv\\\/wp-content\\\/uploads\\\/2025\\\/09\\\/dimmer_module-_1-10v_2_way.webp\",\"contentUrl\":\"https:\\\/\\\/micasa.lv\\\/wp-content\\\/uploads\\\/2025\\\/09\\\/dimmer_module-_1-10v_2_way.webp\",\"width\":1000,\"height\":1000},{\"@type\":\"BreadcrumbList\",\"@id\":\"https:\\\/\\\/micasa.lv\\\/lv\\\/dimmera-modulis-1-10v-2-virzienu-buster-punch\\\/#breadcrumb\",\"itemListElement\":[{\"@type\":\"ListItem\",\"position\":1,\"name\":\"S\u0101kums\",\"item\":\"https:\\\/\\\/micasa.lv\\\/lv\\\/micasa\\\/\"},{\"@type\":\"ListItem\",\"position\":2,\"name\":\"Shop\",\"item\":\"https:\\\/\\\/micasa.lv\\\/lv\\\/shop\\\/\"},{\"@type\":\"ListItem\",\"position\":3,\"name\":\"Dimmera modulis \\\/ 1-10V \\\/ 2 virzienu Buster + Punch\"}]},{\"@type\":\"WebSite\",\"@id\":\"https:\\\/\\\/micasa.lv\\\/lv\\\/#website\",\"url\":\"https:\\\/\\\/micasa.lv\\\/lv\\\/\",\"name\":\"Micasa\",\"description\":\"\",\"potentialAction\":[{\"@type\":\"SearchAction\",\"target\":{\"@type\":\"EntryPoint\",\"urlTemplate\":\"https:\\\/\\\/micasa.lv\\\/lv\\\/?s={search_term_string}\"},\"query-input\":{\"@type\":\"PropertyValueSpecification\",\"valueRequired\":true,\"valueName\":\"search_term_string\"}}],\"inLanguage\":\"lv-LV\"}]}<\/script>\n<!-- \/ Yoast SEO plugin. -->","yoast_head_json":{"title":"Dimmera modulis \/ 1-10V \/ 2 virzienu Buster + Punch - Micasa","robots":{"index":"index","follow":"follow","max-snippet":"max-snippet:-1","max-image-preview":"max-image-preview:large","max-video-preview":"max-video-preview:-1"},"canonical":"https:\/\/micasa.lv\/lv\/dimmera-modulis-1-10v-2-virzienu-buster-punch\/","og_locale":"lv_LV","og_type":"article","og_title":"Dimmera modulis \/ 1-10V \/ 2 virzienu Buster + Punch - Micasa","og_description":"1\u201310 V divvirzienu spiedpogas iesl\u0113g\u0161anas\/izsl\u0113g\u0161anas dimmera modulis vair\u0101kiem LED draiveriem, kam nepiecie\u0161ama 1\u201310 V l\u012bdzstr\u0101vas (DC) ievade. Savietojams ar B+P","og_url":"https:\/\/micasa.lv\/lv\/dimmera-modulis-1-10v-2-virzienu-buster-punch\/","og_site_name":"Micasa","article_modified_time":"2026-02-11T10:47:56+00:00","og_image":[{"width":1000,"height":1000,"url":"https:\/\/micasa.lv\/wp-content\/uploads\/2025\/09\/dimmer_module-_1-10v_2_way.webp","type":"image\/webp"}],"twitter_card":"summary_large_image","twitter_misc":{"Est. reading time":"1 minute"},"schema":{"@context":"https:\/\/schema.org","@graph":[{"@type":"WebPage","@id":"https:\/\/micasa.lv\/lv\/dimmera-modulis-1-10v-2-virzienu-buster-punch\/","url":"https:\/\/micasa.lv\/lv\/dimmera-modulis-1-10v-2-virzienu-buster-punch\/","name":"Dimmera modulis \/ 1-10V \/ 2 virzienu Buster + Punch - Micasa","isPartOf":{"@id":"https:\/\/micasa.lv\/lv\/#website"},"primaryImageOfPage":{"@id":"https:\/\/micasa.lv\/lv\/dimmera-modulis-1-10v-2-virzienu-buster-punch\/#primaryimage"},"image":{"@id":"https:\/\/micasa.lv\/lv\/dimmera-modulis-1-10v-2-virzienu-buster-punch\/#primaryimage"},"thumbnailUrl":"https:\/\/micasa.lv\/wp-content\/uploads\/2025\/09\/dimmer_module-_1-10v_2_way.webp","datePublished":"2025-09-29T13:25:46+00:00","dateModified":"2026-02-11T10:47:56+00:00","breadcrumb":{"@id":"https:\/\/micasa.lv\/lv\/dimmera-modulis-1-10v-2-virzienu-buster-punch\/#breadcrumb"},"inLanguage":"lv-LV","potentialAction":[{"@type":"ReadAction","target":["https:\/\/micasa.lv\/lv\/dimmera-modulis-1-10v-2-virzienu-buster-punch\/"]}]},{"@type":"ImageObject","inLanguage":"lv-LV","@id":"https:\/\/micasa.lv\/lv\/dimmera-modulis-1-10v-2-virzienu-buster-punch\/#primaryimage","url":"https:\/\/micasa.lv\/wp-content\/uploads\/2025\/09\/dimmer_module-_1-10v_2_way.webp","contentUrl":"https:\/\/micasa.lv\/wp-content\/uploads\/2025\/09\/dimmer_module-_1-10v_2_way.webp","width":1000,"height":1000},{"@type":"BreadcrumbList","@id":"https:\/\/micasa.lv\/lv\/dimmera-modulis-1-10v-2-virzienu-buster-punch\/#breadcrumb","itemListElement":[{"@type":"ListItem","position":1,"name":"S\u0101kums","item":"https:\/\/micasa.lv\/lv\/micasa\/"},{"@type":"ListItem","position":2,"name":"Shop","item":"https:\/\/micasa.lv\/lv\/shop\/"},{"@type":"ListItem","position":3,"name":"Dimmera modulis \/ 1-10V \/ 2 virzienu Buster + Punch"}]},{"@type":"WebSite","@id":"https:\/\/micasa.lv\/lv\/#website","url":"https:\/\/micasa.lv\/lv\/","name":"Micasa","description":"","potentialAction":[{"@type":"SearchAction","target":{"@type":"EntryPoint","urlTemplate":"https:\/\/micasa.lv\/lv\/?s={search_term_string}"},"query-input":{"@type":"PropertyValueSpecification","valueRequired":true,"valueName":"search_term_string"}}],"inLanguage":"lv-LV"}]}},"wcpa_form_fields":null,"_links":{"self":[{"href":"https:\/\/micasa.lv\/lv\/wp-json\/wp\/v2\/product\/62870","targetHints":{"allow":["GET"]}}],"collection":[{"href":"https:\/\/micasa.lv\/lv\/wp-json\/wp\/v2\/product"}],"about":[{"href":"https:\/\/micasa.lv\/lv\/wp-json\/wp\/v2\/types\/product"}],"version-history":[{"count":1,"href":"https:\/\/micasa.lv\/lv\/wp-json\/wp\/v2\/product\/62870\/revisions"}],"predecessor-version":[{"id":66728,"href":"https:\/\/micasa.lv\/lv\/wp-json\/wp\/v2\/product\/62870\/revisions\/66728"}],"wp:featuredmedia":[{"embeddable":true,"href":"https:\/\/micasa.lv\/lv\/wp-json\/wp\/v2\/media\/62326"}],"wp:attachment":[{"href":"https:\/\/micasa.lv\/lv\/wp-json\/wp\/v2\/media?parent=62870"}],"wp:term":[{"taxonomy":"product_brand","embeddable":true,"href":"https:\/\/micasa.lv\/lv\/wp-json\/wp\/v2\/product_brand?post=62870"},{"taxonomy":"product_cat","embeddable":true,"href":"https:\/\/micasa.lv\/lv\/wp-json\/wp\/v2\/product_cat?post=62870"},{"taxonomy":"product_tag","embeddable":true,"href":"https:\/\/micasa.lv\/lv\/wp-json\/wp\/v2\/product_tag?post=62870"}],"curies":[{"name":"wp","href":"https:\/\/api.w.org\/{rel}","templated":true}]}}