{"id":62879,"date":"2025-09-29T15:52:36","date_gmt":"2025-09-29T12:52:36","guid":{"rendered":"https:\/\/micasa.lv\/sledzeja-modulis-2-virzienu-buster-punch\/"},"modified":"2026-02-11T12:49:14","modified_gmt":"2026-02-11T10:49:14","slug":"sledzeja-modulis-2-virzienu-buster-punch","status":"publish","type":"product","link":"https:\/\/micasa.lv\/lv\/sledzeja-modulis-2-virzienu-buster-punch\/","title":{"rendered":"Sl\u0113dz\u0113ja modulis \/ 2 virzienu Buster + Punch"},"content":{"rendered":"<p>2 virzienu p\u0101rsl\u0113dz\u0113ja modulis<\/p>\n<p>&nbsp;<\/p>\n<p>Sl\u0113dz\u0113js Iesl\u0113gts \/ Izsl\u0113gts<br \/>\n2 virzienu p\u0101rsl\u0113g\u0161ana (var izmantot vad\u012bbai no vair\u0101k\u0101m viet\u0101m)<br \/>\n250 VAC \/ 10 AX<br \/>\nSertific\u0113ts lieto\u0161anai Apvienotaj\u0101 Karalist\u0113, Eirop\u0101 un Krievij\u0101:<br \/>\nUKCA \/ CE \/ EAC<br \/>\n*Nav savietojams ar atgriezenisko (atsperes) p\u0101rsl\u0113g\u0161anu<\/p>\n","protected":false},"excerpt":{"rendered":"<p>2 virzienu p\u0101rsl\u0113dz\u0113ja modulis &nbsp; Sl\u0113dz\u0113js Iesl\u0113gts \/ Izsl\u0113gts 2 virzienu p\u0101rsl\u0113g\u0161ana (var izmantot vad\u012bbai no vair\u0101k\u0101m viet\u0101m) 250 VAC<\/p>\n","protected":false},"featured_media":62291,"template":"","meta":[],"product_brand":[],"product_cat":[3783,3707],"product_tag":[],"class_list":{"0":"post-62879","1":"product","2":"type-product","3":"status-publish","4":"has-post-thumbnail","6":"product_cat-buster-and-punch","7":"product_cat-sastavdalas-lv","8":"pa_brand-buster-punch-lv","10":"first","11":"instock","12":"taxable","13":"shipping-taxable","14":"purchasable","15":"product-type-simple"},"yoast_head":"<!-- This site is optimized with the Yoast SEO plugin v27.4 - https:\/\/yoast.com\/product\/yoast-seo-wordpress\/ -->\n<title>Sl\u0113dz\u0113ja modulis \/ 2 virzienu Buster + Punch - Micasa<\/title>\n<meta name=\"robots\" content=\"index, follow, max-snippet:-1, max-image-preview:large, max-video-preview:-1\" \/>\n<link rel=\"canonical\" href=\"https:\/\/micasa.lv\/lv\/sledzeja-modulis-2-virzienu-buster-punch\/\" \/>\n<meta property=\"og:locale\" content=\"lv_LV\" \/>\n<meta property=\"og:type\" content=\"article\" \/>\n<meta property=\"og:title\" content=\"Sl\u0113dz\u0113ja modulis \/ 2 virzienu Buster + Punch - Micasa\" \/>\n<meta property=\"og:description\" content=\"2 virzienu p\u0101rsl\u0113dz\u0113ja modulis &nbsp; Sl\u0113dz\u0113js Iesl\u0113gts \/ Izsl\u0113gts 2 virzienu p\u0101rsl\u0113g\u0161ana (var izmantot vad\u012bbai no vair\u0101k\u0101m viet\u0101m) 250 VAC\" \/>\n<meta property=\"og:url\" content=\"https:\/\/micasa.lv\/lv\/sledzeja-modulis-2-virzienu-buster-punch\/\" \/>\n<meta property=\"og:site_name\" content=\"Micasa\" \/>\n<meta property=\"article:modified_time\" content=\"2026-02-11T10:49:14+00:00\" \/>\n<meta property=\"og:image\" content=\"https:\/\/micasa.lv\/wp-content\/uploads\/2025\/09\/toggle_module_2way.webp\" \/>\n\t<meta property=\"og:image:width\" content=\"1000\" \/>\n\t<meta property=\"og:image:height\" content=\"1000\" \/>\n\t<meta property=\"og:image:type\" content=\"image\/webp\" \/>\n<meta name=\"twitter:card\" content=\"summary_large_image\" \/>\n<script type=\"application\/ld+json\" class=\"yoast-schema-graph\">{\"@context\":\"https:\\\/\\\/schema.org\",\"@graph\":[{\"@type\":\"WebPage\",\"@id\":\"https:\\\/\\\/micasa.lv\\\/lv\\\/sledzeja-modulis-2-virzienu-buster-punch\\\/\",\"url\":\"https:\\\/\\\/micasa.lv\\\/lv\\\/sledzeja-modulis-2-virzienu-buster-punch\\\/\",\"name\":\"Sl\u0113dz\u0113ja modulis \\\/ 2 virzienu Buster + Punch - Micasa\",\"isPartOf\":{\"@id\":\"https:\\\/\\\/micasa.lv\\\/lv\\\/#website\"},\"primaryImageOfPage\":{\"@id\":\"https:\\\/\\\/micasa.lv\\\/lv\\\/sledzeja-modulis-2-virzienu-buster-punch\\\/#primaryimage\"},\"image\":{\"@id\":\"https:\\\/\\\/micasa.lv\\\/lv\\\/sledzeja-modulis-2-virzienu-buster-punch\\\/#primaryimage\"},\"thumbnailUrl\":\"https:\\\/\\\/micasa.lv\\\/wp-content\\\/uploads\\\/2025\\\/09\\\/toggle_module_2way.webp\",\"datePublished\":\"2025-09-29T12:52:36+00:00\",\"dateModified\":\"2026-02-11T10:49:14+00:00\",\"breadcrumb\":{\"@id\":\"https:\\\/\\\/micasa.lv\\\/lv\\\/sledzeja-modulis-2-virzienu-buster-punch\\\/#breadcrumb\"},\"inLanguage\":\"lv-LV\",\"potentialAction\":[{\"@type\":\"ReadAction\",\"target\":[\"https:\\\/\\\/micasa.lv\\\/lv\\\/sledzeja-modulis-2-virzienu-buster-punch\\\/\"]}]},{\"@type\":\"ImageObject\",\"inLanguage\":\"lv-LV\",\"@id\":\"https:\\\/\\\/micasa.lv\\\/lv\\\/sledzeja-modulis-2-virzienu-buster-punch\\\/#primaryimage\",\"url\":\"https:\\\/\\\/micasa.lv\\\/wp-content\\\/uploads\\\/2025\\\/09\\\/toggle_module_2way.webp\",\"contentUrl\":\"https:\\\/\\\/micasa.lv\\\/wp-content\\\/uploads\\\/2025\\\/09\\\/toggle_module_2way.webp\",\"width\":1000,\"height\":1000},{\"@type\":\"BreadcrumbList\",\"@id\":\"https:\\\/\\\/micasa.lv\\\/lv\\\/sledzeja-modulis-2-virzienu-buster-punch\\\/#breadcrumb\",\"itemListElement\":[{\"@type\":\"ListItem\",\"position\":1,\"name\":\"S\u0101kums\",\"item\":\"https:\\\/\\\/micasa.lv\\\/lv\\\/micasa\\\/\"},{\"@type\":\"ListItem\",\"position\":2,\"name\":\"Shop\",\"item\":\"https:\\\/\\\/micasa.lv\\\/lv\\\/shop\\\/\"},{\"@type\":\"ListItem\",\"position\":3,\"name\":\"Sl\u0113dz\u0113ja modulis \\\/ 2 virzienu Buster + Punch\"}]},{\"@type\":\"WebSite\",\"@id\":\"https:\\\/\\\/micasa.lv\\\/lv\\\/#website\",\"url\":\"https:\\\/\\\/micasa.lv\\\/lv\\\/\",\"name\":\"Micasa\",\"description\":\"\",\"potentialAction\":[{\"@type\":\"SearchAction\",\"target\":{\"@type\":\"EntryPoint\",\"urlTemplate\":\"https:\\\/\\\/micasa.lv\\\/lv\\\/?s={search_term_string}\"},\"query-input\":{\"@type\":\"PropertyValueSpecification\",\"valueRequired\":true,\"valueName\":\"search_term_string\"}}],\"inLanguage\":\"lv-LV\"}]}<\/script>\n<!-- \/ Yoast SEO plugin. -->","yoast_head_json":{"title":"Sl\u0113dz\u0113ja modulis \/ 2 virzienu Buster + Punch - Micasa","robots":{"index":"index","follow":"follow","max-snippet":"max-snippet:-1","max-image-preview":"max-image-preview:large","max-video-preview":"max-video-preview:-1"},"canonical":"https:\/\/micasa.lv\/lv\/sledzeja-modulis-2-virzienu-buster-punch\/","og_locale":"lv_LV","og_type":"article","og_title":"Sl\u0113dz\u0113ja modulis \/ 2 virzienu Buster + Punch - Micasa","og_description":"2 virzienu p\u0101rsl\u0113dz\u0113ja modulis &nbsp; Sl\u0113dz\u0113js Iesl\u0113gts \/ Izsl\u0113gts 2 virzienu p\u0101rsl\u0113g\u0161ana (var izmantot vad\u012bbai no vair\u0101k\u0101m viet\u0101m) 250 VAC","og_url":"https:\/\/micasa.lv\/lv\/sledzeja-modulis-2-virzienu-buster-punch\/","og_site_name":"Micasa","article_modified_time":"2026-02-11T10:49:14+00:00","og_image":[{"width":1000,"height":1000,"url":"https:\/\/micasa.lv\/wp-content\/uploads\/2025\/09\/toggle_module_2way.webp","type":"image\/webp"}],"twitter_card":"summary_large_image","schema":{"@context":"https:\/\/schema.org","@graph":[{"@type":"WebPage","@id":"https:\/\/micasa.lv\/lv\/sledzeja-modulis-2-virzienu-buster-punch\/","url":"https:\/\/micasa.lv\/lv\/sledzeja-modulis-2-virzienu-buster-punch\/","name":"Sl\u0113dz\u0113ja modulis \/ 2 virzienu Buster + Punch - Micasa","isPartOf":{"@id":"https:\/\/micasa.lv\/lv\/#website"},"primaryImageOfPage":{"@id":"https:\/\/micasa.lv\/lv\/sledzeja-modulis-2-virzienu-buster-punch\/#primaryimage"},"image":{"@id":"https:\/\/micasa.lv\/lv\/sledzeja-modulis-2-virzienu-buster-punch\/#primaryimage"},"thumbnailUrl":"https:\/\/micasa.lv\/wp-content\/uploads\/2025\/09\/toggle_module_2way.webp","datePublished":"2025-09-29T12:52:36+00:00","dateModified":"2026-02-11T10:49:14+00:00","breadcrumb":{"@id":"https:\/\/micasa.lv\/lv\/sledzeja-modulis-2-virzienu-buster-punch\/#breadcrumb"},"inLanguage":"lv-LV","potentialAction":[{"@type":"ReadAction","target":["https:\/\/micasa.lv\/lv\/sledzeja-modulis-2-virzienu-buster-punch\/"]}]},{"@type":"ImageObject","inLanguage":"lv-LV","@id":"https:\/\/micasa.lv\/lv\/sledzeja-modulis-2-virzienu-buster-punch\/#primaryimage","url":"https:\/\/micasa.lv\/wp-content\/uploads\/2025\/09\/toggle_module_2way.webp","contentUrl":"https:\/\/micasa.lv\/wp-content\/uploads\/2025\/09\/toggle_module_2way.webp","width":1000,"height":1000},{"@type":"BreadcrumbList","@id":"https:\/\/micasa.lv\/lv\/sledzeja-modulis-2-virzienu-buster-punch\/#breadcrumb","itemListElement":[{"@type":"ListItem","position":1,"name":"S\u0101kums","item":"https:\/\/micasa.lv\/lv\/micasa\/"},{"@type":"ListItem","position":2,"name":"Shop","item":"https:\/\/micasa.lv\/lv\/shop\/"},{"@type":"ListItem","position":3,"name":"Sl\u0113dz\u0113ja modulis \/ 2 virzienu Buster + Punch"}]},{"@type":"WebSite","@id":"https:\/\/micasa.lv\/lv\/#website","url":"https:\/\/micasa.lv\/lv\/","name":"Micasa","description":"","potentialAction":[{"@type":"SearchAction","target":{"@type":"EntryPoint","urlTemplate":"https:\/\/micasa.lv\/lv\/?s={search_term_string}"},"query-input":{"@type":"PropertyValueSpecification","valueRequired":true,"valueName":"search_term_string"}}],"inLanguage":"lv-LV"}]}},"wcpa_form_fields":null,"_links":{"self":[{"href":"https:\/\/micasa.lv\/lv\/wp-json\/wp\/v2\/product\/62879","targetHints":{"allow":["GET"]}}],"collection":[{"href":"https:\/\/micasa.lv\/lv\/wp-json\/wp\/v2\/product"}],"about":[{"href":"https:\/\/micasa.lv\/lv\/wp-json\/wp\/v2\/types\/product"}],"version-history":[{"count":1,"href":"https:\/\/micasa.lv\/lv\/wp-json\/wp\/v2\/product\/62879\/revisions"}],"predecessor-version":[{"id":66731,"href":"https:\/\/micasa.lv\/lv\/wp-json\/wp\/v2\/product\/62879\/revisions\/66731"}],"wp:featuredmedia":[{"embeddable":true,"href":"https:\/\/micasa.lv\/lv\/wp-json\/wp\/v2\/media\/62291"}],"wp:attachment":[{"href":"https:\/\/micasa.lv\/lv\/wp-json\/wp\/v2\/media?parent=62879"}],"wp:term":[{"taxonomy":"product_brand","embeddable":true,"href":"https:\/\/micasa.lv\/lv\/wp-json\/wp\/v2\/product_brand?post=62879"},{"taxonomy":"product_cat","embeddable":true,"href":"https:\/\/micasa.lv\/lv\/wp-json\/wp\/v2\/product_cat?post=62879"},{"taxonomy":"product_tag","embeddable":true,"href":"https:\/\/micasa.lv\/lv\/wp-json\/wp\/v2\/product_tag?post=62879"}],"curies":[{"name":"wp","href":"https:\/\/api.w.org\/{rel}","templated":true}]}}