{"id":62882,"date":"2025-09-29T10:58:37","date_gmt":"2025-09-29T08:58:37","guid":{"rendered":"https:\/\/micasa.lv\/4-modulu-sienas-plate-horizontala-ar-aizpildes-ieliktniem-buster-punch\/"},"modified":"2025-09-29T10:58:37","modified_gmt":"2025-09-29T07:58:37","slug":"4-modulu-sienas-plate-horizontala-ar-aizpildes-ieliktniem-buster-punch","status":"publish","type":"product","link":"https:\/\/micasa.lv\/lv\/4-modulu-sienas-plate-horizontala-ar-aizpildes-ieliktniem-buster-punch\/","title":{"rendered":"4 modu\u013cu sienas plate \/ Horizont\u0101la \/ Ar aizpildes ielikt\u0146iem Buster + Punch"},"content":{"rendered":"<p>ES dekorat\u012bv\u0101s plates ir izgatavotas da\u017e\u0101d\u0101s apdar\u0113s, izmantojot m\u016bsu rakstur\u012bg\u0101s cieta met\u0101la skr\u016bves ar mon\u0113tas griezumu. ES plates var kombin\u0113t ar modu\u013cu ielikt\u0146iem, lai apmierin\u0101tu visas j\u016bsu elektr\u012bbas, datu, ska\u0146as un AV vajadz\u012bbas. Modu\u013cu ielikt\u0146us var ieg\u0101d\u0101ties atsevi\u0161\u0137i.  <\/p>\n","protected":false},"excerpt":{"rendered":"<p>ES dekorat\u012bv\u0101s plates ir izgatavotas da\u017e\u0101d\u0101s apdar\u0113s, izmantojot m\u016bsu rakstur\u012bg\u0101s cieta met\u0101la skr\u016bves ar mon\u0113tas griezumu. ES plates var kombin\u0113t<\/p>\n","protected":false},"featured_media":62268,"template":"","meta":[],"product_brand":[],"product_cat":[3783,3707],"product_tag":[],"class_list":{"0":"post-62882","1":"product","2":"type-product","3":"status-publish","4":"has-post-thumbnail","6":"product_cat-buster-and-punch","7":"product_cat-sastavdalas-lv","8":"pa_brand-buster-punch-lv","10":"first","11":"instock","12":"taxable","13":"shipping-taxable","14":"purchasable","15":"product-type-variable"},"yoast_head":"<!-- This site is optimized with the Yoast SEO plugin v27.4 - https:\/\/yoast.com\/product\/yoast-seo-wordpress\/ -->\n<title>4 modu\u013cu sienas plate \/ Horizont\u0101la \/ Ar aizpildes ielikt\u0146iem Buster + Punch - Micasa<\/title>\n<meta name=\"robots\" content=\"index, follow, max-snippet:-1, max-image-preview:large, max-video-preview:-1\" \/>\n<link rel=\"canonical\" href=\"https:\/\/micasa.lv\/lv\/4-modulu-sienas-plate-horizontala-ar-aizpildes-ieliktniem-buster-punch\/\" \/>\n<meta property=\"og:locale\" content=\"lv_LV\" \/>\n<meta property=\"og:type\" content=\"article\" \/>\n<meta property=\"og:title\" content=\"4 modu\u013cu sienas plate \/ Horizont\u0101la \/ Ar aizpildes ielikt\u0146iem Buster + Punch - Micasa\" \/>\n<meta property=\"og:description\" content=\"ES dekorat\u012bv\u0101s plates ir izgatavotas da\u017e\u0101d\u0101s apdar\u0113s, izmantojot m\u016bsu rakstur\u012bg\u0101s cieta met\u0101la skr\u016bves ar mon\u0113tas griezumu. ES plates var kombin\u0113t\" \/>\n<meta property=\"og:url\" content=\"https:\/\/micasa.lv\/lv\/4-modulu-sienas-plate-horizontala-ar-aizpildes-ieliktniem-buster-punch\/\" \/>\n<meta property=\"og:site_name\" content=\"Micasa\" \/>\n<meta property=\"og:image\" content=\"https:\/\/micasa.lv\/wp-content\/uploads\/2025\/09\/4g_wall_palte_i_brass.webp\" \/>\n\t<meta property=\"og:image:width\" content=\"1000\" \/>\n\t<meta property=\"og:image:height\" content=\"1000\" \/>\n\t<meta property=\"og:image:type\" content=\"image\/webp\" \/>\n<meta name=\"twitter:card\" content=\"summary_large_image\" \/>\n<script type=\"application\/ld+json\" class=\"yoast-schema-graph\">{\"@context\":\"https:\\\/\\\/schema.org\",\"@graph\":[{\"@type\":\"WebPage\",\"@id\":\"https:\\\/\\\/micasa.lv\\\/lv\\\/4-modulu-sienas-plate-horizontala-ar-aizpildes-ieliktniem-buster-punch\\\/\",\"url\":\"https:\\\/\\\/micasa.lv\\\/lv\\\/4-modulu-sienas-plate-horizontala-ar-aizpildes-ieliktniem-buster-punch\\\/\",\"name\":\"4 modu\u013cu sienas plate \\\/ Horizont\u0101la \\\/ Ar aizpildes ielikt\u0146iem Buster + Punch - Micasa\",\"isPartOf\":{\"@id\":\"https:\\\/\\\/micasa.lv\\\/lv\\\/#website\"},\"primaryImageOfPage\":{\"@id\":\"https:\\\/\\\/micasa.lv\\\/lv\\\/4-modulu-sienas-plate-horizontala-ar-aizpildes-ieliktniem-buster-punch\\\/#primaryimage\"},\"image\":{\"@id\":\"https:\\\/\\\/micasa.lv\\\/lv\\\/4-modulu-sienas-plate-horizontala-ar-aizpildes-ieliktniem-buster-punch\\\/#primaryimage\"},\"thumbnailUrl\":\"https:\\\/\\\/micasa.lv\\\/wp-content\\\/uploads\\\/2025\\\/09\\\/4g_wall_palte_i_brass.webp\",\"datePublished\":\"2025-09-29T08:58:37+00:00\",\"breadcrumb\":{\"@id\":\"https:\\\/\\\/micasa.lv\\\/lv\\\/4-modulu-sienas-plate-horizontala-ar-aizpildes-ieliktniem-buster-punch\\\/#breadcrumb\"},\"inLanguage\":\"lv-LV\",\"potentialAction\":[{\"@type\":\"ReadAction\",\"target\":[\"https:\\\/\\\/micasa.lv\\\/lv\\\/4-modulu-sienas-plate-horizontala-ar-aizpildes-ieliktniem-buster-punch\\\/\"]}]},{\"@type\":\"ImageObject\",\"inLanguage\":\"lv-LV\",\"@id\":\"https:\\\/\\\/micasa.lv\\\/lv\\\/4-modulu-sienas-plate-horizontala-ar-aizpildes-ieliktniem-buster-punch\\\/#primaryimage\",\"url\":\"https:\\\/\\\/micasa.lv\\\/wp-content\\\/uploads\\\/2025\\\/09\\\/4g_wall_palte_i_brass.webp\",\"contentUrl\":\"https:\\\/\\\/micasa.lv\\\/wp-content\\\/uploads\\\/2025\\\/09\\\/4g_wall_palte_i_brass.webp\",\"width\":1000,\"height\":1000},{\"@type\":\"BreadcrumbList\",\"@id\":\"https:\\\/\\\/micasa.lv\\\/lv\\\/4-modulu-sienas-plate-horizontala-ar-aizpildes-ieliktniem-buster-punch\\\/#breadcrumb\",\"itemListElement\":[{\"@type\":\"ListItem\",\"position\":1,\"name\":\"S\u0101kums\",\"item\":\"https:\\\/\\\/micasa.lv\\\/lv\\\/micasa\\\/\"},{\"@type\":\"ListItem\",\"position\":2,\"name\":\"Shop\",\"item\":\"https:\\\/\\\/micasa.lv\\\/lv\\\/shop\\\/\"},{\"@type\":\"ListItem\",\"position\":3,\"name\":\"4 modu\u013cu sienas plate \\\/ Horizont\u0101la \\\/ Ar aizpildes ielikt\u0146iem Buster + Punch\"}]},{\"@type\":\"WebSite\",\"@id\":\"https:\\\/\\\/micasa.lv\\\/lv\\\/#website\",\"url\":\"https:\\\/\\\/micasa.lv\\\/lv\\\/\",\"name\":\"Micasa\",\"description\":\"\",\"potentialAction\":[{\"@type\":\"SearchAction\",\"target\":{\"@type\":\"EntryPoint\",\"urlTemplate\":\"https:\\\/\\\/micasa.lv\\\/lv\\\/?s={search_term_string}\"},\"query-input\":{\"@type\":\"PropertyValueSpecification\",\"valueRequired\":true,\"valueName\":\"search_term_string\"}}],\"inLanguage\":\"lv-LV\"}]}<\/script>\n<!-- \/ Yoast SEO plugin. -->","yoast_head_json":{"title":"4 modu\u013cu sienas plate \/ Horizont\u0101la \/ Ar aizpildes ielikt\u0146iem Buster + Punch - Micasa","robots":{"index":"index","follow":"follow","max-snippet":"max-snippet:-1","max-image-preview":"max-image-preview:large","max-video-preview":"max-video-preview:-1"},"canonical":"https:\/\/micasa.lv\/lv\/4-modulu-sienas-plate-horizontala-ar-aizpildes-ieliktniem-buster-punch\/","og_locale":"lv_LV","og_type":"article","og_title":"4 modu\u013cu sienas plate \/ Horizont\u0101la \/ Ar aizpildes ielikt\u0146iem Buster + Punch - Micasa","og_description":"ES dekorat\u012bv\u0101s plates ir izgatavotas da\u017e\u0101d\u0101s apdar\u0113s, izmantojot m\u016bsu rakstur\u012bg\u0101s cieta met\u0101la skr\u016bves ar mon\u0113tas griezumu. ES plates var kombin\u0113t","og_url":"https:\/\/micasa.lv\/lv\/4-modulu-sienas-plate-horizontala-ar-aizpildes-ieliktniem-buster-punch\/","og_site_name":"Micasa","og_image":[{"width":1000,"height":1000,"url":"https:\/\/micasa.lv\/wp-content\/uploads\/2025\/09\/4g_wall_palte_i_brass.webp","type":"image\/webp"}],"twitter_card":"summary_large_image","schema":{"@context":"https:\/\/schema.org","@graph":[{"@type":"WebPage","@id":"https:\/\/micasa.lv\/lv\/4-modulu-sienas-plate-horizontala-ar-aizpildes-ieliktniem-buster-punch\/","url":"https:\/\/micasa.lv\/lv\/4-modulu-sienas-plate-horizontala-ar-aizpildes-ieliktniem-buster-punch\/","name":"4 modu\u013cu sienas plate \/ Horizont\u0101la \/ Ar aizpildes ielikt\u0146iem Buster + Punch - Micasa","isPartOf":{"@id":"https:\/\/micasa.lv\/lv\/#website"},"primaryImageOfPage":{"@id":"https:\/\/micasa.lv\/lv\/4-modulu-sienas-plate-horizontala-ar-aizpildes-ieliktniem-buster-punch\/#primaryimage"},"image":{"@id":"https:\/\/micasa.lv\/lv\/4-modulu-sienas-plate-horizontala-ar-aizpildes-ieliktniem-buster-punch\/#primaryimage"},"thumbnailUrl":"https:\/\/micasa.lv\/wp-content\/uploads\/2025\/09\/4g_wall_palte_i_brass.webp","datePublished":"2025-09-29T08:58:37+00:00","breadcrumb":{"@id":"https:\/\/micasa.lv\/lv\/4-modulu-sienas-plate-horizontala-ar-aizpildes-ieliktniem-buster-punch\/#breadcrumb"},"inLanguage":"lv-LV","potentialAction":[{"@type":"ReadAction","target":["https:\/\/micasa.lv\/lv\/4-modulu-sienas-plate-horizontala-ar-aizpildes-ieliktniem-buster-punch\/"]}]},{"@type":"ImageObject","inLanguage":"lv-LV","@id":"https:\/\/micasa.lv\/lv\/4-modulu-sienas-plate-horizontala-ar-aizpildes-ieliktniem-buster-punch\/#primaryimage","url":"https:\/\/micasa.lv\/wp-content\/uploads\/2025\/09\/4g_wall_palte_i_brass.webp","contentUrl":"https:\/\/micasa.lv\/wp-content\/uploads\/2025\/09\/4g_wall_palte_i_brass.webp","width":1000,"height":1000},{"@type":"BreadcrumbList","@id":"https:\/\/micasa.lv\/lv\/4-modulu-sienas-plate-horizontala-ar-aizpildes-ieliktniem-buster-punch\/#breadcrumb","itemListElement":[{"@type":"ListItem","position":1,"name":"S\u0101kums","item":"https:\/\/micasa.lv\/lv\/micasa\/"},{"@type":"ListItem","position":2,"name":"Shop","item":"https:\/\/micasa.lv\/lv\/shop\/"},{"@type":"ListItem","position":3,"name":"4 modu\u013cu sienas plate \/ Horizont\u0101la \/ Ar aizpildes ielikt\u0146iem Buster + Punch"}]},{"@type":"WebSite","@id":"https:\/\/micasa.lv\/lv\/#website","url":"https:\/\/micasa.lv\/lv\/","name":"Micasa","description":"","potentialAction":[{"@type":"SearchAction","target":{"@type":"EntryPoint","urlTemplate":"https:\/\/micasa.lv\/lv\/?s={search_term_string}"},"query-input":{"@type":"PropertyValueSpecification","valueRequired":true,"valueName":"search_term_string"}}],"inLanguage":"lv-LV"}]}},"wcpa_form_fields":null,"_links":{"self":[{"href":"https:\/\/micasa.lv\/lv\/wp-json\/wp\/v2\/product\/62882","targetHints":{"allow":["GET"]}}],"collection":[{"href":"https:\/\/micasa.lv\/lv\/wp-json\/wp\/v2\/product"}],"about":[{"href":"https:\/\/micasa.lv\/lv\/wp-json\/wp\/v2\/types\/product"}],"version-history":[{"count":0,"href":"https:\/\/micasa.lv\/lv\/wp-json\/wp\/v2\/product\/62882\/revisions"}],"wp:featuredmedia":[{"embeddable":true,"href":"https:\/\/micasa.lv\/lv\/wp-json\/wp\/v2\/media\/62268"}],"wp:attachment":[{"href":"https:\/\/micasa.lv\/lv\/wp-json\/wp\/v2\/media?parent=62882"}],"wp:term":[{"taxonomy":"product_brand","embeddable":true,"href":"https:\/\/micasa.lv\/lv\/wp-json\/wp\/v2\/product_brand?post=62882"},{"taxonomy":"product_cat","embeddable":true,"href":"https:\/\/micasa.lv\/lv\/wp-json\/wp\/v2\/product_cat?post=62882"},{"taxonomy":"product_tag","embeddable":true,"href":"https:\/\/micasa.lv\/lv\/wp-json\/wp\/v2\/product_tag?post=62882"}],"curies":[{"name":"wp","href":"https:\/\/api.w.org\/{rel}","templated":true}]}}