{"id":63006,"date":"2025-10-01T15:54:41","date_gmt":"2025-10-01T12:54:41","guid":{"rendered":"https:\/\/micasa.lv\/6-2type-enu-profils-sienam-griestiem-6-mm\/"},"modified":"2025-10-01T16:05:08","modified_gmt":"2025-10-01T13:05:08","slug":"6-2type-enu-profils-sienam-griestiem-6-mm","status":"publish","type":"product","link":"https:\/\/micasa.lv\/lv\/6-2type-enu-profils-sienam-griestiem-6-mm\/","title":{"rendered":"6.2TYPE \u0112nu profils sien\u0101m\/griestiem, 6 mm"},"content":{"rendered":"<p>Sader\u012bgs ar: 1 \u0122ip\u0161kartona l\u012bsti12.5 mm;<br \/>\n*Nav nepiecie\u0161ami papildus stiprin\u0101jumi;<br \/>\nPielietojuma varianti:<br \/>\nsien\u0101, vertik\u0101li un horizont\u0101li;<br \/>\ngriestos, vertik\u0101li un horizont\u0101li;<\/p>\n","protected":false},"excerpt":{"rendered":"<p>Sader\u012bgs ar: 1 \u0122ip\u0161kartona l\u012bsti12.5 mm; *Nav nepiecie\u0161ami papildus stiprin\u0101jumi; Pielietojuma varianti: sien\u0101, vertik\u0101li un horizont\u0101li; griestos, vertik\u0101li un horizont\u0101li;<\/p>\n","protected":false},"featured_media":62988,"template":"","meta":[],"product_brand":[],"product_cat":[1935,1945],"product_tag":[],"class_list":{"0":"post-63006","1":"product","2":"type-product","3":"status-publish","4":"has-post-thumbnail","6":"product_cat-griestu-karnizes","7":"product_cat-sienas-profili","8":"pa_brand-shadowgap-lv","10":"first","11":"instock","12":"taxable","13":"shipping-taxable","14":"purchasable","15":"product-type-simple"},"yoast_head":"<!-- This site is optimized with the Yoast SEO plugin v27.4 - https:\/\/yoast.com\/product\/yoast-seo-wordpress\/ -->\n<title>6.2TYPE \u0112nu profils sien\u0101m\/griestiem, 6 mm - Micasa<\/title>\n<meta name=\"robots\" content=\"index, follow, max-snippet:-1, max-image-preview:large, max-video-preview:-1\" \/>\n<link rel=\"canonical\" href=\"https:\/\/micasa.lv\/lv\/6-2type-enu-profils-sienam-griestiem-6-mm\/\" \/>\n<meta property=\"og:locale\" content=\"lv_LV\" \/>\n<meta property=\"og:type\" content=\"article\" \/>\n<meta property=\"og:title\" content=\"6.2TYPE \u0112nu profils sien\u0101m\/griestiem, 6 mm - Micasa\" \/>\n<meta property=\"og:description\" content=\"Sader\u012bgs ar: 1 \u0122ip\u0161kartona l\u012bsti12.5 mm; *Nav nepiecie\u0161ami papildus stiprin\u0101jumi; Pielietojuma varianti: sien\u0101, vertik\u0101li un horizont\u0101li; griestos, vertik\u0101li un horizont\u0101li;\" \/>\n<meta property=\"og:url\" content=\"https:\/\/micasa.lv\/lv\/6-2type-enu-profils-sienam-griestiem-6-mm\/\" \/>\n<meta property=\"og:site_name\" content=\"Micasa\" \/>\n<meta property=\"article:modified_time\" content=\"2025-10-01T13:05:08+00:00\" \/>\n<meta property=\"og:image\" content=\"https:\/\/micasa.lv\/wp-content\/uploads\/2025\/10\/6.2type_1.jpg\" \/>\n\t<meta property=\"og:image:width\" content=\"736\" \/>\n\t<meta property=\"og:image:height\" content=\"732\" \/>\n\t<meta property=\"og:image:type\" content=\"image\/jpeg\" \/>\n<meta name=\"twitter:card\" content=\"summary_large_image\" \/>\n<meta name=\"twitter:label1\" content=\"Est. reading time\" \/>\n\t<meta name=\"twitter:data1\" content=\"1 minute\" \/>\n<script type=\"application\/ld+json\" class=\"yoast-schema-graph\">{\"@context\":\"https:\\\/\\\/schema.org\",\"@graph\":[{\"@type\":\"WebPage\",\"@id\":\"https:\\\/\\\/micasa.lv\\\/lv\\\/6-2type-enu-profils-sienam-griestiem-6-mm\\\/\",\"url\":\"https:\\\/\\\/micasa.lv\\\/lv\\\/6-2type-enu-profils-sienam-griestiem-6-mm\\\/\",\"name\":\"6.2TYPE \u0112nu profils sien\u0101m\\\/griestiem, 6 mm - Micasa\",\"isPartOf\":{\"@id\":\"https:\\\/\\\/micasa.lv\\\/lv\\\/#website\"},\"primaryImageOfPage\":{\"@id\":\"https:\\\/\\\/micasa.lv\\\/lv\\\/6-2type-enu-profils-sienam-griestiem-6-mm\\\/#primaryimage\"},\"image\":{\"@id\":\"https:\\\/\\\/micasa.lv\\\/lv\\\/6-2type-enu-profils-sienam-griestiem-6-mm\\\/#primaryimage\"},\"thumbnailUrl\":\"https:\\\/\\\/micasa.lv\\\/wp-content\\\/uploads\\\/2025\\\/10\\\/6.2type_1.jpg\",\"datePublished\":\"2025-10-01T12:54:41+00:00\",\"dateModified\":\"2025-10-01T13:05:08+00:00\",\"breadcrumb\":{\"@id\":\"https:\\\/\\\/micasa.lv\\\/lv\\\/6-2type-enu-profils-sienam-griestiem-6-mm\\\/#breadcrumb\"},\"inLanguage\":\"lv-LV\",\"potentialAction\":[{\"@type\":\"ReadAction\",\"target\":[\"https:\\\/\\\/micasa.lv\\\/lv\\\/6-2type-enu-profils-sienam-griestiem-6-mm\\\/\"]}]},{\"@type\":\"ImageObject\",\"inLanguage\":\"lv-LV\",\"@id\":\"https:\\\/\\\/micasa.lv\\\/lv\\\/6-2type-enu-profils-sienam-griestiem-6-mm\\\/#primaryimage\",\"url\":\"https:\\\/\\\/micasa.lv\\\/wp-content\\\/uploads\\\/2025\\\/10\\\/6.2type_1.jpg\",\"contentUrl\":\"https:\\\/\\\/micasa.lv\\\/wp-content\\\/uploads\\\/2025\\\/10\\\/6.2type_1.jpg\",\"width\":736,\"height\":732},{\"@type\":\"BreadcrumbList\",\"@id\":\"https:\\\/\\\/micasa.lv\\\/lv\\\/6-2type-enu-profils-sienam-griestiem-6-mm\\\/#breadcrumb\",\"itemListElement\":[{\"@type\":\"ListItem\",\"position\":1,\"name\":\"S\u0101kums\",\"item\":\"https:\\\/\\\/micasa.lv\\\/lv\\\/micasa\\\/\"},{\"@type\":\"ListItem\",\"position\":2,\"name\":\"Shop\",\"item\":\"https:\\\/\\\/micasa.lv\\\/lv\\\/shop\\\/\"},{\"@type\":\"ListItem\",\"position\":3,\"name\":\"6.2TYPE \u0112nu profils sien\u0101m\\\/griestiem, 6 mm\"}]},{\"@type\":\"WebSite\",\"@id\":\"https:\\\/\\\/micasa.lv\\\/lv\\\/#website\",\"url\":\"https:\\\/\\\/micasa.lv\\\/lv\\\/\",\"name\":\"Micasa\",\"description\":\"\",\"potentialAction\":[{\"@type\":\"SearchAction\",\"target\":{\"@type\":\"EntryPoint\",\"urlTemplate\":\"https:\\\/\\\/micasa.lv\\\/lv\\\/?s={search_term_string}\"},\"query-input\":{\"@type\":\"PropertyValueSpecification\",\"valueRequired\":true,\"valueName\":\"search_term_string\"}}],\"inLanguage\":\"lv-LV\"}]}<\/script>\n<!-- \/ Yoast SEO plugin. -->","yoast_head_json":{"title":"6.2TYPE \u0112nu profils sien\u0101m\/griestiem, 6 mm - Micasa","robots":{"index":"index","follow":"follow","max-snippet":"max-snippet:-1","max-image-preview":"max-image-preview:large","max-video-preview":"max-video-preview:-1"},"canonical":"https:\/\/micasa.lv\/lv\/6-2type-enu-profils-sienam-griestiem-6-mm\/","og_locale":"lv_LV","og_type":"article","og_title":"6.2TYPE \u0112nu profils sien\u0101m\/griestiem, 6 mm - Micasa","og_description":"Sader\u012bgs ar: 1 \u0122ip\u0161kartona l\u012bsti12.5 mm; *Nav nepiecie\u0161ami papildus stiprin\u0101jumi; Pielietojuma varianti: sien\u0101, vertik\u0101li un horizont\u0101li; griestos, vertik\u0101li un horizont\u0101li;","og_url":"https:\/\/micasa.lv\/lv\/6-2type-enu-profils-sienam-griestiem-6-mm\/","og_site_name":"Micasa","article_modified_time":"2025-10-01T13:05:08+00:00","og_image":[{"width":736,"height":732,"url":"https:\/\/micasa.lv\/wp-content\/uploads\/2025\/10\/6.2type_1.jpg","type":"image\/jpeg"}],"twitter_card":"summary_large_image","twitter_misc":{"Est. reading time":"1 minute"},"schema":{"@context":"https:\/\/schema.org","@graph":[{"@type":"WebPage","@id":"https:\/\/micasa.lv\/lv\/6-2type-enu-profils-sienam-griestiem-6-mm\/","url":"https:\/\/micasa.lv\/lv\/6-2type-enu-profils-sienam-griestiem-6-mm\/","name":"6.2TYPE \u0112nu profils sien\u0101m\/griestiem, 6 mm - Micasa","isPartOf":{"@id":"https:\/\/micasa.lv\/lv\/#website"},"primaryImageOfPage":{"@id":"https:\/\/micasa.lv\/lv\/6-2type-enu-profils-sienam-griestiem-6-mm\/#primaryimage"},"image":{"@id":"https:\/\/micasa.lv\/lv\/6-2type-enu-profils-sienam-griestiem-6-mm\/#primaryimage"},"thumbnailUrl":"https:\/\/micasa.lv\/wp-content\/uploads\/2025\/10\/6.2type_1.jpg","datePublished":"2025-10-01T12:54:41+00:00","dateModified":"2025-10-01T13:05:08+00:00","breadcrumb":{"@id":"https:\/\/micasa.lv\/lv\/6-2type-enu-profils-sienam-griestiem-6-mm\/#breadcrumb"},"inLanguage":"lv-LV","potentialAction":[{"@type":"ReadAction","target":["https:\/\/micasa.lv\/lv\/6-2type-enu-profils-sienam-griestiem-6-mm\/"]}]},{"@type":"ImageObject","inLanguage":"lv-LV","@id":"https:\/\/micasa.lv\/lv\/6-2type-enu-profils-sienam-griestiem-6-mm\/#primaryimage","url":"https:\/\/micasa.lv\/wp-content\/uploads\/2025\/10\/6.2type_1.jpg","contentUrl":"https:\/\/micasa.lv\/wp-content\/uploads\/2025\/10\/6.2type_1.jpg","width":736,"height":732},{"@type":"BreadcrumbList","@id":"https:\/\/micasa.lv\/lv\/6-2type-enu-profils-sienam-griestiem-6-mm\/#breadcrumb","itemListElement":[{"@type":"ListItem","position":1,"name":"S\u0101kums","item":"https:\/\/micasa.lv\/lv\/micasa\/"},{"@type":"ListItem","position":2,"name":"Shop","item":"https:\/\/micasa.lv\/lv\/shop\/"},{"@type":"ListItem","position":3,"name":"6.2TYPE \u0112nu profils sien\u0101m\/griestiem, 6 mm"}]},{"@type":"WebSite","@id":"https:\/\/micasa.lv\/lv\/#website","url":"https:\/\/micasa.lv\/lv\/","name":"Micasa","description":"","potentialAction":[{"@type":"SearchAction","target":{"@type":"EntryPoint","urlTemplate":"https:\/\/micasa.lv\/lv\/?s={search_term_string}"},"query-input":{"@type":"PropertyValueSpecification","valueRequired":true,"valueName":"search_term_string"}}],"inLanguage":"lv-LV"}]}},"wcpa_form_fields":null,"_links":{"self":[{"href":"https:\/\/micasa.lv\/lv\/wp-json\/wp\/v2\/product\/63006","targetHints":{"allow":["GET"]}}],"collection":[{"href":"https:\/\/micasa.lv\/lv\/wp-json\/wp\/v2\/product"}],"about":[{"href":"https:\/\/micasa.lv\/lv\/wp-json\/wp\/v2\/types\/product"}],"version-history":[{"count":1,"href":"https:\/\/micasa.lv\/lv\/wp-json\/wp\/v2\/product\/63006\/revisions"}],"predecessor-version":[{"id":63008,"href":"https:\/\/micasa.lv\/lv\/wp-json\/wp\/v2\/product\/63006\/revisions\/63008"}],"wp:featuredmedia":[{"embeddable":true,"href":"https:\/\/micasa.lv\/lv\/wp-json\/wp\/v2\/media\/62988"}],"wp:attachment":[{"href":"https:\/\/micasa.lv\/lv\/wp-json\/wp\/v2\/media?parent=63006"}],"wp:term":[{"taxonomy":"product_brand","embeddable":true,"href":"https:\/\/micasa.lv\/lv\/wp-json\/wp\/v2\/product_brand?post=63006"},{"taxonomy":"product_cat","embeddable":true,"href":"https:\/\/micasa.lv\/lv\/wp-json\/wp\/v2\/product_cat?post=63006"},{"taxonomy":"product_tag","embeddable":true,"href":"https:\/\/micasa.lv\/lv\/wp-json\/wp\/v2\/product_tag?post=63006"}],"curies":[{"name":"wp","href":"https:\/\/api.w.org\/{rel}","templated":true}]}}