{"id":63023,"date":"2025-10-01T16:28:40","date_gmt":"2025-10-01T13:28:40","guid":{"rendered":"https:\/\/micasa.lv\/creativa-lgg-04-karnizes-sloksne\/"},"modified":"2025-10-01T16:34:10","modified_gmt":"2025-10-01T13:34:10","slug":"creativa-lgg-04-karnizes-sloksne","status":"publish","type":"product","link":"https:\/\/micasa.lv\/lv\/creativa-lgg-04-karnizes-sloksne\/","title":{"rendered":"Creativa LGG-04 Karn\u012bzes sloksne"},"content":{"rendered":"<ul class=\"row\">\n<li class=\"col-md-6\">\n<div class=\"row\">\n<div class=\"col-4\">Platums (cm)<\/div>\n<div class=\"col-8\">10<\/div>\n<\/div>\n<\/li>\n<li class=\"col-md-6\">\n<div class=\"row\">\n<div class=\"col-4\">Garums (cm)<\/div>\n<div class=\"col-8\">240<\/div>\n<\/div>\n<\/li>\n<li class=\"col-md-6\">\n<div class=\"row\">\n<div class=\"col-4\">Augstums (cm)<\/div>\n<div class=\"col-8\">10<\/div>\n<\/div>\n<\/li>\n<li class=\"col-md-6\">\n<div class=\"row\">\n<div class=\"col-4\">Materi\u0101ls<\/div>\n<div class=\"col-8\">Poliuret\u0101ns<\/div>\n<\/div>\n<\/li>\n<li class=\"col-md-6\">\n<div class=\"row\">\n<div class=\"col-4\">Ieteicam\u0101 l\u012bme<\/div>\n<div class=\"col-8\">C300 mont\u0101\u017eas l\u012bme un C310 \u0161uvju l\u012bme<\/div>\n<\/div>\n<\/li>\n<li class=\"col-md-6\">\n<div class=\"row\">\n<div class=\"col-4\">\u012apa\u0161\u012bbas<\/div>\n<div class=\"col-8\">Mitrumiztur\u012bba un triecieniztur\u012bba<\/div>\n<\/div>\n<\/li>\n<li class=\"col-md-6\">\n<div class=\"row\">\n<div class=\"col-4\">Simbols<\/div>\n<div class=\"col-8\">LGG-04<\/div>\n<\/div>\n<\/li>\n<\/ul>\n","protected":false},"excerpt":{"rendered":"<p>Platums (cm) 10 Garums (cm) 240 Augstums (cm) 10 Materi\u0101ls Poliuret\u0101ns Ieteicam\u0101 l\u012bme C300 mont\u0101\u017eas l\u012bme un C310 \u0161uvju l\u012bme<\/p>\n","protected":false},"featured_media":63017,"template":"","meta":[],"product_brand":[],"product_cat":[1935],"product_tag":[],"class_list":{"0":"post-63023","1":"product","2":"type-product","3":"status-publish","4":"has-post-thumbnail","6":"product_cat-griestu-karnizes","7":"pa_brand-creativa-lv","9":"first","10":"instock","11":"taxable","12":"shipping-taxable","13":"purchasable","14":"product-type-simple"},"yoast_head":"<!-- This site is optimized with the Yoast SEO plugin v27.4 - https:\/\/yoast.com\/product\/yoast-seo-wordpress\/ -->\n<title>Creativa LGG-04 Karn\u012bzes sloksne - Micasa<\/title>\n<meta name=\"robots\" content=\"index, follow, max-snippet:-1, max-image-preview:large, max-video-preview:-1\" \/>\n<link rel=\"canonical\" href=\"https:\/\/micasa.lv\/lv\/creativa-lgg-04-karnizes-sloksne\/\" \/>\n<meta property=\"og:locale\" content=\"lv_LV\" \/>\n<meta property=\"og:type\" content=\"article\" \/>\n<meta property=\"og:title\" content=\"Creativa LGG-04 Karn\u012bzes sloksne - Micasa\" \/>\n<meta property=\"og:description\" content=\"Platums (cm) 10 Garums (cm) 240 Augstums (cm) 10 Materi\u0101ls Poliuret\u0101ns Ieteicam\u0101 l\u012bme C300 mont\u0101\u017eas l\u012bme un C310 \u0161uvju l\u012bme\" \/>\n<meta property=\"og:url\" content=\"https:\/\/micasa.lv\/lv\/creativa-lgg-04-karnizes-sloksne\/\" \/>\n<meta property=\"og:site_name\" content=\"Micasa\" \/>\n<meta property=\"article:modified_time\" content=\"2025-10-01T13:34:10+00:00\" \/>\n<meta property=\"og:image\" content=\"https:\/\/micasa.lv\/wp-content\/uploads\/2025\/10\/lgg-04.jpg\" \/>\n\t<meta property=\"og:image:width\" content=\"830\" \/>\n\t<meta property=\"og:image:height\" content=\"725\" \/>\n\t<meta property=\"og:image:type\" content=\"image\/jpeg\" \/>\n<meta name=\"twitter:card\" content=\"summary_large_image\" \/>\n<meta name=\"twitter:label1\" content=\"Est. reading time\" \/>\n\t<meta name=\"twitter:data1\" content=\"1 minute\" \/>\n<script type=\"application\/ld+json\" class=\"yoast-schema-graph\">{\"@context\":\"https:\\\/\\\/schema.org\",\"@graph\":[{\"@type\":\"WebPage\",\"@id\":\"https:\\\/\\\/micasa.lv\\\/lv\\\/creativa-lgg-04-karnizes-sloksne\\\/\",\"url\":\"https:\\\/\\\/micasa.lv\\\/lv\\\/creativa-lgg-04-karnizes-sloksne\\\/\",\"name\":\"Creativa LGG-04 Karn\u012bzes sloksne - Micasa\",\"isPartOf\":{\"@id\":\"https:\\\/\\\/micasa.lv\\\/lv\\\/#website\"},\"primaryImageOfPage\":{\"@id\":\"https:\\\/\\\/micasa.lv\\\/lv\\\/creativa-lgg-04-karnizes-sloksne\\\/#primaryimage\"},\"image\":{\"@id\":\"https:\\\/\\\/micasa.lv\\\/lv\\\/creativa-lgg-04-karnizes-sloksne\\\/#primaryimage\"},\"thumbnailUrl\":\"https:\\\/\\\/micasa.lv\\\/wp-content\\\/uploads\\\/2025\\\/10\\\/lgg-04.jpg\",\"datePublished\":\"2025-10-01T13:28:40+00:00\",\"dateModified\":\"2025-10-01T13:34:10+00:00\",\"breadcrumb\":{\"@id\":\"https:\\\/\\\/micasa.lv\\\/lv\\\/creativa-lgg-04-karnizes-sloksne\\\/#breadcrumb\"},\"inLanguage\":\"lv-LV\",\"potentialAction\":[{\"@type\":\"ReadAction\",\"target\":[\"https:\\\/\\\/micasa.lv\\\/lv\\\/creativa-lgg-04-karnizes-sloksne\\\/\"]}]},{\"@type\":\"ImageObject\",\"inLanguage\":\"lv-LV\",\"@id\":\"https:\\\/\\\/micasa.lv\\\/lv\\\/creativa-lgg-04-karnizes-sloksne\\\/#primaryimage\",\"url\":\"https:\\\/\\\/micasa.lv\\\/wp-content\\\/uploads\\\/2025\\\/10\\\/lgg-04.jpg\",\"contentUrl\":\"https:\\\/\\\/micasa.lv\\\/wp-content\\\/uploads\\\/2025\\\/10\\\/lgg-04.jpg\",\"width\":830,\"height\":725},{\"@type\":\"BreadcrumbList\",\"@id\":\"https:\\\/\\\/micasa.lv\\\/lv\\\/creativa-lgg-04-karnizes-sloksne\\\/#breadcrumb\",\"itemListElement\":[{\"@type\":\"ListItem\",\"position\":1,\"name\":\"S\u0101kums\",\"item\":\"https:\\\/\\\/micasa.lv\\\/lv\\\/micasa\\\/\"},{\"@type\":\"ListItem\",\"position\":2,\"name\":\"Shop\",\"item\":\"https:\\\/\\\/micasa.lv\\\/lv\\\/shop\\\/\"},{\"@type\":\"ListItem\",\"position\":3,\"name\":\"Creativa LGG-04 Karn\u012bzes sloksne\"}]},{\"@type\":\"WebSite\",\"@id\":\"https:\\\/\\\/micasa.lv\\\/lv\\\/#website\",\"url\":\"https:\\\/\\\/micasa.lv\\\/lv\\\/\",\"name\":\"Micasa\",\"description\":\"\",\"potentialAction\":[{\"@type\":\"SearchAction\",\"target\":{\"@type\":\"EntryPoint\",\"urlTemplate\":\"https:\\\/\\\/micasa.lv\\\/lv\\\/?s={search_term_string}\"},\"query-input\":{\"@type\":\"PropertyValueSpecification\",\"valueRequired\":true,\"valueName\":\"search_term_string\"}}],\"inLanguage\":\"lv-LV\"}]}<\/script>\n<!-- \/ Yoast SEO plugin. -->","yoast_head_json":{"title":"Creativa LGG-04 Karn\u012bzes sloksne - Micasa","robots":{"index":"index","follow":"follow","max-snippet":"max-snippet:-1","max-image-preview":"max-image-preview:large","max-video-preview":"max-video-preview:-1"},"canonical":"https:\/\/micasa.lv\/lv\/creativa-lgg-04-karnizes-sloksne\/","og_locale":"lv_LV","og_type":"article","og_title":"Creativa LGG-04 Karn\u012bzes sloksne - Micasa","og_description":"Platums (cm) 10 Garums (cm) 240 Augstums (cm) 10 Materi\u0101ls Poliuret\u0101ns Ieteicam\u0101 l\u012bme C300 mont\u0101\u017eas l\u012bme un C310 \u0161uvju l\u012bme","og_url":"https:\/\/micasa.lv\/lv\/creativa-lgg-04-karnizes-sloksne\/","og_site_name":"Micasa","article_modified_time":"2025-10-01T13:34:10+00:00","og_image":[{"width":830,"height":725,"url":"https:\/\/micasa.lv\/wp-content\/uploads\/2025\/10\/lgg-04.jpg","type":"image\/jpeg"}],"twitter_card":"summary_large_image","twitter_misc":{"Est. reading time":"1 minute"},"schema":{"@context":"https:\/\/schema.org","@graph":[{"@type":"WebPage","@id":"https:\/\/micasa.lv\/lv\/creativa-lgg-04-karnizes-sloksne\/","url":"https:\/\/micasa.lv\/lv\/creativa-lgg-04-karnizes-sloksne\/","name":"Creativa LGG-04 Karn\u012bzes sloksne - Micasa","isPartOf":{"@id":"https:\/\/micasa.lv\/lv\/#website"},"primaryImageOfPage":{"@id":"https:\/\/micasa.lv\/lv\/creativa-lgg-04-karnizes-sloksne\/#primaryimage"},"image":{"@id":"https:\/\/micasa.lv\/lv\/creativa-lgg-04-karnizes-sloksne\/#primaryimage"},"thumbnailUrl":"https:\/\/micasa.lv\/wp-content\/uploads\/2025\/10\/lgg-04.jpg","datePublished":"2025-10-01T13:28:40+00:00","dateModified":"2025-10-01T13:34:10+00:00","breadcrumb":{"@id":"https:\/\/micasa.lv\/lv\/creativa-lgg-04-karnizes-sloksne\/#breadcrumb"},"inLanguage":"lv-LV","potentialAction":[{"@type":"ReadAction","target":["https:\/\/micasa.lv\/lv\/creativa-lgg-04-karnizes-sloksne\/"]}]},{"@type":"ImageObject","inLanguage":"lv-LV","@id":"https:\/\/micasa.lv\/lv\/creativa-lgg-04-karnizes-sloksne\/#primaryimage","url":"https:\/\/micasa.lv\/wp-content\/uploads\/2025\/10\/lgg-04.jpg","contentUrl":"https:\/\/micasa.lv\/wp-content\/uploads\/2025\/10\/lgg-04.jpg","width":830,"height":725},{"@type":"BreadcrumbList","@id":"https:\/\/micasa.lv\/lv\/creativa-lgg-04-karnizes-sloksne\/#breadcrumb","itemListElement":[{"@type":"ListItem","position":1,"name":"S\u0101kums","item":"https:\/\/micasa.lv\/lv\/micasa\/"},{"@type":"ListItem","position":2,"name":"Shop","item":"https:\/\/micasa.lv\/lv\/shop\/"},{"@type":"ListItem","position":3,"name":"Creativa LGG-04 Karn\u012bzes sloksne"}]},{"@type":"WebSite","@id":"https:\/\/micasa.lv\/lv\/#website","url":"https:\/\/micasa.lv\/lv\/","name":"Micasa","description":"","potentialAction":[{"@type":"SearchAction","target":{"@type":"EntryPoint","urlTemplate":"https:\/\/micasa.lv\/lv\/?s={search_term_string}"},"query-input":{"@type":"PropertyValueSpecification","valueRequired":true,"valueName":"search_term_string"}}],"inLanguage":"lv-LV"}]}},"wcpa_form_fields":null,"_links":{"self":[{"href":"https:\/\/micasa.lv\/lv\/wp-json\/wp\/v2\/product\/63023","targetHints":{"allow":["GET"]}}],"collection":[{"href":"https:\/\/micasa.lv\/lv\/wp-json\/wp\/v2\/product"}],"about":[{"href":"https:\/\/micasa.lv\/lv\/wp-json\/wp\/v2\/types\/product"}],"version-history":[{"count":1,"href":"https:\/\/micasa.lv\/lv\/wp-json\/wp\/v2\/product\/63023\/revisions"}],"predecessor-version":[{"id":63025,"href":"https:\/\/micasa.lv\/lv\/wp-json\/wp\/v2\/product\/63023\/revisions\/63025"}],"wp:featuredmedia":[{"embeddable":true,"href":"https:\/\/micasa.lv\/lv\/wp-json\/wp\/v2\/media\/63017"}],"wp:attachment":[{"href":"https:\/\/micasa.lv\/lv\/wp-json\/wp\/v2\/media?parent=63023"}],"wp:term":[{"taxonomy":"product_brand","embeddable":true,"href":"https:\/\/micasa.lv\/lv\/wp-json\/wp\/v2\/product_brand?post=63023"},{"taxonomy":"product_cat","embeddable":true,"href":"https:\/\/micasa.lv\/lv\/wp-json\/wp\/v2\/product_cat?post=63023"},{"taxonomy":"product_tag","embeddable":true,"href":"https:\/\/micasa.lv\/lv\/wp-json\/wp\/v2\/product_tag?post=63023"}],"curies":[{"name":"wp","href":"https:\/\/api.w.org\/{rel}","templated":true}]}}