{"id":63036,"date":"2025-10-01T17:08:55","date_gmt":"2025-10-01T14:08:55","guid":{"rendered":"https:\/\/micasa.lv\/karnizes-sloksne-creativa-lgg-13\/"},"modified":"2025-10-01T17:12:25","modified_gmt":"2025-10-01T14:12:25","slug":"karnizes-sloksne-creativa-lgg-13","status":"publish","type":"product","link":"https:\/\/micasa.lv\/lv\/karnizes-sloksne-creativa-lgg-13\/","title":{"rendered":"Karn\u012bzes sloksne Creativa LGG-13"},"content":{"rendered":"<p>LGG-13 karn\u012bzes ir izstr\u0101d\u0101tas, lai izceltu griestu est\u0113tiku, pie\u0161\u0137irot tiem stilu un eleganci.<br \/>\nT\u0101s gaum\u012bgais dizains ir efekt\u012bvs telpas apdares akcents, piev\u0113r\u0161ot uzman\u012bbu interjera aug\u0161\u0113jai da\u013cai. Creativa LGG-13 ne tikai pie\u0161\u0137ir interjeram est\u0113tisku raksturu, bet ar\u012b efekt\u012bvi mask\u0113 tr\u016bkumus vai nel\u012bdzenumus, kas var b\u016bt starp sienu un griestiem.<br \/>\nPateicoties tam, \u0161\u012bs nepiln\u012bbas k\u013c\u016bst maz\u0101k paman\u0101mas.<\/p>\n","protected":false},"excerpt":{"rendered":"<p>LGG-13 karn\u012bzes ir izstr\u0101d\u0101tas, lai izceltu griestu est\u0113tiku, pie\u0161\u0137irot tiem stilu un eleganci. T\u0101s gaum\u012bgais dizains ir efekt\u012bvs telpas apdares<\/p>\n","protected":false},"featured_media":63030,"template":"","meta":[],"product_brand":[],"product_cat":[1935],"product_tag":[],"class_list":{"0":"post-63036","1":"product","2":"type-product","3":"status-publish","4":"has-post-thumbnail","6":"product_cat-griestu-karnizes","7":"pa_brand-creativa-lv","9":"first","10":"instock","11":"taxable","12":"shipping-taxable","13":"purchasable","14":"product-type-simple"},"yoast_head":"<!-- This site is optimized with the Yoast SEO plugin v27.4 - https:\/\/yoast.com\/product\/yoast-seo-wordpress\/ -->\n<title>Karn\u012bzes sloksne Creativa LGG-13 - Micasa<\/title>\n<meta name=\"robots\" content=\"index, follow, max-snippet:-1, max-image-preview:large, max-video-preview:-1\" \/>\n<link rel=\"canonical\" href=\"https:\/\/micasa.lv\/lv\/karnizes-sloksne-creativa-lgg-13\/\" \/>\n<meta property=\"og:locale\" content=\"lv_LV\" \/>\n<meta property=\"og:type\" content=\"article\" \/>\n<meta property=\"og:title\" content=\"Karn\u012bzes sloksne Creativa LGG-13 - Micasa\" \/>\n<meta property=\"og:description\" content=\"LGG-13 karn\u012bzes ir izstr\u0101d\u0101tas, lai izceltu griestu est\u0113tiku, pie\u0161\u0137irot tiem stilu un eleganci. T\u0101s gaum\u012bgais dizains ir efekt\u012bvs telpas apdares\" \/>\n<meta property=\"og:url\" content=\"https:\/\/micasa.lv\/lv\/karnizes-sloksne-creativa-lgg-13\/\" \/>\n<meta property=\"og:site_name\" content=\"Micasa\" \/>\n<meta property=\"article:modified_time\" content=\"2025-10-01T14:12:25+00:00\" \/>\n<meta property=\"og:image\" content=\"https:\/\/micasa.lv\/wp-content\/uploads\/2025\/10\/lgg-13.jpg\" \/>\n\t<meta property=\"og:image:width\" content=\"830\" \/>\n\t<meta property=\"og:image:height\" content=\"725\" \/>\n\t<meta property=\"og:image:type\" content=\"image\/jpeg\" \/>\n<meta name=\"twitter:card\" content=\"summary_large_image\" \/>\n<meta name=\"twitter:label1\" content=\"Est. reading time\" \/>\n\t<meta name=\"twitter:data1\" content=\"1 minute\" \/>\n<script type=\"application\/ld+json\" class=\"yoast-schema-graph\">{\"@context\":\"https:\\\/\\\/schema.org\",\"@graph\":[{\"@type\":\"WebPage\",\"@id\":\"https:\\\/\\\/micasa.lv\\\/lv\\\/karnizes-sloksne-creativa-lgg-13\\\/\",\"url\":\"https:\\\/\\\/micasa.lv\\\/lv\\\/karnizes-sloksne-creativa-lgg-13\\\/\",\"name\":\"Karn\u012bzes sloksne Creativa LGG-13 - Micasa\",\"isPartOf\":{\"@id\":\"https:\\\/\\\/micasa.lv\\\/lv\\\/#website\"},\"primaryImageOfPage\":{\"@id\":\"https:\\\/\\\/micasa.lv\\\/lv\\\/karnizes-sloksne-creativa-lgg-13\\\/#primaryimage\"},\"image\":{\"@id\":\"https:\\\/\\\/micasa.lv\\\/lv\\\/karnizes-sloksne-creativa-lgg-13\\\/#primaryimage\"},\"thumbnailUrl\":\"https:\\\/\\\/micasa.lv\\\/wp-content\\\/uploads\\\/2025\\\/10\\\/lgg-13.jpg\",\"datePublished\":\"2025-10-01T14:08:55+00:00\",\"dateModified\":\"2025-10-01T14:12:25+00:00\",\"breadcrumb\":{\"@id\":\"https:\\\/\\\/micasa.lv\\\/lv\\\/karnizes-sloksne-creativa-lgg-13\\\/#breadcrumb\"},\"inLanguage\":\"lv-LV\",\"potentialAction\":[{\"@type\":\"ReadAction\",\"target\":[\"https:\\\/\\\/micasa.lv\\\/lv\\\/karnizes-sloksne-creativa-lgg-13\\\/\"]}]},{\"@type\":\"ImageObject\",\"inLanguage\":\"lv-LV\",\"@id\":\"https:\\\/\\\/micasa.lv\\\/lv\\\/karnizes-sloksne-creativa-lgg-13\\\/#primaryimage\",\"url\":\"https:\\\/\\\/micasa.lv\\\/wp-content\\\/uploads\\\/2025\\\/10\\\/lgg-13.jpg\",\"contentUrl\":\"https:\\\/\\\/micasa.lv\\\/wp-content\\\/uploads\\\/2025\\\/10\\\/lgg-13.jpg\",\"width\":830,\"height\":725},{\"@type\":\"BreadcrumbList\",\"@id\":\"https:\\\/\\\/micasa.lv\\\/lv\\\/karnizes-sloksne-creativa-lgg-13\\\/#breadcrumb\",\"itemListElement\":[{\"@type\":\"ListItem\",\"position\":1,\"name\":\"S\u0101kums\",\"item\":\"https:\\\/\\\/micasa.lv\\\/lv\\\/micasa\\\/\"},{\"@type\":\"ListItem\",\"position\":2,\"name\":\"Shop\",\"item\":\"https:\\\/\\\/micasa.lv\\\/lv\\\/shop\\\/\"},{\"@type\":\"ListItem\",\"position\":3,\"name\":\"Karn\u012bzes sloksne Creativa LGG-13\"}]},{\"@type\":\"WebSite\",\"@id\":\"https:\\\/\\\/micasa.lv\\\/lv\\\/#website\",\"url\":\"https:\\\/\\\/micasa.lv\\\/lv\\\/\",\"name\":\"Micasa\",\"description\":\"\",\"potentialAction\":[{\"@type\":\"SearchAction\",\"target\":{\"@type\":\"EntryPoint\",\"urlTemplate\":\"https:\\\/\\\/micasa.lv\\\/lv\\\/?s={search_term_string}\"},\"query-input\":{\"@type\":\"PropertyValueSpecification\",\"valueRequired\":true,\"valueName\":\"search_term_string\"}}],\"inLanguage\":\"lv-LV\"}]}<\/script>\n<!-- \/ Yoast SEO plugin. -->","yoast_head_json":{"title":"Karn\u012bzes sloksne Creativa LGG-13 - Micasa","robots":{"index":"index","follow":"follow","max-snippet":"max-snippet:-1","max-image-preview":"max-image-preview:large","max-video-preview":"max-video-preview:-1"},"canonical":"https:\/\/micasa.lv\/lv\/karnizes-sloksne-creativa-lgg-13\/","og_locale":"lv_LV","og_type":"article","og_title":"Karn\u012bzes sloksne Creativa LGG-13 - Micasa","og_description":"LGG-13 karn\u012bzes ir izstr\u0101d\u0101tas, lai izceltu griestu est\u0113tiku, pie\u0161\u0137irot tiem stilu un eleganci. T\u0101s gaum\u012bgais dizains ir efekt\u012bvs telpas apdares","og_url":"https:\/\/micasa.lv\/lv\/karnizes-sloksne-creativa-lgg-13\/","og_site_name":"Micasa","article_modified_time":"2025-10-01T14:12:25+00:00","og_image":[{"width":830,"height":725,"url":"https:\/\/micasa.lv\/wp-content\/uploads\/2025\/10\/lgg-13.jpg","type":"image\/jpeg"}],"twitter_card":"summary_large_image","twitter_misc":{"Est. reading time":"1 minute"},"schema":{"@context":"https:\/\/schema.org","@graph":[{"@type":"WebPage","@id":"https:\/\/micasa.lv\/lv\/karnizes-sloksne-creativa-lgg-13\/","url":"https:\/\/micasa.lv\/lv\/karnizes-sloksne-creativa-lgg-13\/","name":"Karn\u012bzes sloksne Creativa LGG-13 - Micasa","isPartOf":{"@id":"https:\/\/micasa.lv\/lv\/#website"},"primaryImageOfPage":{"@id":"https:\/\/micasa.lv\/lv\/karnizes-sloksne-creativa-lgg-13\/#primaryimage"},"image":{"@id":"https:\/\/micasa.lv\/lv\/karnizes-sloksne-creativa-lgg-13\/#primaryimage"},"thumbnailUrl":"https:\/\/micasa.lv\/wp-content\/uploads\/2025\/10\/lgg-13.jpg","datePublished":"2025-10-01T14:08:55+00:00","dateModified":"2025-10-01T14:12:25+00:00","breadcrumb":{"@id":"https:\/\/micasa.lv\/lv\/karnizes-sloksne-creativa-lgg-13\/#breadcrumb"},"inLanguage":"lv-LV","potentialAction":[{"@type":"ReadAction","target":["https:\/\/micasa.lv\/lv\/karnizes-sloksne-creativa-lgg-13\/"]}]},{"@type":"ImageObject","inLanguage":"lv-LV","@id":"https:\/\/micasa.lv\/lv\/karnizes-sloksne-creativa-lgg-13\/#primaryimage","url":"https:\/\/micasa.lv\/wp-content\/uploads\/2025\/10\/lgg-13.jpg","contentUrl":"https:\/\/micasa.lv\/wp-content\/uploads\/2025\/10\/lgg-13.jpg","width":830,"height":725},{"@type":"BreadcrumbList","@id":"https:\/\/micasa.lv\/lv\/karnizes-sloksne-creativa-lgg-13\/#breadcrumb","itemListElement":[{"@type":"ListItem","position":1,"name":"S\u0101kums","item":"https:\/\/micasa.lv\/lv\/micasa\/"},{"@type":"ListItem","position":2,"name":"Shop","item":"https:\/\/micasa.lv\/lv\/shop\/"},{"@type":"ListItem","position":3,"name":"Karn\u012bzes sloksne Creativa LGG-13"}]},{"@type":"WebSite","@id":"https:\/\/micasa.lv\/lv\/#website","url":"https:\/\/micasa.lv\/lv\/","name":"Micasa","description":"","potentialAction":[{"@type":"SearchAction","target":{"@type":"EntryPoint","urlTemplate":"https:\/\/micasa.lv\/lv\/?s={search_term_string}"},"query-input":{"@type":"PropertyValueSpecification","valueRequired":true,"valueName":"search_term_string"}}],"inLanguage":"lv-LV"}]}},"wcpa_form_fields":null,"_links":{"self":[{"href":"https:\/\/micasa.lv\/lv\/wp-json\/wp\/v2\/product\/63036","targetHints":{"allow":["GET"]}}],"collection":[{"href":"https:\/\/micasa.lv\/lv\/wp-json\/wp\/v2\/product"}],"about":[{"href":"https:\/\/micasa.lv\/lv\/wp-json\/wp\/v2\/types\/product"}],"version-history":[{"count":2,"href":"https:\/\/micasa.lv\/lv\/wp-json\/wp\/v2\/product\/63036\/revisions"}],"predecessor-version":[{"id":63039,"href":"https:\/\/micasa.lv\/lv\/wp-json\/wp\/v2\/product\/63036\/revisions\/63039"}],"wp:featuredmedia":[{"embeddable":true,"href":"https:\/\/micasa.lv\/lv\/wp-json\/wp\/v2\/media\/63030"}],"wp:attachment":[{"href":"https:\/\/micasa.lv\/lv\/wp-json\/wp\/v2\/media?parent=63036"}],"wp:term":[{"taxonomy":"product_brand","embeddable":true,"href":"https:\/\/micasa.lv\/lv\/wp-json\/wp\/v2\/product_brand?post=63036"},{"taxonomy":"product_cat","embeddable":true,"href":"https:\/\/micasa.lv\/lv\/wp-json\/wp\/v2\/product_cat?post=63036"},{"taxonomy":"product_tag","embeddable":true,"href":"https:\/\/micasa.lv\/lv\/wp-json\/wp\/v2\/product_tag?post=63036"}],"curies":[{"name":"wp","href":"https:\/\/api.w.org\/{rel}","templated":true}]}}