{"id":63052,"date":"2025-10-01T17:22:35","date_gmt":"2025-10-01T14:22:35","guid":{"rendered":"https:\/\/micasa.lv\/karnizes-sloksne-creativa-lgg-14\/"},"modified":"2025-10-01T17:31:51","modified_gmt":"2025-10-01T14:31:51","slug":"karnizes-sloksne-creativa-lgg-14","status":"publish","type":"product","link":"https:\/\/micasa.lv\/lv\/karnizes-sloksne-creativa-lgg-14\/","title":{"rendered":"Karn\u012bzes sloksne Creativa LGG-14"},"content":{"rendered":"<p>Garums: 2400 mm<br \/>\nAugstums: 165 mm<br \/>\nPlatums: 145 mm<br \/>\nMateri\u0101ls: Poliuret\u0101ns<\/p>\n","protected":false},"excerpt":{"rendered":"<p>Garums: 2400 mm Augstums: 165 mm Platums: 145 mm Materi\u0101ls: Poliuret\u0101ns<\/p>\n","protected":false},"featured_media":63044,"template":"","meta":[],"product_brand":[],"product_cat":[1935],"product_tag":[],"class_list":{"0":"post-63052","1":"product","2":"type-product","3":"status-publish","4":"has-post-thumbnail","6":"product_cat-griestu-karnizes","7":"pa_brand-creativa-lv","9":"first","10":"instock","11":"taxable","12":"shipping-taxable","13":"purchasable","14":"product-type-simple"},"yoast_head":"<!-- This site is optimized with the Yoast SEO plugin v27.4 - https:\/\/yoast.com\/product\/yoast-seo-wordpress\/ -->\n<title>Karn\u012bzes sloksne Creativa LGG-14 - Micasa<\/title>\n<meta name=\"robots\" content=\"index, follow, max-snippet:-1, max-image-preview:large, max-video-preview:-1\" \/>\n<link rel=\"canonical\" href=\"https:\/\/micasa.lv\/lv\/karnizes-sloksne-creativa-lgg-14\/\" \/>\n<meta property=\"og:locale\" content=\"lv_LV\" \/>\n<meta property=\"og:type\" content=\"article\" \/>\n<meta property=\"og:title\" content=\"Karn\u012bzes sloksne Creativa LGG-14 - Micasa\" \/>\n<meta property=\"og:description\" content=\"Garums: 2400 mm Augstums: 165 mm Platums: 145 mm Materi\u0101ls: Poliuret\u0101ns\" \/>\n<meta property=\"og:url\" content=\"https:\/\/micasa.lv\/lv\/karnizes-sloksne-creativa-lgg-14\/\" \/>\n<meta property=\"og:site_name\" content=\"Micasa\" \/>\n<meta property=\"article:modified_time\" content=\"2025-10-01T14:31:51+00:00\" \/>\n<meta property=\"og:image\" content=\"https:\/\/micasa.lv\/wp-content\/uploads\/2025\/10\/lgg-14.jpg\" \/>\n\t<meta property=\"og:image:width\" content=\"785\" \/>\n\t<meta property=\"og:image:height\" content=\"781\" \/>\n\t<meta property=\"og:image:type\" content=\"image\/jpeg\" \/>\n<meta name=\"twitter:card\" content=\"summary_large_image\" \/>\n<meta name=\"twitter:label1\" content=\"Est. reading time\" \/>\n\t<meta name=\"twitter:data1\" content=\"1 minute\" \/>\n<script type=\"application\/ld+json\" class=\"yoast-schema-graph\">{\"@context\":\"https:\\\/\\\/schema.org\",\"@graph\":[{\"@type\":\"WebPage\",\"@id\":\"https:\\\/\\\/micasa.lv\\\/lv\\\/karnizes-sloksne-creativa-lgg-14\\\/\",\"url\":\"https:\\\/\\\/micasa.lv\\\/lv\\\/karnizes-sloksne-creativa-lgg-14\\\/\",\"name\":\"Karn\u012bzes sloksne Creativa LGG-14 - Micasa\",\"isPartOf\":{\"@id\":\"https:\\\/\\\/micasa.lv\\\/lv\\\/#website\"},\"primaryImageOfPage\":{\"@id\":\"https:\\\/\\\/micasa.lv\\\/lv\\\/karnizes-sloksne-creativa-lgg-14\\\/#primaryimage\"},\"image\":{\"@id\":\"https:\\\/\\\/micasa.lv\\\/lv\\\/karnizes-sloksne-creativa-lgg-14\\\/#primaryimage\"},\"thumbnailUrl\":\"https:\\\/\\\/micasa.lv\\\/wp-content\\\/uploads\\\/2025\\\/10\\\/lgg-14.jpg\",\"datePublished\":\"2025-10-01T14:22:35+00:00\",\"dateModified\":\"2025-10-01T14:31:51+00:00\",\"breadcrumb\":{\"@id\":\"https:\\\/\\\/micasa.lv\\\/lv\\\/karnizes-sloksne-creativa-lgg-14\\\/#breadcrumb\"},\"inLanguage\":\"lv-LV\",\"potentialAction\":[{\"@type\":\"ReadAction\",\"target\":[\"https:\\\/\\\/micasa.lv\\\/lv\\\/karnizes-sloksne-creativa-lgg-14\\\/\"]}]},{\"@type\":\"ImageObject\",\"inLanguage\":\"lv-LV\",\"@id\":\"https:\\\/\\\/micasa.lv\\\/lv\\\/karnizes-sloksne-creativa-lgg-14\\\/#primaryimage\",\"url\":\"https:\\\/\\\/micasa.lv\\\/wp-content\\\/uploads\\\/2025\\\/10\\\/lgg-14.jpg\",\"contentUrl\":\"https:\\\/\\\/micasa.lv\\\/wp-content\\\/uploads\\\/2025\\\/10\\\/lgg-14.jpg\",\"width\":785,\"height\":781},{\"@type\":\"BreadcrumbList\",\"@id\":\"https:\\\/\\\/micasa.lv\\\/lv\\\/karnizes-sloksne-creativa-lgg-14\\\/#breadcrumb\",\"itemListElement\":[{\"@type\":\"ListItem\",\"position\":1,\"name\":\"S\u0101kums\",\"item\":\"https:\\\/\\\/micasa.lv\\\/lv\\\/micasa\\\/\"},{\"@type\":\"ListItem\",\"position\":2,\"name\":\"Shop\",\"item\":\"https:\\\/\\\/micasa.lv\\\/lv\\\/shop\\\/\"},{\"@type\":\"ListItem\",\"position\":3,\"name\":\"Karn\u012bzes sloksne Creativa LGG-14\"}]},{\"@type\":\"WebSite\",\"@id\":\"https:\\\/\\\/micasa.lv\\\/lv\\\/#website\",\"url\":\"https:\\\/\\\/micasa.lv\\\/lv\\\/\",\"name\":\"Micasa\",\"description\":\"\",\"potentialAction\":[{\"@type\":\"SearchAction\",\"target\":{\"@type\":\"EntryPoint\",\"urlTemplate\":\"https:\\\/\\\/micasa.lv\\\/lv\\\/?s={search_term_string}\"},\"query-input\":{\"@type\":\"PropertyValueSpecification\",\"valueRequired\":true,\"valueName\":\"search_term_string\"}}],\"inLanguage\":\"lv-LV\"}]}<\/script>\n<!-- \/ Yoast SEO plugin. -->","yoast_head_json":{"title":"Karn\u012bzes sloksne Creativa LGG-14 - Micasa","robots":{"index":"index","follow":"follow","max-snippet":"max-snippet:-1","max-image-preview":"max-image-preview:large","max-video-preview":"max-video-preview:-1"},"canonical":"https:\/\/micasa.lv\/lv\/karnizes-sloksne-creativa-lgg-14\/","og_locale":"lv_LV","og_type":"article","og_title":"Karn\u012bzes sloksne Creativa LGG-14 - Micasa","og_description":"Garums: 2400 mm Augstums: 165 mm Platums: 145 mm Materi\u0101ls: Poliuret\u0101ns","og_url":"https:\/\/micasa.lv\/lv\/karnizes-sloksne-creativa-lgg-14\/","og_site_name":"Micasa","article_modified_time":"2025-10-01T14:31:51+00:00","og_image":[{"width":785,"height":781,"url":"https:\/\/micasa.lv\/wp-content\/uploads\/2025\/10\/lgg-14.jpg","type":"image\/jpeg"}],"twitter_card":"summary_large_image","twitter_misc":{"Est. reading time":"1 minute"},"schema":{"@context":"https:\/\/schema.org","@graph":[{"@type":"WebPage","@id":"https:\/\/micasa.lv\/lv\/karnizes-sloksne-creativa-lgg-14\/","url":"https:\/\/micasa.lv\/lv\/karnizes-sloksne-creativa-lgg-14\/","name":"Karn\u012bzes sloksne Creativa LGG-14 - Micasa","isPartOf":{"@id":"https:\/\/micasa.lv\/lv\/#website"},"primaryImageOfPage":{"@id":"https:\/\/micasa.lv\/lv\/karnizes-sloksne-creativa-lgg-14\/#primaryimage"},"image":{"@id":"https:\/\/micasa.lv\/lv\/karnizes-sloksne-creativa-lgg-14\/#primaryimage"},"thumbnailUrl":"https:\/\/micasa.lv\/wp-content\/uploads\/2025\/10\/lgg-14.jpg","datePublished":"2025-10-01T14:22:35+00:00","dateModified":"2025-10-01T14:31:51+00:00","breadcrumb":{"@id":"https:\/\/micasa.lv\/lv\/karnizes-sloksne-creativa-lgg-14\/#breadcrumb"},"inLanguage":"lv-LV","potentialAction":[{"@type":"ReadAction","target":["https:\/\/micasa.lv\/lv\/karnizes-sloksne-creativa-lgg-14\/"]}]},{"@type":"ImageObject","inLanguage":"lv-LV","@id":"https:\/\/micasa.lv\/lv\/karnizes-sloksne-creativa-lgg-14\/#primaryimage","url":"https:\/\/micasa.lv\/wp-content\/uploads\/2025\/10\/lgg-14.jpg","contentUrl":"https:\/\/micasa.lv\/wp-content\/uploads\/2025\/10\/lgg-14.jpg","width":785,"height":781},{"@type":"BreadcrumbList","@id":"https:\/\/micasa.lv\/lv\/karnizes-sloksne-creativa-lgg-14\/#breadcrumb","itemListElement":[{"@type":"ListItem","position":1,"name":"S\u0101kums","item":"https:\/\/micasa.lv\/lv\/micasa\/"},{"@type":"ListItem","position":2,"name":"Shop","item":"https:\/\/micasa.lv\/lv\/shop\/"},{"@type":"ListItem","position":3,"name":"Karn\u012bzes sloksne Creativa LGG-14"}]},{"@type":"WebSite","@id":"https:\/\/micasa.lv\/lv\/#website","url":"https:\/\/micasa.lv\/lv\/","name":"Micasa","description":"","potentialAction":[{"@type":"SearchAction","target":{"@type":"EntryPoint","urlTemplate":"https:\/\/micasa.lv\/lv\/?s={search_term_string}"},"query-input":{"@type":"PropertyValueSpecification","valueRequired":true,"valueName":"search_term_string"}}],"inLanguage":"lv-LV"}]}},"wcpa_form_fields":null,"_links":{"self":[{"href":"https:\/\/micasa.lv\/lv\/wp-json\/wp\/v2\/product\/63052","targetHints":{"allow":["GET"]}}],"collection":[{"href":"https:\/\/micasa.lv\/lv\/wp-json\/wp\/v2\/product"}],"about":[{"href":"https:\/\/micasa.lv\/lv\/wp-json\/wp\/v2\/types\/product"}],"version-history":[{"count":1,"href":"https:\/\/micasa.lv\/lv\/wp-json\/wp\/v2\/product\/63052\/revisions"}],"predecessor-version":[{"id":63054,"href":"https:\/\/micasa.lv\/lv\/wp-json\/wp\/v2\/product\/63052\/revisions\/63054"}],"wp:featuredmedia":[{"embeddable":true,"href":"https:\/\/micasa.lv\/lv\/wp-json\/wp\/v2\/media\/63044"}],"wp:attachment":[{"href":"https:\/\/micasa.lv\/lv\/wp-json\/wp\/v2\/media?parent=63052"}],"wp:term":[{"taxonomy":"product_brand","embeddable":true,"href":"https:\/\/micasa.lv\/lv\/wp-json\/wp\/v2\/product_brand?post=63052"},{"taxonomy":"product_cat","embeddable":true,"href":"https:\/\/micasa.lv\/lv\/wp-json\/wp\/v2\/product_cat?post=63052"},{"taxonomy":"product_tag","embeddable":true,"href":"https:\/\/micasa.lv\/lv\/wp-json\/wp\/v2\/product_tag?post=63052"}],"curies":[{"name":"wp","href":"https:\/\/api.w.org\/{rel}","templated":true}]}}