{"id":63151,"date":"2025-10-02T10:42:58","date_gmt":"2025-10-02T07:42:58","guid":{"rendered":"https:\/\/micasa.lv\/minileiste-ul25x2-profils-vinilam\/"},"modified":"2026-01-07T11:43:16","modified_gmt":"2026-01-07T09:43:16","slug":"minileiste-ul25x2-profils-vinilam","status":"publish","type":"product","link":"https:\/\/micasa.lv\/lv\/minileiste-ul25x2-profils-vinilam\/","title":{"rendered":"Minileiste UL25X2 profils vinilam"},"content":{"rendered":"<p>P\u0101rejas profils gr\u012bdas segumiem l\u012bdz 5 mm biezum\u0101. Savienojuma \u0161uve 2 \u2013 5 mm <\/p>\n<p>P\u0101rejas profils UL25X2 nodro\u0161ina diskr\u0113tu un inovat\u012bvu<\/p>\n<p>vien\u0101 l\u012bmen\u012b eso\u0161u gr\u012bdas segumu p\u0101reju \u2013 tur, kur j\u0101iev\u0113ro<\/p>\n<p>savienojuma un papla\u0161in\u0101\u0161an\u0101s \u0161uves b\u016bvniec\u012bbas pras\u012bbas.<\/p>\n<p>Piem\u0113rots:<\/p>\n<p>l\u012bmpl\u0113vei<\/p>\n","protected":false},"excerpt":{"rendered":"<p>P\u0101rejas profils gr\u012bdas segumiem l\u012bdz 5 mm biezum\u0101. Savienojuma \u0161uve 2 \u2013 5 mm P\u0101rejas profils UL25X2 nodro\u0161ina diskr\u0113tu un<\/p>\n","protected":false},"featured_media":63140,"template":"","meta":[],"product_brand":[],"product_cat":[1937],"product_tag":[],"class_list":{"0":"post-63151","1":"product","2":"type-product","3":"status-publish","4":"has-post-thumbnail","6":"product_cat-gridas-profili","7":"pa_brand-minileiste-lv","9":"first","10":"instock","11":"taxable","12":"shipping-taxable","13":"purchasable","14":"product-type-variable"},"yoast_head":"<!-- This site is optimized with the Yoast SEO plugin v27.4 - https:\/\/yoast.com\/product\/yoast-seo-wordpress\/ -->\n<title>Minileiste UL25X2 profils vinilam - Micasa<\/title>\n<meta name=\"robots\" content=\"index, follow, max-snippet:-1, max-image-preview:large, max-video-preview:-1\" \/>\n<link rel=\"canonical\" href=\"https:\/\/micasa.lv\/lv\/minileiste-ul25x2-profils-vinilam\/\" \/>\n<meta property=\"og:locale\" content=\"lv_LV\" \/>\n<meta property=\"og:type\" content=\"article\" \/>\n<meta property=\"og:title\" content=\"Minileiste UL25X2 profils vinilam - Micasa\" \/>\n<meta property=\"og:description\" content=\"P\u0101rejas profils gr\u012bdas segumiem l\u012bdz 5 mm biezum\u0101. Savienojuma \u0161uve 2 \u2013 5 mm P\u0101rejas profils UL25X2 nodro\u0161ina diskr\u0113tu un\" \/>\n<meta property=\"og:url\" content=\"https:\/\/micasa.lv\/lv\/minileiste-ul25x2-profils-vinilam\/\" \/>\n<meta property=\"og:site_name\" content=\"Micasa\" \/>\n<meta property=\"article:modified_time\" content=\"2026-01-07T09:43:16+00:00\" \/>\n<meta property=\"og:image\" content=\"https:\/\/micasa.lv\/wp-content\/uploads\/2025\/10\/ul25x2_titanium-1.jpg\" \/>\n\t<meta property=\"og:image:width\" content=\"770\" \/>\n\t<meta property=\"og:image:height\" content=\"770\" \/>\n\t<meta property=\"og:image:type\" content=\"image\/jpeg\" \/>\n<meta name=\"twitter:card\" content=\"summary_large_image\" \/>\n<meta name=\"twitter:label1\" content=\"Est. reading time\" \/>\n\t<meta name=\"twitter:data1\" content=\"1 minute\" \/>\n<script type=\"application\/ld+json\" class=\"yoast-schema-graph\">{\"@context\":\"https:\\\/\\\/schema.org\",\"@graph\":[{\"@type\":\"WebPage\",\"@id\":\"https:\\\/\\\/micasa.lv\\\/lv\\\/minileiste-ul25x2-profils-vinilam\\\/\",\"url\":\"https:\\\/\\\/micasa.lv\\\/lv\\\/minileiste-ul25x2-profils-vinilam\\\/\",\"name\":\"Minileiste UL25X2 profils vinilam - Micasa\",\"isPartOf\":{\"@id\":\"https:\\\/\\\/micasa.lv\\\/lv\\\/#website\"},\"primaryImageOfPage\":{\"@id\":\"https:\\\/\\\/micasa.lv\\\/lv\\\/minileiste-ul25x2-profils-vinilam\\\/#primaryimage\"},\"image\":{\"@id\":\"https:\\\/\\\/micasa.lv\\\/lv\\\/minileiste-ul25x2-profils-vinilam\\\/#primaryimage\"},\"thumbnailUrl\":\"https:\\\/\\\/micasa.lv\\\/wp-content\\\/uploads\\\/2025\\\/10\\\/ul25x2_titanium-1.jpg\",\"datePublished\":\"2025-10-02T07:42:58+00:00\",\"dateModified\":\"2026-01-07T09:43:16+00:00\",\"breadcrumb\":{\"@id\":\"https:\\\/\\\/micasa.lv\\\/lv\\\/minileiste-ul25x2-profils-vinilam\\\/#breadcrumb\"},\"inLanguage\":\"lv-LV\",\"potentialAction\":[{\"@type\":\"ReadAction\",\"target\":[\"https:\\\/\\\/micasa.lv\\\/lv\\\/minileiste-ul25x2-profils-vinilam\\\/\"]}]},{\"@type\":\"ImageObject\",\"inLanguage\":\"lv-LV\",\"@id\":\"https:\\\/\\\/micasa.lv\\\/lv\\\/minileiste-ul25x2-profils-vinilam\\\/#primaryimage\",\"url\":\"https:\\\/\\\/micasa.lv\\\/wp-content\\\/uploads\\\/2025\\\/10\\\/ul25x2_titanium-1.jpg\",\"contentUrl\":\"https:\\\/\\\/micasa.lv\\\/wp-content\\\/uploads\\\/2025\\\/10\\\/ul25x2_titanium-1.jpg\",\"width\":770,\"height\":770},{\"@type\":\"BreadcrumbList\",\"@id\":\"https:\\\/\\\/micasa.lv\\\/lv\\\/minileiste-ul25x2-profils-vinilam\\\/#breadcrumb\",\"itemListElement\":[{\"@type\":\"ListItem\",\"position\":1,\"name\":\"S\u0101kums\",\"item\":\"https:\\\/\\\/micasa.lv\\\/lv\\\/micasa\\\/\"},{\"@type\":\"ListItem\",\"position\":2,\"name\":\"Shop\",\"item\":\"https:\\\/\\\/micasa.lv\\\/lv\\\/shop\\\/\"},{\"@type\":\"ListItem\",\"position\":3,\"name\":\"Minileiste UL25X2 profils vinilam\"}]},{\"@type\":\"WebSite\",\"@id\":\"https:\\\/\\\/micasa.lv\\\/lv\\\/#website\",\"url\":\"https:\\\/\\\/micasa.lv\\\/lv\\\/\",\"name\":\"Micasa\",\"description\":\"\",\"potentialAction\":[{\"@type\":\"SearchAction\",\"target\":{\"@type\":\"EntryPoint\",\"urlTemplate\":\"https:\\\/\\\/micasa.lv\\\/lv\\\/?s={search_term_string}\"},\"query-input\":{\"@type\":\"PropertyValueSpecification\",\"valueRequired\":true,\"valueName\":\"search_term_string\"}}],\"inLanguage\":\"lv-LV\"}]}<\/script>\n<!-- \/ Yoast SEO plugin. -->","yoast_head_json":{"title":"Minileiste UL25X2 profils vinilam - Micasa","robots":{"index":"index","follow":"follow","max-snippet":"max-snippet:-1","max-image-preview":"max-image-preview:large","max-video-preview":"max-video-preview:-1"},"canonical":"https:\/\/micasa.lv\/lv\/minileiste-ul25x2-profils-vinilam\/","og_locale":"lv_LV","og_type":"article","og_title":"Minileiste UL25X2 profils vinilam - Micasa","og_description":"P\u0101rejas profils gr\u012bdas segumiem l\u012bdz 5 mm biezum\u0101. Savienojuma \u0161uve 2 \u2013 5 mm P\u0101rejas profils UL25X2 nodro\u0161ina diskr\u0113tu un","og_url":"https:\/\/micasa.lv\/lv\/minileiste-ul25x2-profils-vinilam\/","og_site_name":"Micasa","article_modified_time":"2026-01-07T09:43:16+00:00","og_image":[{"width":770,"height":770,"url":"https:\/\/micasa.lv\/wp-content\/uploads\/2025\/10\/ul25x2_titanium-1.jpg","type":"image\/jpeg"}],"twitter_card":"summary_large_image","twitter_misc":{"Est. reading time":"1 minute"},"schema":{"@context":"https:\/\/schema.org","@graph":[{"@type":"WebPage","@id":"https:\/\/micasa.lv\/lv\/minileiste-ul25x2-profils-vinilam\/","url":"https:\/\/micasa.lv\/lv\/minileiste-ul25x2-profils-vinilam\/","name":"Minileiste UL25X2 profils vinilam - Micasa","isPartOf":{"@id":"https:\/\/micasa.lv\/lv\/#website"},"primaryImageOfPage":{"@id":"https:\/\/micasa.lv\/lv\/minileiste-ul25x2-profils-vinilam\/#primaryimage"},"image":{"@id":"https:\/\/micasa.lv\/lv\/minileiste-ul25x2-profils-vinilam\/#primaryimage"},"thumbnailUrl":"https:\/\/micasa.lv\/wp-content\/uploads\/2025\/10\/ul25x2_titanium-1.jpg","datePublished":"2025-10-02T07:42:58+00:00","dateModified":"2026-01-07T09:43:16+00:00","breadcrumb":{"@id":"https:\/\/micasa.lv\/lv\/minileiste-ul25x2-profils-vinilam\/#breadcrumb"},"inLanguage":"lv-LV","potentialAction":[{"@type":"ReadAction","target":["https:\/\/micasa.lv\/lv\/minileiste-ul25x2-profils-vinilam\/"]}]},{"@type":"ImageObject","inLanguage":"lv-LV","@id":"https:\/\/micasa.lv\/lv\/minileiste-ul25x2-profils-vinilam\/#primaryimage","url":"https:\/\/micasa.lv\/wp-content\/uploads\/2025\/10\/ul25x2_titanium-1.jpg","contentUrl":"https:\/\/micasa.lv\/wp-content\/uploads\/2025\/10\/ul25x2_titanium-1.jpg","width":770,"height":770},{"@type":"BreadcrumbList","@id":"https:\/\/micasa.lv\/lv\/minileiste-ul25x2-profils-vinilam\/#breadcrumb","itemListElement":[{"@type":"ListItem","position":1,"name":"S\u0101kums","item":"https:\/\/micasa.lv\/lv\/micasa\/"},{"@type":"ListItem","position":2,"name":"Shop","item":"https:\/\/micasa.lv\/lv\/shop\/"},{"@type":"ListItem","position":3,"name":"Minileiste UL25X2 profils vinilam"}]},{"@type":"WebSite","@id":"https:\/\/micasa.lv\/lv\/#website","url":"https:\/\/micasa.lv\/lv\/","name":"Micasa","description":"","potentialAction":[{"@type":"SearchAction","target":{"@type":"EntryPoint","urlTemplate":"https:\/\/micasa.lv\/lv\/?s={search_term_string}"},"query-input":{"@type":"PropertyValueSpecification","valueRequired":true,"valueName":"search_term_string"}}],"inLanguage":"lv-LV"}]}},"wcpa_form_fields":null,"_links":{"self":[{"href":"https:\/\/micasa.lv\/lv\/wp-json\/wp\/v2\/product\/63151","targetHints":{"allow":["GET"]}}],"collection":[{"href":"https:\/\/micasa.lv\/lv\/wp-json\/wp\/v2\/product"}],"about":[{"href":"https:\/\/micasa.lv\/lv\/wp-json\/wp\/v2\/types\/product"}],"version-history":[{"count":2,"href":"https:\/\/micasa.lv\/lv\/wp-json\/wp\/v2\/product\/63151\/revisions"}],"predecessor-version":[{"id":63165,"href":"https:\/\/micasa.lv\/lv\/wp-json\/wp\/v2\/product\/63151\/revisions\/63165"}],"wp:featuredmedia":[{"embeddable":true,"href":"https:\/\/micasa.lv\/lv\/wp-json\/wp\/v2\/media\/63140"}],"wp:attachment":[{"href":"https:\/\/micasa.lv\/lv\/wp-json\/wp\/v2\/media?parent=63151"}],"wp:term":[{"taxonomy":"product_brand","embeddable":true,"href":"https:\/\/micasa.lv\/lv\/wp-json\/wp\/v2\/product_brand?post=63151"},{"taxonomy":"product_cat","embeddable":true,"href":"https:\/\/micasa.lv\/lv\/wp-json\/wp\/v2\/product_cat?post=63151"},{"taxonomy":"product_tag","embeddable":true,"href":"https:\/\/micasa.lv\/lv\/wp-json\/wp\/v2\/product_tag?post=63151"}],"curies":[{"name":"wp","href":"https:\/\/api.w.org\/{rel}","templated":true}]}}