{"id":63702,"date":"2025-10-10T14:44:55","date_gmt":"2025-10-10T11:44:55","guid":{"rendered":"https:\/\/micasa.lv\/cliplist-ccl25x15-aluminija-gridlistes\/"},"modified":"2025-10-10T15:08:24","modified_gmt":"2025-10-10T12:08:24","slug":"cliplist-ccl25x15-aluminija-gridlistes","status":"publish","type":"product","link":"https:\/\/micasa.lv\/lv\/cliplist-ccl25x15-aluminija-gridlistes\/","title":{"rendered":"ClipList CCL25X15 alum\u012bnija gr\u012bdl\u012bstes"},"content":{"rendered":"<p>\u0160\u012b alum\u012bnija gr\u012bdl\u012bstes ir izgatavotas no augst\u0101k\u0101s kvalit\u0101tes alum\u012bnija. T\u0101 ir \u013coti viegli uzst\u0101d\u0101ma un telp\u0101 izskat\u0101s \u013coti eleganti un minim\u0101listiski. J\u016bs varat izv\u0113l\u0113ties no da\u017e\u0101d\u0101m kr\u0101s\u0101m, un to var izgatavot ar\u012b p\u0113c pas\u016bt\u012bjuma.<\/p>\n","protected":false},"excerpt":{"rendered":"<p>\u0160\u012b alum\u012bnija gr\u012bdl\u012bstes ir izgatavotas no augst\u0101k\u0101s kvalit\u0101tes alum\u012bnija. T\u0101 ir \u013coti viegli uzst\u0101d\u0101ma un telp\u0101 izskat\u0101s \u013coti eleganti un<\/p>\n","protected":false},"featured_media":63681,"template":"","meta":[],"product_brand":[],"product_cat":[1941],"product_tag":[],"class_list":{"0":"post-63702","1":"product","2":"type-product","3":"status-publish","4":"has-post-thumbnail","6":"product_cat-gridlistes","7":"pa_brand-cliplist-lv","9":"first","10":"instock","11":"taxable","12":"shipping-taxable","13":"purchasable","14":"product-type-variable"},"yoast_head":"<!-- This site is optimized with the Yoast SEO plugin v27.4 - https:\/\/yoast.com\/product\/yoast-seo-wordpress\/ -->\n<title>ClipList CCL25X15 alum\u012bnija gr\u012bdl\u012bstes - Micasa<\/title>\n<meta name=\"robots\" content=\"index, follow, max-snippet:-1, max-image-preview:large, max-video-preview:-1\" \/>\n<link rel=\"canonical\" href=\"https:\/\/micasa.lv\/lv\/cliplist-ccl25x15-aluminija-gridlistes\/\" \/>\n<meta property=\"og:locale\" content=\"lv_LV\" \/>\n<meta property=\"og:type\" content=\"article\" \/>\n<meta property=\"og:title\" content=\"ClipList CCL25X15 alum\u012bnija gr\u012bdl\u012bstes - Micasa\" \/>\n<meta property=\"og:description\" content=\"\u0160\u012b alum\u012bnija gr\u012bdl\u012bstes ir izgatavotas no augst\u0101k\u0101s kvalit\u0101tes alum\u012bnija. T\u0101 ir \u013coti viegli uzst\u0101d\u0101ma un telp\u0101 izskat\u0101s \u013coti eleganti un\" \/>\n<meta property=\"og:url\" content=\"https:\/\/micasa.lv\/lv\/cliplist-ccl25x15-aluminija-gridlistes\/\" \/>\n<meta property=\"og:site_name\" content=\"Micasa\" \/>\n<meta property=\"article:modified_time\" content=\"2025-10-10T12:08:24+00:00\" \/>\n<meta property=\"og:image\" content=\"https:\/\/micasa.lv\/wp-content\/uploads\/2025\/10\/cll25x15b_bronze.png\" \/>\n\t<meta property=\"og:image:width\" content=\"658\" \/>\n\t<meta property=\"og:image:height\" content=\"556\" \/>\n\t<meta property=\"og:image:type\" content=\"image\/png\" \/>\n<meta name=\"twitter:card\" content=\"summary_large_image\" \/>\n<meta name=\"twitter:label1\" content=\"Est. reading time\" \/>\n\t<meta name=\"twitter:data1\" content=\"1 minute\" \/>\n<script type=\"application\/ld+json\" class=\"yoast-schema-graph\">{\"@context\":\"https:\\\/\\\/schema.org\",\"@graph\":[{\"@type\":\"WebPage\",\"@id\":\"https:\\\/\\\/micasa.lv\\\/lv\\\/cliplist-ccl25x15-aluminija-gridlistes\\\/\",\"url\":\"https:\\\/\\\/micasa.lv\\\/lv\\\/cliplist-ccl25x15-aluminija-gridlistes\\\/\",\"name\":\"ClipList CCL25X15 alum\u012bnija gr\u012bdl\u012bstes - Micasa\",\"isPartOf\":{\"@id\":\"https:\\\/\\\/micasa.lv\\\/lv\\\/#website\"},\"primaryImageOfPage\":{\"@id\":\"https:\\\/\\\/micasa.lv\\\/lv\\\/cliplist-ccl25x15-aluminija-gridlistes\\\/#primaryimage\"},\"image\":{\"@id\":\"https:\\\/\\\/micasa.lv\\\/lv\\\/cliplist-ccl25x15-aluminija-gridlistes\\\/#primaryimage\"},\"thumbnailUrl\":\"https:\\\/\\\/micasa.lv\\\/wp-content\\\/uploads\\\/2025\\\/10\\\/cll25x15b_bronze.png\",\"datePublished\":\"2025-10-10T11:44:55+00:00\",\"dateModified\":\"2025-10-10T12:08:24+00:00\",\"breadcrumb\":{\"@id\":\"https:\\\/\\\/micasa.lv\\\/lv\\\/cliplist-ccl25x15-aluminija-gridlistes\\\/#breadcrumb\"},\"inLanguage\":\"lv-LV\",\"potentialAction\":[{\"@type\":\"ReadAction\",\"target\":[\"https:\\\/\\\/micasa.lv\\\/lv\\\/cliplist-ccl25x15-aluminija-gridlistes\\\/\"]}]},{\"@type\":\"ImageObject\",\"inLanguage\":\"lv-LV\",\"@id\":\"https:\\\/\\\/micasa.lv\\\/lv\\\/cliplist-ccl25x15-aluminija-gridlistes\\\/#primaryimage\",\"url\":\"https:\\\/\\\/micasa.lv\\\/wp-content\\\/uploads\\\/2025\\\/10\\\/cll25x15b_bronze.png\",\"contentUrl\":\"https:\\\/\\\/micasa.lv\\\/wp-content\\\/uploads\\\/2025\\\/10\\\/cll25x15b_bronze.png\",\"width\":658,\"height\":556},{\"@type\":\"BreadcrumbList\",\"@id\":\"https:\\\/\\\/micasa.lv\\\/lv\\\/cliplist-ccl25x15-aluminija-gridlistes\\\/#breadcrumb\",\"itemListElement\":[{\"@type\":\"ListItem\",\"position\":1,\"name\":\"S\u0101kums\",\"item\":\"https:\\\/\\\/micasa.lv\\\/lv\\\/micasa\\\/\"},{\"@type\":\"ListItem\",\"position\":2,\"name\":\"Shop\",\"item\":\"https:\\\/\\\/micasa.lv\\\/lv\\\/shop\\\/\"},{\"@type\":\"ListItem\",\"position\":3,\"name\":\"ClipList CCL25X15 alum\u012bnija gr\u012bdl\u012bstes\"}]},{\"@type\":\"WebSite\",\"@id\":\"https:\\\/\\\/micasa.lv\\\/lv\\\/#website\",\"url\":\"https:\\\/\\\/micasa.lv\\\/lv\\\/\",\"name\":\"Micasa\",\"description\":\"\",\"potentialAction\":[{\"@type\":\"SearchAction\",\"target\":{\"@type\":\"EntryPoint\",\"urlTemplate\":\"https:\\\/\\\/micasa.lv\\\/lv\\\/?s={search_term_string}\"},\"query-input\":{\"@type\":\"PropertyValueSpecification\",\"valueRequired\":true,\"valueName\":\"search_term_string\"}}],\"inLanguage\":\"lv-LV\"}]}<\/script>\n<!-- \/ Yoast SEO plugin. -->","yoast_head_json":{"title":"ClipList CCL25X15 alum\u012bnija gr\u012bdl\u012bstes - Micasa","robots":{"index":"index","follow":"follow","max-snippet":"max-snippet:-1","max-image-preview":"max-image-preview:large","max-video-preview":"max-video-preview:-1"},"canonical":"https:\/\/micasa.lv\/lv\/cliplist-ccl25x15-aluminija-gridlistes\/","og_locale":"lv_LV","og_type":"article","og_title":"ClipList CCL25X15 alum\u012bnija gr\u012bdl\u012bstes - Micasa","og_description":"\u0160\u012b alum\u012bnija gr\u012bdl\u012bstes ir izgatavotas no augst\u0101k\u0101s kvalit\u0101tes alum\u012bnija. T\u0101 ir \u013coti viegli uzst\u0101d\u0101ma un telp\u0101 izskat\u0101s \u013coti eleganti un","og_url":"https:\/\/micasa.lv\/lv\/cliplist-ccl25x15-aluminija-gridlistes\/","og_site_name":"Micasa","article_modified_time":"2025-10-10T12:08:24+00:00","og_image":[{"width":658,"height":556,"url":"https:\/\/micasa.lv\/wp-content\/uploads\/2025\/10\/cll25x15b_bronze.png","type":"image\/png"}],"twitter_card":"summary_large_image","twitter_misc":{"Est. reading time":"1 minute"},"schema":{"@context":"https:\/\/schema.org","@graph":[{"@type":"WebPage","@id":"https:\/\/micasa.lv\/lv\/cliplist-ccl25x15-aluminija-gridlistes\/","url":"https:\/\/micasa.lv\/lv\/cliplist-ccl25x15-aluminija-gridlistes\/","name":"ClipList CCL25X15 alum\u012bnija gr\u012bdl\u012bstes - Micasa","isPartOf":{"@id":"https:\/\/micasa.lv\/lv\/#website"},"primaryImageOfPage":{"@id":"https:\/\/micasa.lv\/lv\/cliplist-ccl25x15-aluminija-gridlistes\/#primaryimage"},"image":{"@id":"https:\/\/micasa.lv\/lv\/cliplist-ccl25x15-aluminija-gridlistes\/#primaryimage"},"thumbnailUrl":"https:\/\/micasa.lv\/wp-content\/uploads\/2025\/10\/cll25x15b_bronze.png","datePublished":"2025-10-10T11:44:55+00:00","dateModified":"2025-10-10T12:08:24+00:00","breadcrumb":{"@id":"https:\/\/micasa.lv\/lv\/cliplist-ccl25x15-aluminija-gridlistes\/#breadcrumb"},"inLanguage":"lv-LV","potentialAction":[{"@type":"ReadAction","target":["https:\/\/micasa.lv\/lv\/cliplist-ccl25x15-aluminija-gridlistes\/"]}]},{"@type":"ImageObject","inLanguage":"lv-LV","@id":"https:\/\/micasa.lv\/lv\/cliplist-ccl25x15-aluminija-gridlistes\/#primaryimage","url":"https:\/\/micasa.lv\/wp-content\/uploads\/2025\/10\/cll25x15b_bronze.png","contentUrl":"https:\/\/micasa.lv\/wp-content\/uploads\/2025\/10\/cll25x15b_bronze.png","width":658,"height":556},{"@type":"BreadcrumbList","@id":"https:\/\/micasa.lv\/lv\/cliplist-ccl25x15-aluminija-gridlistes\/#breadcrumb","itemListElement":[{"@type":"ListItem","position":1,"name":"S\u0101kums","item":"https:\/\/micasa.lv\/lv\/micasa\/"},{"@type":"ListItem","position":2,"name":"Shop","item":"https:\/\/micasa.lv\/lv\/shop\/"},{"@type":"ListItem","position":3,"name":"ClipList CCL25X15 alum\u012bnija gr\u012bdl\u012bstes"}]},{"@type":"WebSite","@id":"https:\/\/micasa.lv\/lv\/#website","url":"https:\/\/micasa.lv\/lv\/","name":"Micasa","description":"","potentialAction":[{"@type":"SearchAction","target":{"@type":"EntryPoint","urlTemplate":"https:\/\/micasa.lv\/lv\/?s={search_term_string}"},"query-input":{"@type":"PropertyValueSpecification","valueRequired":true,"valueName":"search_term_string"}}],"inLanguage":"lv-LV"}]}},"wcpa_form_fields":null,"_links":{"self":[{"href":"https:\/\/micasa.lv\/lv\/wp-json\/wp\/v2\/product\/63702","targetHints":{"allow":["GET"]}}],"collection":[{"href":"https:\/\/micasa.lv\/lv\/wp-json\/wp\/v2\/product"}],"about":[{"href":"https:\/\/micasa.lv\/lv\/wp-json\/wp\/v2\/types\/product"}],"version-history":[{"count":1,"href":"https:\/\/micasa.lv\/lv\/wp-json\/wp\/v2\/product\/63702\/revisions"}],"predecessor-version":[{"id":63716,"href":"https:\/\/micasa.lv\/lv\/wp-json\/wp\/v2\/product\/63702\/revisions\/63716"}],"wp:featuredmedia":[{"embeddable":true,"href":"https:\/\/micasa.lv\/lv\/wp-json\/wp\/v2\/media\/63681"}],"wp:attachment":[{"href":"https:\/\/micasa.lv\/lv\/wp-json\/wp\/v2\/media?parent=63702"}],"wp:term":[{"taxonomy":"product_brand","embeddable":true,"href":"https:\/\/micasa.lv\/lv\/wp-json\/wp\/v2\/product_brand?post=63702"},{"taxonomy":"product_cat","embeddable":true,"href":"https:\/\/micasa.lv\/lv\/wp-json\/wp\/v2\/product_cat?post=63702"},{"taxonomy":"product_tag","embeddable":true,"href":"https:\/\/micasa.lv\/lv\/wp-json\/wp\/v2\/product_tag?post=63702"}],"curies":[{"name":"wp","href":"https:\/\/api.w.org\/{rel}","templated":true}]}}