{"id":63829,"date":"2025-04-25T14:34:44","date_gmt":"2025-04-25T11:34:44","guid":{"rendered":"https:\/\/micasa.lv\/?post_type=product&#038;p=63829"},"modified":"2026-01-15T15:19:06","modified_gmt":"2026-01-15T13:19:06","slug":"alca-am1101-1200-sadromodul-iebuvejama-skalojama-kaste-slim-ar-rami","status":"publish","type":"product","link":"https:\/\/micasa.lv\/lv\/alca-am1101-1200-sadromodul-iebuvejama-skalojama-kaste-slim-ar-rami\/","title":{"rendered":"Ieb\u016bv\u0113j\u0101ma sk\u0101lojam\u0101 kaste SLIM ar rami AM1101\/1200 S\u00e1dromodul Slim Alca"},"content":{"rendered":"<p><iframe loading=\"lazy\" title=\"Instalace AM101\" width=\"500\" height=\"281\" src=\"https:\/\/www.youtube.com\/embed\/c07OZbVPtQg?feature=oembed\" frameborder=\"0\" allow=\"accelerometer; autoplay; clipboard-write; encrypted-media; gyroscope; picture-in-picture; web-share\" referrerpolicy=\"strict-origin-when-cross-origin\" allowfullscreen><\/iframe><\/p>\n<p><strong>Sausajai konstrukcijai (\u0123ip\u0161kartons)<\/strong><\/p>\n<p>izmantojot mont\u0101\u017eas caurumus<br \/>\nG1\/2 &#8221;<br \/>\n\u016adens darba spiediena diapazons<br \/>\n0,05 \u2013 1,6 MPa<br \/>\nIeteicamais \u016bdens spiediena diapazons<br \/>\n0,3 \u2013 0,5 MPa<br \/>\nLielas skalo\u0161anas standarta iestat\u012bjumi<br \/>\n6 l<br \/>Mazas skalo\u0161anas standarta iestat\u012bjumi<br \/>3 l<br \/>Higi\u0113nisk\u0101 rezerve<br \/>3 l<br \/>\u016adens tilpums tvertn\u0113<br \/>9 l<br \/>Nestsp\u0113ja<br \/>400 kg<\/p>\n<p>&nbsp;<\/p>\n<p>Pielietojums<\/p>\n<ul>\n<li>Piekaramiem tualetes podiem<\/li>\n<li>Uzst\u0101d\u012b\u0161anai pie neso\u0161\u0101s sienas vai \u0123ip\u0161kartona konstrukcij\u0101, uzst\u0101d\u012b\u0161anas dzi\u013cums 84 mm<\/li>\n<li>Gr\u012bd\u0101m ar izl\u012bdzino\u0161\u0101s k\u0101rtas biezumu 0-100 mm<\/li>\n<li>Piekarama poda uzst\u0101d\u012b\u0161anai ar stiprin\u0101juma skr\u016bvju att\u0101lumu 180 mm vai 230 mm<\/li>\n<\/ul>\n<p>Raksturojums<\/p>\n<ul>\n<li>Centr\u0113\u0161anas un izl\u012bdzin\u0101\u0161anas apz\u012bm\u0113jums<\/li>\n<li>St\u016bra ventilis \u016bdens piesl\u0113g\u0161anai Mepla<\/li>\n<li>R\u0101mja konstrukcija \u013cauj piestiprin\u0101t pie \u0123ip\u0161kartona profila vai pie sienas<\/li>\n<li>Uzst\u0101d\u012bts ieb\u016bv\u0113jam\u0101s skalojam\u0101s kastes r\u0101mis ir p\u0101rkl\u0101ts ar \u0123ip\u0161kartona loksni, un tam nav nepiecie\u0161ami papildu stiprin\u0101jumi<\/li>\n<li>Polistirola izol\u0101cijas konstrukcija nov\u0113r\u0161 kondens\u0101ciju uz tvertnes virsmas un samazina vibr\u0101ciju \u0113kas konstrukcij\u0101<\/li>\n<li>Dubult\u0101 skalo\u0161ana, neatkar\u012bgi regul\u0113jama, ar higi\u0113nas rezervi<\/li>\n<li>Savietojam\u012bba ar vis\u0101m ieb\u016bv\u0113jamas skalojamas kastes pog\u0101m Alca<\/li>\n<li>Iesp\u0113ja apkalpot, neizmantojot darba r\u012bkus<\/li>\n<li>\u016adens iepl\u016bde no aizmugures \/aug\u0161da\u013cas vid\u016b \/ gan kreisaj\u0101 \/ labaj\u0101 pus\u0113<\/li>\n<li>Tvertne ir izgatavota no viena polipropil\u0113na gabala, kas nodro\u0161ina t\u0101 100% herm\u0113tiskumu<\/li>\n<li>Servisa lodzi\u0146a v\u0101ks vienk\u0101r\u0161o uzst\u0101d\u012b\u0161anas procesu un aizsarg\u0101 pret mitrumu un net\u012brumiem<\/li>\n<li>Uzmavas uzst\u0101d\u012b\u0161anas dzi\u013cums ir regul\u0113jams 20\u201360 mm robe\u017e\u0101s<\/li>\n<li>Mont\u0101\u017eas dzi\u013cums 84 mm<\/li>\n<li>Izvelkamas k\u0101jas, regul\u0113jamas no 0-100 mm<\/li>\n<li>R\u0101mja materi\u0101ls: pulverkr\u0101sots met\u0101ls<\/li>\n<\/ul>\n<p>Komplekt\u0101cija<\/p>\n<ul>\n<li>Tvertne ar iepl\u016bdes un izpl\u016bdes meh\u0101nismiem<\/li>\n<li>Pa\u0161neso\u0161ais r\u0101mis<\/li>\n<li>V\u012bt\u0146ots savienojums 1\/2 &#8221; \u016bdens piesl\u0113g\u0161anai ar integr\u0113tu le\u0146\u0137a ventili 1\/2&#8243; \u20133\/8 &#8220;<\/li>\n<li>Mont\u0101\u017eas komplekts: skr\u016bve \u00d88 \u00d7 60 &#8211; 8 gab., d\u012bbelis\u00d812 &#8211; 8 gab.<\/li>\n<li>Mont\u0101\u017eas komplekts podam: vit\u0146u stienis M12 &#8211; 2 gab., Papl\u0101ksne &#8211; 4 gab., V\u0101ci\u0146\u0161 &#8211; 2 gab., Uzgrieznis &#8211; 2 gab., Gofr\u0113ta uzmava &#8211; 2 gab.<\/li>\n<li>Kanaliz\u0101cijas elkonis SLIM HT 90\/90\/110<\/li>\n<li>Bl\u012bve, polipropil\u0113na \u012bscaurule, apkakle<\/li>\n<li>Bl\u012bve, polipropil\u0113na \u012bscaurule, apkakle<\/li>\n<li>Mont\u0101\u017eas v\u0101ku komplekts, lai aizsarg\u0101tu tehnisk\u0101s caurumus sist\u0113mas uzst\u0101d\u012b\u0161anas laik\u0101<\/li>\n<li>Divda\u013c\u012bgais servisa atveres v\u0101ks ir vienk\u0101r\u0161i regul\u0113jams.<\/li>\n<\/ul>\n","protected":false},"excerpt":{"rendered":"<p>Sausajai konstrukcijai (\u0123ip\u0161kartons) izmantojot mont\u0101\u017eas caurumus G1\/2 &#8221; \u016adens darba spiediena diapazons 0,05 \u2013 1,6 MPa Ieteicamais \u016bdens spiediena diapazons<\/p>\n","protected":false},"featured_media":28245,"template":"","meta":[],"product_brand":[],"product_cat":[590],"product_tag":[],"class_list":{"0":"post-63829","1":"product","2":"type-product","3":"status-publish","4":"has-post-thumbnail","6":"product_cat-iebuvejamie-ramji-un-noskalosanas-pogas","7":"pa_brand-alca-2","9":"first","10":"instock","11":"taxable","12":"shipping-taxable","13":"purchasable","14":"product-type-simple"},"yoast_head":"<!-- This site is optimized with the Yoast SEO plugin v27.4 - https:\/\/yoast.com\/product\/yoast-seo-wordpress\/ -->\n<title>Ieb\u016bv\u0113j\u0101ma sk\u0101lojam\u0101 kaste SLIM ar rami AM1101\/1200 S\u00e1dromodul Slim Alca - Micasa<\/title>\n<meta name=\"robots\" content=\"index, follow, max-snippet:-1, max-image-preview:large, max-video-preview:-1\" \/>\n<link rel=\"canonical\" href=\"https:\/\/micasa.lv\/lv\/alca-am1101-1200-sadromodul-iebuvejama-skalojama-kaste-slim-ar-rami\/\" \/>\n<meta property=\"og:locale\" content=\"lv_LV\" \/>\n<meta property=\"og:type\" content=\"article\" \/>\n<meta property=\"og:title\" content=\"Ieb\u016bv\u0113j\u0101ma sk\u0101lojam\u0101 kaste SLIM ar rami AM1101\/1200 S\u00e1dromodul Slim Alca - Micasa\" \/>\n<meta property=\"og:description\" content=\"Sausajai konstrukcijai (\u0123ip\u0161kartons) izmantojot mont\u0101\u017eas caurumus G1\/2 &#8221; \u016adens darba spiediena diapazons 0,05 \u2013 1,6 MPa Ieteicamais \u016bdens spiediena diapazons\" \/>\n<meta property=\"og:url\" content=\"https:\/\/micasa.lv\/lv\/alca-am1101-1200-sadromodul-iebuvejama-skalojama-kaste-slim-ar-rami\/\" \/>\n<meta property=\"og:site_name\" content=\"Micasa\" \/>\n<meta property=\"article:modified_time\" content=\"2026-01-15T13:19:06+00:00\" \/>\n<meta property=\"og:image\" content=\"https:\/\/micasa.lv\/wp-content\/uploads\/2025\/04\/am1101_1200.png\" \/>\n\t<meta property=\"og:image:width\" content=\"578\" \/>\n\t<meta property=\"og:image:height\" content=\"1200\" \/>\n\t<meta property=\"og:image:type\" content=\"image\/png\" \/>\n<meta name=\"twitter:card\" content=\"summary_large_image\" \/>\n<meta name=\"twitter:label1\" content=\"Est. reading time\" \/>\n\t<meta name=\"twitter:data1\" content=\"2 minutes\" \/>\n<script type=\"application\/ld+json\" class=\"yoast-schema-graph\">{\"@context\":\"https:\\\/\\\/schema.org\",\"@graph\":[{\"@type\":\"WebPage\",\"@id\":\"https:\\\/\\\/micasa.lv\\\/lv\\\/alca-am1101-1200-sadromodul-iebuvejama-skalojama-kaste-slim-ar-rami\\\/\",\"url\":\"https:\\\/\\\/micasa.lv\\\/lv\\\/alca-am1101-1200-sadromodul-iebuvejama-skalojama-kaste-slim-ar-rami\\\/\",\"name\":\"Ieb\u016bv\u0113j\u0101ma sk\u0101lojam\u0101 kaste SLIM ar rami AM1101\\\/1200 S\u00e1dromodul Slim Alca - Micasa\",\"isPartOf\":{\"@id\":\"https:\\\/\\\/micasa.lv\\\/lv\\\/#website\"},\"primaryImageOfPage\":{\"@id\":\"https:\\\/\\\/micasa.lv\\\/lv\\\/alca-am1101-1200-sadromodul-iebuvejama-skalojama-kaste-slim-ar-rami\\\/#primaryimage\"},\"image\":{\"@id\":\"https:\\\/\\\/micasa.lv\\\/lv\\\/alca-am1101-1200-sadromodul-iebuvejama-skalojama-kaste-slim-ar-rami\\\/#primaryimage\"},\"thumbnailUrl\":\"https:\\\/\\\/micasa.lv\\\/wp-content\\\/uploads\\\/2025\\\/04\\\/am1101_1200.png\",\"datePublished\":\"2025-04-25T11:34:44+00:00\",\"dateModified\":\"2026-01-15T13:19:06+00:00\",\"breadcrumb\":{\"@id\":\"https:\\\/\\\/micasa.lv\\\/lv\\\/alca-am1101-1200-sadromodul-iebuvejama-skalojama-kaste-slim-ar-rami\\\/#breadcrumb\"},\"inLanguage\":\"lv-LV\",\"potentialAction\":[{\"@type\":\"ReadAction\",\"target\":[\"https:\\\/\\\/micasa.lv\\\/lv\\\/alca-am1101-1200-sadromodul-iebuvejama-skalojama-kaste-slim-ar-rami\\\/\"]}]},{\"@type\":\"ImageObject\",\"inLanguage\":\"lv-LV\",\"@id\":\"https:\\\/\\\/micasa.lv\\\/lv\\\/alca-am1101-1200-sadromodul-iebuvejama-skalojama-kaste-slim-ar-rami\\\/#primaryimage\",\"url\":\"https:\\\/\\\/micasa.lv\\\/wp-content\\\/uploads\\\/2025\\\/04\\\/am1101_1200.png\",\"contentUrl\":\"https:\\\/\\\/micasa.lv\\\/wp-content\\\/uploads\\\/2025\\\/04\\\/am1101_1200.png\",\"width\":578,\"height\":1200},{\"@type\":\"BreadcrumbList\",\"@id\":\"https:\\\/\\\/micasa.lv\\\/lv\\\/alca-am1101-1200-sadromodul-iebuvejama-skalojama-kaste-slim-ar-rami\\\/#breadcrumb\",\"itemListElement\":[{\"@type\":\"ListItem\",\"position\":1,\"name\":\"S\u0101kums\",\"item\":\"https:\\\/\\\/micasa.lv\\\/lv\\\/micasa\\\/\"},{\"@type\":\"ListItem\",\"position\":2,\"name\":\"Shop\",\"item\":\"https:\\\/\\\/micasa.lv\\\/lv\\\/shop\\\/\"},{\"@type\":\"ListItem\",\"position\":3,\"name\":\"Ieb\u016bv\u0113j\u0101ma sk\u0101lojam\u0101 kaste SLIM ar rami AM1101\\\/1200 S\u00e1dromodul Slim Alca\"}]},{\"@type\":\"WebSite\",\"@id\":\"https:\\\/\\\/micasa.lv\\\/lv\\\/#website\",\"url\":\"https:\\\/\\\/micasa.lv\\\/lv\\\/\",\"name\":\"Micasa\",\"description\":\"\",\"potentialAction\":[{\"@type\":\"SearchAction\",\"target\":{\"@type\":\"EntryPoint\",\"urlTemplate\":\"https:\\\/\\\/micasa.lv\\\/lv\\\/?s={search_term_string}\"},\"query-input\":{\"@type\":\"PropertyValueSpecification\",\"valueRequired\":true,\"valueName\":\"search_term_string\"}}],\"inLanguage\":\"lv-LV\"}]}<\/script>\n<!-- \/ Yoast SEO plugin. -->","yoast_head_json":{"title":"Ieb\u016bv\u0113j\u0101ma sk\u0101lojam\u0101 kaste SLIM ar rami AM1101\/1200 S\u00e1dromodul Slim Alca - Micasa","robots":{"index":"index","follow":"follow","max-snippet":"max-snippet:-1","max-image-preview":"max-image-preview:large","max-video-preview":"max-video-preview:-1"},"canonical":"https:\/\/micasa.lv\/lv\/alca-am1101-1200-sadromodul-iebuvejama-skalojama-kaste-slim-ar-rami\/","og_locale":"lv_LV","og_type":"article","og_title":"Ieb\u016bv\u0113j\u0101ma sk\u0101lojam\u0101 kaste SLIM ar rami AM1101\/1200 S\u00e1dromodul Slim Alca - Micasa","og_description":"Sausajai konstrukcijai (\u0123ip\u0161kartons) izmantojot mont\u0101\u017eas caurumus G1\/2 &#8221; \u016adens darba spiediena diapazons 0,05 \u2013 1,6 MPa Ieteicamais \u016bdens spiediena diapazons","og_url":"https:\/\/micasa.lv\/lv\/alca-am1101-1200-sadromodul-iebuvejama-skalojama-kaste-slim-ar-rami\/","og_site_name":"Micasa","article_modified_time":"2026-01-15T13:19:06+00:00","og_image":[{"width":578,"height":1200,"url":"https:\/\/micasa.lv\/wp-content\/uploads\/2025\/04\/am1101_1200.png","type":"image\/png"}],"twitter_card":"summary_large_image","twitter_misc":{"Est. reading time":"2 minutes"},"schema":{"@context":"https:\/\/schema.org","@graph":[{"@type":"WebPage","@id":"https:\/\/micasa.lv\/lv\/alca-am1101-1200-sadromodul-iebuvejama-skalojama-kaste-slim-ar-rami\/","url":"https:\/\/micasa.lv\/lv\/alca-am1101-1200-sadromodul-iebuvejama-skalojama-kaste-slim-ar-rami\/","name":"Ieb\u016bv\u0113j\u0101ma sk\u0101lojam\u0101 kaste SLIM ar rami AM1101\/1200 S\u00e1dromodul Slim Alca - Micasa","isPartOf":{"@id":"https:\/\/micasa.lv\/lv\/#website"},"primaryImageOfPage":{"@id":"https:\/\/micasa.lv\/lv\/alca-am1101-1200-sadromodul-iebuvejama-skalojama-kaste-slim-ar-rami\/#primaryimage"},"image":{"@id":"https:\/\/micasa.lv\/lv\/alca-am1101-1200-sadromodul-iebuvejama-skalojama-kaste-slim-ar-rami\/#primaryimage"},"thumbnailUrl":"https:\/\/micasa.lv\/wp-content\/uploads\/2025\/04\/am1101_1200.png","datePublished":"2025-04-25T11:34:44+00:00","dateModified":"2026-01-15T13:19:06+00:00","breadcrumb":{"@id":"https:\/\/micasa.lv\/lv\/alca-am1101-1200-sadromodul-iebuvejama-skalojama-kaste-slim-ar-rami\/#breadcrumb"},"inLanguage":"lv-LV","potentialAction":[{"@type":"ReadAction","target":["https:\/\/micasa.lv\/lv\/alca-am1101-1200-sadromodul-iebuvejama-skalojama-kaste-slim-ar-rami\/"]}]},{"@type":"ImageObject","inLanguage":"lv-LV","@id":"https:\/\/micasa.lv\/lv\/alca-am1101-1200-sadromodul-iebuvejama-skalojama-kaste-slim-ar-rami\/#primaryimage","url":"https:\/\/micasa.lv\/wp-content\/uploads\/2025\/04\/am1101_1200.png","contentUrl":"https:\/\/micasa.lv\/wp-content\/uploads\/2025\/04\/am1101_1200.png","width":578,"height":1200},{"@type":"BreadcrumbList","@id":"https:\/\/micasa.lv\/lv\/alca-am1101-1200-sadromodul-iebuvejama-skalojama-kaste-slim-ar-rami\/#breadcrumb","itemListElement":[{"@type":"ListItem","position":1,"name":"S\u0101kums","item":"https:\/\/micasa.lv\/lv\/micasa\/"},{"@type":"ListItem","position":2,"name":"Shop","item":"https:\/\/micasa.lv\/lv\/shop\/"},{"@type":"ListItem","position":3,"name":"Ieb\u016bv\u0113j\u0101ma sk\u0101lojam\u0101 kaste SLIM ar rami AM1101\/1200 S\u00e1dromodul Slim Alca"}]},{"@type":"WebSite","@id":"https:\/\/micasa.lv\/lv\/#website","url":"https:\/\/micasa.lv\/lv\/","name":"Micasa","description":"","potentialAction":[{"@type":"SearchAction","target":{"@type":"EntryPoint","urlTemplate":"https:\/\/micasa.lv\/lv\/?s={search_term_string}"},"query-input":{"@type":"PropertyValueSpecification","valueRequired":true,"valueName":"search_term_string"}}],"inLanguage":"lv-LV"}]}},"wcpa_form_fields":null,"_links":{"self":[{"href":"https:\/\/micasa.lv\/lv\/wp-json\/wp\/v2\/product\/63829","targetHints":{"allow":["GET"]}}],"collection":[{"href":"https:\/\/micasa.lv\/lv\/wp-json\/wp\/v2\/product"}],"about":[{"href":"https:\/\/micasa.lv\/lv\/wp-json\/wp\/v2\/types\/product"}],"version-history":[{"count":2,"href":"https:\/\/micasa.lv\/lv\/wp-json\/wp\/v2\/product\/63829\/revisions"}],"predecessor-version":[{"id":66220,"href":"https:\/\/micasa.lv\/lv\/wp-json\/wp\/v2\/product\/63829\/revisions\/66220"}],"wp:featuredmedia":[{"embeddable":true,"href":"https:\/\/micasa.lv\/lv\/wp-json\/wp\/v2\/media\/28245"}],"wp:attachment":[{"href":"https:\/\/micasa.lv\/lv\/wp-json\/wp\/v2\/media?parent=63829"}],"wp:term":[{"taxonomy":"product_brand","embeddable":true,"href":"https:\/\/micasa.lv\/lv\/wp-json\/wp\/v2\/product_brand?post=63829"},{"taxonomy":"product_cat","embeddable":true,"href":"https:\/\/micasa.lv\/lv\/wp-json\/wp\/v2\/product_cat?post=63829"},{"taxonomy":"product_tag","embeddable":true,"href":"https:\/\/micasa.lv\/lv\/wp-json\/wp\/v2\/product_tag?post=63829"}],"curies":[{"name":"wp","href":"https:\/\/api.w.org\/{rel}","templated":true}]}}