{"id":65423,"date":"2025-11-08T18:17:37","date_gmt":"2025-11-08T15:17:37","guid":{"rendered":"https:\/\/micasa.lv\/nadura-flizes-titan-storm-peleks\/"},"modified":"2026-02-10T14:02:19","modified_gmt":"2026-02-10T12:02:19","slug":"nadura-flizes-titan-storm-peleks","status":"publish","type":"product","link":"https:\/\/micasa.lv\/lv\/nadura-flizes-titan-storm-peleks\/","title":{"rendered":"Nadura koka kompoz\u012btfl\u012bze ar keramisko p\u0101rkl\u0101jumu TITAN Storm Pel\u0113ks"},"content":{"rendered":"<p>Bjelin rad\u012bjis risin\u0101jumu, kas paredz\u0113ts intens\u012bvi izmantot\u0101m telp\u0101m, kur nepiecie\u0161ama \u012bpa\u0161a iztur\u012bba un vienk\u0101r\u0161a kop\u0161ana. Konstrukcijas pamat\u0101 ir daudzsl\u0101\u0146u kompoz\u012btmateri\u0101ls ar 0,4 mm keramisko p\u0101rkl\u0101jumu un kop\u0113jo biezumu 11 mm. <\/p>\n<p>Kompoz\u012btfl\u012bz\u0113m ir 5G Dry klik meh\u0101nisms, kas nodro\u0161ina \u0101tru iekl\u0101\u0161anu un prec\u012bzu savienojumu.<\/p>\n<p>Nadura Tiles piem\u0113rotas dz\u012bvojam\u0101m un komerctelp\u0101m, kur nepiecie\u0161ama paaugstin\u0101ta iztur\u012bba pret nodilumu.<\/p>\n<p>Izm\u0113rs: 280 \u00d7 580 mm Biezums: 11 mm Keramiskais p\u0101rkl\u0101jums: 0,4mm<\/p>\n","protected":false},"excerpt":{"rendered":"<p>Bjelin rad\u012bjis risin\u0101jumu, kas paredz\u0113ts intens\u012bvi izmantot\u0101m telp\u0101m, kur nepiecie\u0161ama \u012bpa\u0161a iztur\u012bba un vienk\u0101r\u0161a kop\u0161ana. Konstrukcijas pamat\u0101 ir daudzsl\u0101\u0146u kompoz\u012btmateri\u0101ls<\/p>\n","protected":false},"featured_media":65417,"template":"","meta":[],"product_brand":[],"product_cat":[292],"product_tag":[],"class_list":{"0":"post-65423","1":"product","2":"type-product","3":"status-publish","4":"has-post-thumbnail","6":"product_cat-gridas-segumi","7":"pa_brand-bjelin-lv","9":"first","10":"instock","11":"taxable","12":"shipping-taxable","13":"purchasable","14":"product-type-simple"},"yoast_head":"<!-- This site is optimized with the Yoast SEO plugin v27.4 - https:\/\/yoast.com\/product\/yoast-seo-wordpress\/ -->\n<title>Nadura koka kompoz\u012btfl\u012bze ar keramisko p\u0101rkl\u0101jumu TITAN Storm Pel\u0113ks - Micasa<\/title>\n<meta name=\"robots\" content=\"index, follow, max-snippet:-1, max-image-preview:large, max-video-preview:-1\" \/>\n<link rel=\"canonical\" href=\"https:\/\/micasa.lv\/lv\/nadura-flizes-titan-storm-peleks\/\" \/>\n<meta property=\"og:locale\" content=\"lv_LV\" \/>\n<meta property=\"og:type\" content=\"article\" \/>\n<meta property=\"og:title\" content=\"Nadura koka kompoz\u012btfl\u012bze ar keramisko p\u0101rkl\u0101jumu TITAN Storm Pel\u0113ks - Micasa\" \/>\n<meta property=\"og:description\" content=\"Bjelin rad\u012bjis risin\u0101jumu, kas paredz\u0113ts intens\u012bvi izmantot\u0101m telp\u0101m, kur nepiecie\u0161ama \u012bpa\u0161a iztur\u012bba un vienk\u0101r\u0161a kop\u0161ana. Konstrukcijas pamat\u0101 ir daudzsl\u0101\u0146u kompoz\u012btmateri\u0101ls\" \/>\n<meta property=\"og:url\" content=\"https:\/\/micasa.lv\/lv\/nadura-flizes-titan-storm-peleks\/\" \/>\n<meta property=\"og:site_name\" content=\"Micasa\" \/>\n<meta property=\"article:modified_time\" content=\"2026-02-10T12:02:19+00:00\" \/>\n<meta property=\"og:image\" content=\"https:\/\/micasa.lv\/wp-content\/uploads\/2025\/11\/nadura_tiles_titan_storm_2.jpg\" \/>\n\t<meta property=\"og:image:width\" content=\"1200\" \/>\n\t<meta property=\"og:image:height\" content=\"1200\" \/>\n\t<meta property=\"og:image:type\" content=\"image\/jpeg\" \/>\n<meta name=\"twitter:card\" content=\"summary_large_image\" \/>\n<meta name=\"twitter:label1\" content=\"Est. reading time\" \/>\n\t<meta name=\"twitter:data1\" content=\"1 minute\" \/>\n<script type=\"application\/ld+json\" class=\"yoast-schema-graph\">{\"@context\":\"https:\\\/\\\/schema.org\",\"@graph\":[{\"@type\":\"WebPage\",\"@id\":\"https:\\\/\\\/micasa.lv\\\/lv\\\/nadura-flizes-titan-storm-peleks\\\/\",\"url\":\"https:\\\/\\\/micasa.lv\\\/lv\\\/nadura-flizes-titan-storm-peleks\\\/\",\"name\":\"Nadura koka kompoz\u012btfl\u012bze ar keramisko p\u0101rkl\u0101jumu TITAN Storm Pel\u0113ks - Micasa\",\"isPartOf\":{\"@id\":\"https:\\\/\\\/micasa.lv\\\/lv\\\/#website\"},\"primaryImageOfPage\":{\"@id\":\"https:\\\/\\\/micasa.lv\\\/lv\\\/nadura-flizes-titan-storm-peleks\\\/#primaryimage\"},\"image\":{\"@id\":\"https:\\\/\\\/micasa.lv\\\/lv\\\/nadura-flizes-titan-storm-peleks\\\/#primaryimage\"},\"thumbnailUrl\":\"https:\\\/\\\/micasa.lv\\\/wp-content\\\/uploads\\\/2025\\\/11\\\/nadura_tiles_titan_storm_2.jpg\",\"datePublished\":\"2025-11-08T15:17:37+00:00\",\"dateModified\":\"2026-02-10T12:02:19+00:00\",\"breadcrumb\":{\"@id\":\"https:\\\/\\\/micasa.lv\\\/lv\\\/nadura-flizes-titan-storm-peleks\\\/#breadcrumb\"},\"inLanguage\":\"lv-LV\",\"potentialAction\":[{\"@type\":\"ReadAction\",\"target\":[\"https:\\\/\\\/micasa.lv\\\/lv\\\/nadura-flizes-titan-storm-peleks\\\/\"]}]},{\"@type\":\"ImageObject\",\"inLanguage\":\"lv-LV\",\"@id\":\"https:\\\/\\\/micasa.lv\\\/lv\\\/nadura-flizes-titan-storm-peleks\\\/#primaryimage\",\"url\":\"https:\\\/\\\/micasa.lv\\\/wp-content\\\/uploads\\\/2025\\\/11\\\/nadura_tiles_titan_storm_2.jpg\",\"contentUrl\":\"https:\\\/\\\/micasa.lv\\\/wp-content\\\/uploads\\\/2025\\\/11\\\/nadura_tiles_titan_storm_2.jpg\",\"width\":1200,\"height\":1200},{\"@type\":\"BreadcrumbList\",\"@id\":\"https:\\\/\\\/micasa.lv\\\/lv\\\/nadura-flizes-titan-storm-peleks\\\/#breadcrumb\",\"itemListElement\":[{\"@type\":\"ListItem\",\"position\":1,\"name\":\"S\u0101kums\",\"item\":\"https:\\\/\\\/micasa.lv\\\/lv\\\/micasa\\\/\"},{\"@type\":\"ListItem\",\"position\":2,\"name\":\"Shop\",\"item\":\"https:\\\/\\\/micasa.lv\\\/lv\\\/shop\\\/\"},{\"@type\":\"ListItem\",\"position\":3,\"name\":\"Nadura koka kompoz\u012btfl\u012bze ar keramisko p\u0101rkl\u0101jumu TITAN Storm Pel\u0113ks\"}]},{\"@type\":\"WebSite\",\"@id\":\"https:\\\/\\\/micasa.lv\\\/lv\\\/#website\",\"url\":\"https:\\\/\\\/micasa.lv\\\/lv\\\/\",\"name\":\"Micasa\",\"description\":\"\",\"potentialAction\":[{\"@type\":\"SearchAction\",\"target\":{\"@type\":\"EntryPoint\",\"urlTemplate\":\"https:\\\/\\\/micasa.lv\\\/lv\\\/?s={search_term_string}\"},\"query-input\":{\"@type\":\"PropertyValueSpecification\",\"valueRequired\":true,\"valueName\":\"search_term_string\"}}],\"inLanguage\":\"lv-LV\"}]}<\/script>\n<!-- \/ Yoast SEO plugin. -->","yoast_head_json":{"title":"Nadura koka kompoz\u012btfl\u012bze ar keramisko p\u0101rkl\u0101jumu TITAN Storm Pel\u0113ks - Micasa","robots":{"index":"index","follow":"follow","max-snippet":"max-snippet:-1","max-image-preview":"max-image-preview:large","max-video-preview":"max-video-preview:-1"},"canonical":"https:\/\/micasa.lv\/lv\/nadura-flizes-titan-storm-peleks\/","og_locale":"lv_LV","og_type":"article","og_title":"Nadura koka kompoz\u012btfl\u012bze ar keramisko p\u0101rkl\u0101jumu TITAN Storm Pel\u0113ks - Micasa","og_description":"Bjelin rad\u012bjis risin\u0101jumu, kas paredz\u0113ts intens\u012bvi izmantot\u0101m telp\u0101m, kur nepiecie\u0161ama \u012bpa\u0161a iztur\u012bba un vienk\u0101r\u0161a kop\u0161ana. Konstrukcijas pamat\u0101 ir daudzsl\u0101\u0146u kompoz\u012btmateri\u0101ls","og_url":"https:\/\/micasa.lv\/lv\/nadura-flizes-titan-storm-peleks\/","og_site_name":"Micasa","article_modified_time":"2026-02-10T12:02:19+00:00","og_image":[{"width":1200,"height":1200,"url":"https:\/\/micasa.lv\/wp-content\/uploads\/2025\/11\/nadura_tiles_titan_storm_2.jpg","type":"image\/jpeg"}],"twitter_card":"summary_large_image","twitter_misc":{"Est. reading time":"1 minute"},"schema":{"@context":"https:\/\/schema.org","@graph":[{"@type":"WebPage","@id":"https:\/\/micasa.lv\/lv\/nadura-flizes-titan-storm-peleks\/","url":"https:\/\/micasa.lv\/lv\/nadura-flizes-titan-storm-peleks\/","name":"Nadura koka kompoz\u012btfl\u012bze ar keramisko p\u0101rkl\u0101jumu TITAN Storm Pel\u0113ks - Micasa","isPartOf":{"@id":"https:\/\/micasa.lv\/lv\/#website"},"primaryImageOfPage":{"@id":"https:\/\/micasa.lv\/lv\/nadura-flizes-titan-storm-peleks\/#primaryimage"},"image":{"@id":"https:\/\/micasa.lv\/lv\/nadura-flizes-titan-storm-peleks\/#primaryimage"},"thumbnailUrl":"https:\/\/micasa.lv\/wp-content\/uploads\/2025\/11\/nadura_tiles_titan_storm_2.jpg","datePublished":"2025-11-08T15:17:37+00:00","dateModified":"2026-02-10T12:02:19+00:00","breadcrumb":{"@id":"https:\/\/micasa.lv\/lv\/nadura-flizes-titan-storm-peleks\/#breadcrumb"},"inLanguage":"lv-LV","potentialAction":[{"@type":"ReadAction","target":["https:\/\/micasa.lv\/lv\/nadura-flizes-titan-storm-peleks\/"]}]},{"@type":"ImageObject","inLanguage":"lv-LV","@id":"https:\/\/micasa.lv\/lv\/nadura-flizes-titan-storm-peleks\/#primaryimage","url":"https:\/\/micasa.lv\/wp-content\/uploads\/2025\/11\/nadura_tiles_titan_storm_2.jpg","contentUrl":"https:\/\/micasa.lv\/wp-content\/uploads\/2025\/11\/nadura_tiles_titan_storm_2.jpg","width":1200,"height":1200},{"@type":"BreadcrumbList","@id":"https:\/\/micasa.lv\/lv\/nadura-flizes-titan-storm-peleks\/#breadcrumb","itemListElement":[{"@type":"ListItem","position":1,"name":"S\u0101kums","item":"https:\/\/micasa.lv\/lv\/micasa\/"},{"@type":"ListItem","position":2,"name":"Shop","item":"https:\/\/micasa.lv\/lv\/shop\/"},{"@type":"ListItem","position":3,"name":"Nadura koka kompoz\u012btfl\u012bze ar keramisko p\u0101rkl\u0101jumu TITAN Storm Pel\u0113ks"}]},{"@type":"WebSite","@id":"https:\/\/micasa.lv\/lv\/#website","url":"https:\/\/micasa.lv\/lv\/","name":"Micasa","description":"","potentialAction":[{"@type":"SearchAction","target":{"@type":"EntryPoint","urlTemplate":"https:\/\/micasa.lv\/lv\/?s={search_term_string}"},"query-input":{"@type":"PropertyValueSpecification","valueRequired":true,"valueName":"search_term_string"}}],"inLanguage":"lv-LV"}]}},"wcpa_form_fields":null,"_links":{"self":[{"href":"https:\/\/micasa.lv\/lv\/wp-json\/wp\/v2\/product\/65423","targetHints":{"allow":["GET"]}}],"collection":[{"href":"https:\/\/micasa.lv\/lv\/wp-json\/wp\/v2\/product"}],"about":[{"href":"https:\/\/micasa.lv\/lv\/wp-json\/wp\/v2\/types\/product"}],"version-history":[{"count":3,"href":"https:\/\/micasa.lv\/lv\/wp-json\/wp\/v2\/product\/65423\/revisions"}],"predecessor-version":[{"id":65462,"href":"https:\/\/micasa.lv\/lv\/wp-json\/wp\/v2\/product\/65423\/revisions\/65462"}],"wp:featuredmedia":[{"embeddable":true,"href":"https:\/\/micasa.lv\/lv\/wp-json\/wp\/v2\/media\/65417"}],"wp:attachment":[{"href":"https:\/\/micasa.lv\/lv\/wp-json\/wp\/v2\/media?parent=65423"}],"wp:term":[{"taxonomy":"product_brand","embeddable":true,"href":"https:\/\/micasa.lv\/lv\/wp-json\/wp\/v2\/product_brand?post=65423"},{"taxonomy":"product_cat","embeddable":true,"href":"https:\/\/micasa.lv\/lv\/wp-json\/wp\/v2\/product_cat?post=65423"},{"taxonomy":"product_tag","embeddable":true,"href":"https:\/\/micasa.lv\/lv\/wp-json\/wp\/v2\/product_tag?post=65423"}],"curies":[{"name":"wp","href":"https:\/\/api.w.org\/{rel}","templated":true}]}}