{"id":66058,"date":"2025-12-01T13:21:48","date_gmt":"2025-12-01T10:21:48","guid":{"rendered":"https:\/\/micasa.lv\/parkets-vista-bjelin\/"},"modified":"2025-12-01T13:38:58","modified_gmt":"2025-12-01T10:38:58","slug":"parkets-vista-bjelin","status":"publish","type":"product","link":"https:\/\/micasa.lv\/lv\/parkets-vista-bjelin\/","title":{"rendered":"Parkets Vista Bjelin"},"content":{"rendered":"<p>Mat\u0113ts, lakots, 31. klase<\/p>\n<p>4 x mikro f\u0101ze, 5G Dry lock<\/p>\n<p>Vista ir inovat\u012bvs parketa gr\u012bdas segums, kas rada dz\u012bvu un dinamisku noska\u0146u \u2013 m\u016bsdien\u012bgu alternat\u012bvu klasiskaj\u0101m tr\u012bssl\u0101\u0146u parketa gr\u012bd\u0101m.<\/p>\n<p>Gr\u012bda tiek ra\u017eota, izmantojot patent\u0113to Woodura\u00ae tehnolo\u0123iju, kas padara to l\u012bdz pat tr\u012bs reiz\u0113m iztur\u012bgu nek\u0101 tradicion\u0101lo parketu.<\/p>\n<p>\u0160\u012b tehnolo\u0123ija ar\u012b nodro\u0161ina resursu efekt\u012bv\u0101ku koksnes izejmateri\u0101la izmanto\u0161anu, jo tiek izmantota liel\u0101ka da\u013ca no koka stumbra.<\/p>\n","protected":false},"excerpt":{"rendered":"<p>Mat\u0113ts, lakots, 31. klase 4 x mikro f\u0101ze, 5G Dry lock Vista ir inovat\u012bvs parketa gr\u012bdas segums, kas rada dz\u012bvu<\/p>\n","protected":false},"featured_media":66042,"template":"","meta":[],"product_brand":[],"product_cat":[292,1959],"product_tag":[],"class_list":{"0":"post-66058","1":"product","2":"type-product","3":"status-publish","4":"has-post-thumbnail","6":"product_cat-gridas-segumi","7":"product_cat-koka-parkets","8":"pa_brand-bjelin-lv","9":"pa_durability-class-31-klass","11":"first","12":"instock","13":"taxable","14":"shipping-taxable","15":"purchasable","16":"product-type-variable"},"yoast_head":"<!-- This site is optimized with the Yoast SEO plugin v27.4 - https:\/\/yoast.com\/product\/yoast-seo-wordpress\/ -->\n<title>Parkets Vista Bjelin - Micasa<\/title>\n<meta name=\"robots\" content=\"index, follow, max-snippet:-1, max-image-preview:large, max-video-preview:-1\" \/>\n<link rel=\"canonical\" href=\"https:\/\/micasa.lv\/lv\/parkets-vista-bjelin\/\" \/>\n<meta property=\"og:locale\" content=\"lv_LV\" \/>\n<meta property=\"og:type\" content=\"article\" \/>\n<meta property=\"og:title\" content=\"Parkets Vista Bjelin - Micasa\" \/>\n<meta property=\"og:description\" content=\"Mat\u0113ts, lakots, 31. klase 4 x mikro f\u0101ze, 5G Dry lock Vista ir inovat\u012bvs parketa gr\u012bdas segums, kas rada dz\u012bvu\" \/>\n<meta property=\"og:url\" content=\"https:\/\/micasa.lv\/lv\/parkets-vista-bjelin\/\" \/>\n<meta property=\"og:site_name\" content=\"Micasa\" \/>\n<meta property=\"article:modified_time\" content=\"2025-12-01T10:38:58+00:00\" \/>\n<meta property=\"og:image\" content=\"https:\/\/micasa.lv\/wp-content\/uploads\/2025\/12\/tragulv-bjelin-vista-eg-multistrip-natural-lacquer.jpeg\" \/>\n\t<meta property=\"og:image:width\" content=\"634\" \/>\n\t<meta property=\"og:image:height\" content=\"634\" \/>\n\t<meta property=\"og:image:type\" content=\"image\/jpeg\" \/>\n<meta name=\"twitter:card\" content=\"summary_large_image\" \/>\n<meta name=\"twitter:label1\" content=\"Est. reading time\" \/>\n\t<meta name=\"twitter:data1\" content=\"1 minute\" \/>\n<script type=\"application\/ld+json\" class=\"yoast-schema-graph\">{\"@context\":\"https:\\\/\\\/schema.org\",\"@graph\":[{\"@type\":\"WebPage\",\"@id\":\"https:\\\/\\\/micasa.lv\\\/lv\\\/parkets-vista-bjelin\\\/\",\"url\":\"https:\\\/\\\/micasa.lv\\\/lv\\\/parkets-vista-bjelin\\\/\",\"name\":\"Parkets Vista Bjelin - Micasa\",\"isPartOf\":{\"@id\":\"https:\\\/\\\/micasa.lv\\\/lv\\\/#website\"},\"primaryImageOfPage\":{\"@id\":\"https:\\\/\\\/micasa.lv\\\/lv\\\/parkets-vista-bjelin\\\/#primaryimage\"},\"image\":{\"@id\":\"https:\\\/\\\/micasa.lv\\\/lv\\\/parkets-vista-bjelin\\\/#primaryimage\"},\"thumbnailUrl\":\"https:\\\/\\\/micasa.lv\\\/wp-content\\\/uploads\\\/2025\\\/12\\\/tragulv-bjelin-vista-eg-multistrip-natural-lacquer.jpeg\",\"datePublished\":\"2025-12-01T10:21:48+00:00\",\"dateModified\":\"2025-12-01T10:38:58+00:00\",\"breadcrumb\":{\"@id\":\"https:\\\/\\\/micasa.lv\\\/lv\\\/parkets-vista-bjelin\\\/#breadcrumb\"},\"inLanguage\":\"lv-LV\",\"potentialAction\":[{\"@type\":\"ReadAction\",\"target\":[\"https:\\\/\\\/micasa.lv\\\/lv\\\/parkets-vista-bjelin\\\/\"]}]},{\"@type\":\"ImageObject\",\"inLanguage\":\"lv-LV\",\"@id\":\"https:\\\/\\\/micasa.lv\\\/lv\\\/parkets-vista-bjelin\\\/#primaryimage\",\"url\":\"https:\\\/\\\/micasa.lv\\\/wp-content\\\/uploads\\\/2025\\\/12\\\/tragulv-bjelin-vista-eg-multistrip-natural-lacquer.jpeg\",\"contentUrl\":\"https:\\\/\\\/micasa.lv\\\/wp-content\\\/uploads\\\/2025\\\/12\\\/tragulv-bjelin-vista-eg-multistrip-natural-lacquer.jpeg\",\"width\":634,\"height\":634},{\"@type\":\"BreadcrumbList\",\"@id\":\"https:\\\/\\\/micasa.lv\\\/lv\\\/parkets-vista-bjelin\\\/#breadcrumb\",\"itemListElement\":[{\"@type\":\"ListItem\",\"position\":1,\"name\":\"S\u0101kums\",\"item\":\"https:\\\/\\\/micasa.lv\\\/lv\\\/micasa\\\/\"},{\"@type\":\"ListItem\",\"position\":2,\"name\":\"Shop\",\"item\":\"https:\\\/\\\/micasa.lv\\\/lv\\\/shop\\\/\"},{\"@type\":\"ListItem\",\"position\":3,\"name\":\"Parkets Vista Bjelin\"}]},{\"@type\":\"WebSite\",\"@id\":\"https:\\\/\\\/micasa.lv\\\/lv\\\/#website\",\"url\":\"https:\\\/\\\/micasa.lv\\\/lv\\\/\",\"name\":\"Micasa\",\"description\":\"\",\"potentialAction\":[{\"@type\":\"SearchAction\",\"target\":{\"@type\":\"EntryPoint\",\"urlTemplate\":\"https:\\\/\\\/micasa.lv\\\/lv\\\/?s={search_term_string}\"},\"query-input\":{\"@type\":\"PropertyValueSpecification\",\"valueRequired\":true,\"valueName\":\"search_term_string\"}}],\"inLanguage\":\"lv-LV\"}]}<\/script>\n<!-- \/ Yoast SEO plugin. -->","yoast_head_json":{"title":"Parkets Vista Bjelin - Micasa","robots":{"index":"index","follow":"follow","max-snippet":"max-snippet:-1","max-image-preview":"max-image-preview:large","max-video-preview":"max-video-preview:-1"},"canonical":"https:\/\/micasa.lv\/lv\/parkets-vista-bjelin\/","og_locale":"lv_LV","og_type":"article","og_title":"Parkets Vista Bjelin - Micasa","og_description":"Mat\u0113ts, lakots, 31. klase 4 x mikro f\u0101ze, 5G Dry lock Vista ir inovat\u012bvs parketa gr\u012bdas segums, kas rada dz\u012bvu","og_url":"https:\/\/micasa.lv\/lv\/parkets-vista-bjelin\/","og_site_name":"Micasa","article_modified_time":"2025-12-01T10:38:58+00:00","og_image":[{"width":634,"height":634,"url":"https:\/\/micasa.lv\/wp-content\/uploads\/2025\/12\/tragulv-bjelin-vista-eg-multistrip-natural-lacquer.jpeg","type":"image\/jpeg"}],"twitter_card":"summary_large_image","twitter_misc":{"Est. reading time":"1 minute"},"schema":{"@context":"https:\/\/schema.org","@graph":[{"@type":"WebPage","@id":"https:\/\/micasa.lv\/lv\/parkets-vista-bjelin\/","url":"https:\/\/micasa.lv\/lv\/parkets-vista-bjelin\/","name":"Parkets Vista Bjelin - Micasa","isPartOf":{"@id":"https:\/\/micasa.lv\/lv\/#website"},"primaryImageOfPage":{"@id":"https:\/\/micasa.lv\/lv\/parkets-vista-bjelin\/#primaryimage"},"image":{"@id":"https:\/\/micasa.lv\/lv\/parkets-vista-bjelin\/#primaryimage"},"thumbnailUrl":"https:\/\/micasa.lv\/wp-content\/uploads\/2025\/12\/tragulv-bjelin-vista-eg-multistrip-natural-lacquer.jpeg","datePublished":"2025-12-01T10:21:48+00:00","dateModified":"2025-12-01T10:38:58+00:00","breadcrumb":{"@id":"https:\/\/micasa.lv\/lv\/parkets-vista-bjelin\/#breadcrumb"},"inLanguage":"lv-LV","potentialAction":[{"@type":"ReadAction","target":["https:\/\/micasa.lv\/lv\/parkets-vista-bjelin\/"]}]},{"@type":"ImageObject","inLanguage":"lv-LV","@id":"https:\/\/micasa.lv\/lv\/parkets-vista-bjelin\/#primaryimage","url":"https:\/\/micasa.lv\/wp-content\/uploads\/2025\/12\/tragulv-bjelin-vista-eg-multistrip-natural-lacquer.jpeg","contentUrl":"https:\/\/micasa.lv\/wp-content\/uploads\/2025\/12\/tragulv-bjelin-vista-eg-multistrip-natural-lacquer.jpeg","width":634,"height":634},{"@type":"BreadcrumbList","@id":"https:\/\/micasa.lv\/lv\/parkets-vista-bjelin\/#breadcrumb","itemListElement":[{"@type":"ListItem","position":1,"name":"S\u0101kums","item":"https:\/\/micasa.lv\/lv\/micasa\/"},{"@type":"ListItem","position":2,"name":"Shop","item":"https:\/\/micasa.lv\/lv\/shop\/"},{"@type":"ListItem","position":3,"name":"Parkets Vista Bjelin"}]},{"@type":"WebSite","@id":"https:\/\/micasa.lv\/lv\/#website","url":"https:\/\/micasa.lv\/lv\/","name":"Micasa","description":"","potentialAction":[{"@type":"SearchAction","target":{"@type":"EntryPoint","urlTemplate":"https:\/\/micasa.lv\/lv\/?s={search_term_string}"},"query-input":{"@type":"PropertyValueSpecification","valueRequired":true,"valueName":"search_term_string"}}],"inLanguage":"lv-LV"}]}},"wcpa_form_fields":null,"_links":{"self":[{"href":"https:\/\/micasa.lv\/lv\/wp-json\/wp\/v2\/product\/66058","targetHints":{"allow":["GET"]}}],"collection":[{"href":"https:\/\/micasa.lv\/lv\/wp-json\/wp\/v2\/product"}],"about":[{"href":"https:\/\/micasa.lv\/lv\/wp-json\/wp\/v2\/types\/product"}],"version-history":[{"count":1,"href":"https:\/\/micasa.lv\/lv\/wp-json\/wp\/v2\/product\/66058\/revisions"}],"predecessor-version":[{"id":66066,"href":"https:\/\/micasa.lv\/lv\/wp-json\/wp\/v2\/product\/66058\/revisions\/66066"}],"wp:featuredmedia":[{"embeddable":true,"href":"https:\/\/micasa.lv\/lv\/wp-json\/wp\/v2\/media\/66042"}],"wp:attachment":[{"href":"https:\/\/micasa.lv\/lv\/wp-json\/wp\/v2\/media?parent=66058"}],"wp:term":[{"taxonomy":"product_brand","embeddable":true,"href":"https:\/\/micasa.lv\/lv\/wp-json\/wp\/v2\/product_brand?post=66058"},{"taxonomy":"product_cat","embeddable":true,"href":"https:\/\/micasa.lv\/lv\/wp-json\/wp\/v2\/product_cat?post=66058"},{"taxonomy":"product_tag","embeddable":true,"href":"https:\/\/micasa.lv\/lv\/wp-json\/wp\/v2\/product_tag?post=66058"}],"curies":[{"name":"wp","href":"https:\/\/api.w.org\/{rel}","templated":true}]}}