{"id":67439,"date":"2026-03-27T17:19:16","date_gmt":"2026-03-27T15:19:16","guid":{"rendered":"https:\/\/micasa.lv\/brivi-stavoss-vannas-maisitajs-ar-dusas-komplektu-remer-al08no\/"},"modified":"2026-03-27T17:19:16","modified_gmt":"2026-03-27T15:19:16","slug":"brivi-stavoss-vannas-maisitajs-ar-dusas-komplektu-remer-al08no","status":"publish","type":"product","link":"https:\/\/micasa.lv\/lv\/brivi-stavoss-vannas-maisitajs-ar-dusas-komplektu-remer-al08no\/","title":{"rendered":"Br\u012bvi st\u0101vo\u0161s vannas mais\u012bt\u0101js ar du\u0161as komplektu Remer AL08NO"},"content":{"rendered":"","protected":false},"excerpt":{"rendered":"","protected":false},"featured_media":67433,"template":"","meta":[],"product_brand":[],"product_cat":[1901],"product_tag":[],"class_list":{"0":"post-67439","1":"product","2":"type-product","3":"status-publish","4":"has-post-thumbnail","6":"product_cat-jaucejkrani-un-dusas-sistemas","7":"pa_brand-remer","9":"first","10":"instock","11":"taxable","12":"shipping-taxable","13":"purchasable","14":"product-type-simple"},"yoast_head":"<!-- This site is optimized with the Yoast SEO plugin v27.4 - https:\/\/yoast.com\/product\/yoast-seo-wordpress\/ -->\n<title>Br\u012bvi st\u0101vo\u0161s vannas mais\u012bt\u0101js ar du\u0161as komplektu Remer AL08NO - Micasa<\/title>\n<meta name=\"robots\" content=\"index, follow, max-snippet:-1, max-image-preview:large, max-video-preview:-1\" \/>\n<link rel=\"canonical\" href=\"https:\/\/micasa.lv\/lv\/brivi-stavoss-vannas-maisitajs-ar-dusas-komplektu-remer-al08no\/\" \/>\n<meta property=\"og:locale\" content=\"lv_LV\" \/>\n<meta property=\"og:type\" content=\"article\" \/>\n<meta property=\"og:title\" content=\"Br\u012bvi st\u0101vo\u0161s vannas mais\u012bt\u0101js ar du\u0161as komplektu Remer AL08NO - Micasa\" \/>\n<meta property=\"og:url\" content=\"https:\/\/micasa.lv\/lv\/brivi-stavoss-vannas-maisitajs-ar-dusas-komplektu-remer-al08no\/\" \/>\n<meta property=\"og:site_name\" content=\"Micasa\" \/>\n<meta property=\"og:image\" content=\"https:\/\/micasa.lv\/wp-content\/uploads\/2026\/03\/al08no.jpg\" \/>\n\t<meta property=\"og:image:width\" content=\"689\" \/>\n\t<meta property=\"og:image:height\" content=\"692\" \/>\n\t<meta property=\"og:image:type\" content=\"image\/jpeg\" \/>\n<meta name=\"twitter:card\" content=\"summary_large_image\" \/>\n<script type=\"application\/ld+json\" class=\"yoast-schema-graph\">{\"@context\":\"https:\\\/\\\/schema.org\",\"@graph\":[{\"@type\":\"WebPage\",\"@id\":\"https:\\\/\\\/micasa.lv\\\/lv\\\/brivi-stavoss-vannas-maisitajs-ar-dusas-komplektu-remer-al08no\\\/\",\"url\":\"https:\\\/\\\/micasa.lv\\\/lv\\\/brivi-stavoss-vannas-maisitajs-ar-dusas-komplektu-remer-al08no\\\/\",\"name\":\"Br\u012bvi st\u0101vo\u0161s vannas mais\u012bt\u0101js ar du\u0161as komplektu Remer AL08NO - Micasa\",\"isPartOf\":{\"@id\":\"https:\\\/\\\/micasa.lv\\\/lv\\\/#website\"},\"primaryImageOfPage\":{\"@id\":\"https:\\\/\\\/micasa.lv\\\/lv\\\/brivi-stavoss-vannas-maisitajs-ar-dusas-komplektu-remer-al08no\\\/#primaryimage\"},\"image\":{\"@id\":\"https:\\\/\\\/micasa.lv\\\/lv\\\/brivi-stavoss-vannas-maisitajs-ar-dusas-komplektu-remer-al08no\\\/#primaryimage\"},\"thumbnailUrl\":\"https:\\\/\\\/micasa.lv\\\/wp-content\\\/uploads\\\/2026\\\/03\\\/al08no.jpg\",\"datePublished\":\"2026-03-27T15:19:16+00:00\",\"breadcrumb\":{\"@id\":\"https:\\\/\\\/micasa.lv\\\/lv\\\/brivi-stavoss-vannas-maisitajs-ar-dusas-komplektu-remer-al08no\\\/#breadcrumb\"},\"inLanguage\":\"lv-LV\",\"potentialAction\":[{\"@type\":\"ReadAction\",\"target\":[\"https:\\\/\\\/micasa.lv\\\/lv\\\/brivi-stavoss-vannas-maisitajs-ar-dusas-komplektu-remer-al08no\\\/\"]}]},{\"@type\":\"ImageObject\",\"inLanguage\":\"lv-LV\",\"@id\":\"https:\\\/\\\/micasa.lv\\\/lv\\\/brivi-stavoss-vannas-maisitajs-ar-dusas-komplektu-remer-al08no\\\/#primaryimage\",\"url\":\"https:\\\/\\\/micasa.lv\\\/wp-content\\\/uploads\\\/2026\\\/03\\\/al08no.jpg\",\"contentUrl\":\"https:\\\/\\\/micasa.lv\\\/wp-content\\\/uploads\\\/2026\\\/03\\\/al08no.jpg\",\"width\":689,\"height\":692},{\"@type\":\"BreadcrumbList\",\"@id\":\"https:\\\/\\\/micasa.lv\\\/lv\\\/brivi-stavoss-vannas-maisitajs-ar-dusas-komplektu-remer-al08no\\\/#breadcrumb\",\"itemListElement\":[{\"@type\":\"ListItem\",\"position\":1,\"name\":\"S\u0101kums\",\"item\":\"https:\\\/\\\/micasa.lv\\\/lv\\\/micasa\\\/\"},{\"@type\":\"ListItem\",\"position\":2,\"name\":\"Shop\",\"item\":\"https:\\\/\\\/micasa.lv\\\/lv\\\/shop\\\/\"},{\"@type\":\"ListItem\",\"position\":3,\"name\":\"Br\u012bvi st\u0101vo\u0161s vannas mais\u012bt\u0101js ar du\u0161as komplektu Remer AL08NO\"}]},{\"@type\":\"WebSite\",\"@id\":\"https:\\\/\\\/micasa.lv\\\/lv\\\/#website\",\"url\":\"https:\\\/\\\/micasa.lv\\\/lv\\\/\",\"name\":\"Micasa\",\"description\":\"\",\"potentialAction\":[{\"@type\":\"SearchAction\",\"target\":{\"@type\":\"EntryPoint\",\"urlTemplate\":\"https:\\\/\\\/micasa.lv\\\/lv\\\/?s={search_term_string}\"},\"query-input\":{\"@type\":\"PropertyValueSpecification\",\"valueRequired\":true,\"valueName\":\"search_term_string\"}}],\"inLanguage\":\"lv-LV\"}]}<\/script>\n<!-- \/ Yoast SEO plugin. -->","yoast_head_json":{"title":"Br\u012bvi st\u0101vo\u0161s vannas mais\u012bt\u0101js ar du\u0161as komplektu Remer AL08NO - Micasa","robots":{"index":"index","follow":"follow","max-snippet":"max-snippet:-1","max-image-preview":"max-image-preview:large","max-video-preview":"max-video-preview:-1"},"canonical":"https:\/\/micasa.lv\/lv\/brivi-stavoss-vannas-maisitajs-ar-dusas-komplektu-remer-al08no\/","og_locale":"lv_LV","og_type":"article","og_title":"Br\u012bvi st\u0101vo\u0161s vannas mais\u012bt\u0101js ar du\u0161as komplektu Remer AL08NO - Micasa","og_url":"https:\/\/micasa.lv\/lv\/brivi-stavoss-vannas-maisitajs-ar-dusas-komplektu-remer-al08no\/","og_site_name":"Micasa","og_image":[{"width":689,"height":692,"url":"https:\/\/micasa.lv\/wp-content\/uploads\/2026\/03\/al08no.jpg","type":"image\/jpeg"}],"twitter_card":"summary_large_image","schema":{"@context":"https:\/\/schema.org","@graph":[{"@type":"WebPage","@id":"https:\/\/micasa.lv\/lv\/brivi-stavoss-vannas-maisitajs-ar-dusas-komplektu-remer-al08no\/","url":"https:\/\/micasa.lv\/lv\/brivi-stavoss-vannas-maisitajs-ar-dusas-komplektu-remer-al08no\/","name":"Br\u012bvi st\u0101vo\u0161s vannas mais\u012bt\u0101js ar du\u0161as komplektu Remer AL08NO - Micasa","isPartOf":{"@id":"https:\/\/micasa.lv\/lv\/#website"},"primaryImageOfPage":{"@id":"https:\/\/micasa.lv\/lv\/brivi-stavoss-vannas-maisitajs-ar-dusas-komplektu-remer-al08no\/#primaryimage"},"image":{"@id":"https:\/\/micasa.lv\/lv\/brivi-stavoss-vannas-maisitajs-ar-dusas-komplektu-remer-al08no\/#primaryimage"},"thumbnailUrl":"https:\/\/micasa.lv\/wp-content\/uploads\/2026\/03\/al08no.jpg","datePublished":"2026-03-27T15:19:16+00:00","breadcrumb":{"@id":"https:\/\/micasa.lv\/lv\/brivi-stavoss-vannas-maisitajs-ar-dusas-komplektu-remer-al08no\/#breadcrumb"},"inLanguage":"lv-LV","potentialAction":[{"@type":"ReadAction","target":["https:\/\/micasa.lv\/lv\/brivi-stavoss-vannas-maisitajs-ar-dusas-komplektu-remer-al08no\/"]}]},{"@type":"ImageObject","inLanguage":"lv-LV","@id":"https:\/\/micasa.lv\/lv\/brivi-stavoss-vannas-maisitajs-ar-dusas-komplektu-remer-al08no\/#primaryimage","url":"https:\/\/micasa.lv\/wp-content\/uploads\/2026\/03\/al08no.jpg","contentUrl":"https:\/\/micasa.lv\/wp-content\/uploads\/2026\/03\/al08no.jpg","width":689,"height":692},{"@type":"BreadcrumbList","@id":"https:\/\/micasa.lv\/lv\/brivi-stavoss-vannas-maisitajs-ar-dusas-komplektu-remer-al08no\/#breadcrumb","itemListElement":[{"@type":"ListItem","position":1,"name":"S\u0101kums","item":"https:\/\/micasa.lv\/lv\/micasa\/"},{"@type":"ListItem","position":2,"name":"Shop","item":"https:\/\/micasa.lv\/lv\/shop\/"},{"@type":"ListItem","position":3,"name":"Br\u012bvi st\u0101vo\u0161s vannas mais\u012bt\u0101js ar du\u0161as komplektu Remer AL08NO"}]},{"@type":"WebSite","@id":"https:\/\/micasa.lv\/lv\/#website","url":"https:\/\/micasa.lv\/lv\/","name":"Micasa","description":"","potentialAction":[{"@type":"SearchAction","target":{"@type":"EntryPoint","urlTemplate":"https:\/\/micasa.lv\/lv\/?s={search_term_string}"},"query-input":{"@type":"PropertyValueSpecification","valueRequired":true,"valueName":"search_term_string"}}],"inLanguage":"lv-LV"}]}},"wcpa_form_fields":null,"_links":{"self":[{"href":"https:\/\/micasa.lv\/lv\/wp-json\/wp\/v2\/product\/67439","targetHints":{"allow":["GET"]}}],"collection":[{"href":"https:\/\/micasa.lv\/lv\/wp-json\/wp\/v2\/product"}],"about":[{"href":"https:\/\/micasa.lv\/lv\/wp-json\/wp\/v2\/types\/product"}],"version-history":[{"count":0,"href":"https:\/\/micasa.lv\/lv\/wp-json\/wp\/v2\/product\/67439\/revisions"}],"wp:featuredmedia":[{"embeddable":true,"href":"https:\/\/micasa.lv\/lv\/wp-json\/wp\/v2\/media\/67433"}],"wp:attachment":[{"href":"https:\/\/micasa.lv\/lv\/wp-json\/wp\/v2\/media?parent=67439"}],"wp:term":[{"taxonomy":"product_brand","embeddable":true,"href":"https:\/\/micasa.lv\/lv\/wp-json\/wp\/v2\/product_brand?post=67439"},{"taxonomy":"product_cat","embeddable":true,"href":"https:\/\/micasa.lv\/lv\/wp-json\/wp\/v2\/product_cat?post=67439"},{"taxonomy":"product_tag","embeddable":true,"href":"https:\/\/micasa.lv\/lv\/wp-json\/wp\/v2\/product_tag?post=67439"}],"curies":[{"name":"wp","href":"https:\/\/api.w.org\/{rel}","templated":true}]}}