{"id":67694,"date":"2026-04-02T18:02:12","date_gmt":"2026-04-02T16:02:12","guid":{"rendered":"https:\/\/micasa.lv\/?post_type=product&#038;p=67694"},"modified":"2026-04-13T12:38:54","modified_gmt":"2026-04-13T10:38:54","slug":"koka-ardurvis-magic-steel","status":"publish","type":"product","link":"https:\/\/micasa.lv\/lv\/koka-ardurvis-magic-steel\/","title":{"rendered":"Koka \u0101rdurvis Magic Steel"},"content":{"rendered":"<p><strong><b>Durvju v\u0113rtne<\/b><\/strong><br \/>\n<strong><b>Konstrukcija:<\/b><\/strong> 63 mm bieza v\u0113rtne ar priedes mas\u012bvkoka karkasu, putupolistirola pild\u012bjumu, integr\u0113tu alum\u012bnija loksni ab\u0101s v\u0113rtnes pus\u0113s un HDF apdari.<\/p>\n<p><strong>Durvju k\u0101rba<\/strong><br \/>\nIzgatavota no priedes mas\u012bvkoka, biezums 54 mm, dzi\u013cums 105 mm.<\/p>\n<p><strong><b>Apdares iesp\u0113jas:<\/b><\/strong><\/p>\n<ul>\n<li>kr\u0101so\u0161ana jebkur\u0101 ton\u012b p\u0113c NCS vai RAL kataloga;<\/li>\n<li>p\u0101rkl\u0101jums ar ton\u0113tu e\u013c\u013cu (4 to\u0146u varianti).<\/li>\n<\/ul>\n<p><strong><b>Stiklojums<\/b><\/strong><br \/>\nTr\u012bsk\u0101r\u0161a stikla pakete.<\/p>\n<p><strong><b>Durvju slieksnis<\/b><\/strong><br \/>\nIzgatavots no ozola mas\u012bvkoka, 25 mm augsts, ar alum\u012bnija nodilumiztur\u012bgu uzliku.<\/p>\n<p><strong><b>Bl\u012bv\u0113\u0161ana<\/b><\/strong><br \/>\nDubults bl\u012bv\u0113jums durvju v\u0113rtn\u0113 un k\u0101rb\u0101.<\/p>\n<p><strong><b>E\u0146\u0123es<\/b><\/strong><br \/>\n3 horizont\u0101li un vertik\u0101li regul\u0113jamas e\u0146\u0123es.<br \/>\nP\u0113c izv\u0113les iesp\u0113jama ar\u012b sl\u0113pto e\u0146\u0123u uzst\u0101d\u012b\u0161ana.<\/p>\n<p><strong><b>Sl\u0113dzene<\/b><\/strong><br \/>\nAtbilsto\u0161i klienta v\u0113lm\u0113m.<\/p>\n<p><strong><b>Izm\u0113ri<\/b><\/strong><br \/>\nMaksim\u0101lais vienviru durvju bloka platums: 990 mm.<br \/>\nMaksim\u0101lais vienviru durvju bloka augstums: 2290 mm.<\/p>\n<p><strong><b>Papildu iesp\u0113jas<\/b><\/strong><\/p>\n<ul>\n<li>iesp\u0113jams main\u012bt durvju dizainu un stikla izm\u0113ru;<\/li>\n<li>iesp\u0113jama divviru durvju izgatavo\u0161ana;<\/li>\n<li>iesp\u0113jama fiks\u0113tu s\u0101nu pane\u013cu izgatavo\u0161ana;<\/li>\n<li>iesp\u0113jama virsgaismas izgatavo\u0161ana virs durv\u012bm.<\/li>\n<\/ul>\n","protected":false},"excerpt":{"rendered":"<p>Durvju v\u0113rtne Konstrukcija: 63 mm bieza v\u0113rtne ar priedes mas\u012bvkoka karkasu, putupolistirola pild\u012bjumu, integr\u0113tu alum\u012bnija loksni ab\u0101s v\u0113rtnes pus\u0113s un<\/p>\n","protected":false},"featured_media":67485,"template":"","meta":[],"product_brand":[],"product_cat":[3922,343],"product_tag":[],"class_list":{"0":"post-67694","1":"product","2":"type-product","3":"status-publish","4":"has-post-thumbnail","6":"product_cat-ardurvis","7":"product_cat-durvis","9":"first","10":"instock","11":"taxable","12":"shipping-taxable","13":"purchasable","14":"product-type-simple"},"yoast_head":"<!-- This site is optimized with the Yoast SEO plugin v27.4 - https:\/\/yoast.com\/product\/yoast-seo-wordpress\/ -->\n<title>Koka \u0101rdurvis Magic Steel - Micasa<\/title>\n<meta name=\"robots\" content=\"index, follow, max-snippet:-1, max-image-preview:large, max-video-preview:-1\" \/>\n<link rel=\"canonical\" href=\"https:\/\/micasa.lv\/lv\/koka-ardurvis-magic-steel\/\" \/>\n<meta property=\"og:locale\" content=\"lv_LV\" \/>\n<meta property=\"og:type\" content=\"article\" \/>\n<meta property=\"og:title\" content=\"Koka \u0101rdurvis Magic Steel - Micasa\" \/>\n<meta property=\"og:description\" content=\"Durvju v\u0113rtne Konstrukcija: 63 mm bieza v\u0113rtne ar priedes mas\u012bvkoka karkasu, putupolistirola pild\u012bjumu, integr\u0113tu alum\u012bnija loksni ab\u0101s v\u0113rtnes pus\u0113s un\" \/>\n<meta property=\"og:url\" content=\"https:\/\/micasa.lv\/lv\/koka-ardurvis-magic-steel\/\" \/>\n<meta property=\"og:site_name\" content=\"Micasa\" \/>\n<meta property=\"article:modified_time\" content=\"2026-04-13T10:38:54+00:00\" \/>\n<meta property=\"og:image\" content=\"https:\/\/micasa.lv\/wp-content\/uploads\/2026\/04\/magic-steel.png\" \/>\n\t<meta property=\"og:image:width\" content=\"700\" \/>\n\t<meta property=\"og:image:height\" content=\"700\" \/>\n\t<meta property=\"og:image:type\" content=\"image\/png\" \/>\n<meta name=\"twitter:card\" content=\"summary_large_image\" \/>\n<meta name=\"twitter:label1\" content=\"Est. reading time\" \/>\n\t<meta name=\"twitter:data1\" content=\"1 minute\" \/>\n<script type=\"application\/ld+json\" class=\"yoast-schema-graph\">{\"@context\":\"https:\\\/\\\/schema.org\",\"@graph\":[{\"@type\":\"WebPage\",\"@id\":\"https:\\\/\\\/micasa.lv\\\/lv\\\/koka-ardurvis-magic-steel\\\/\",\"url\":\"https:\\\/\\\/micasa.lv\\\/lv\\\/koka-ardurvis-magic-steel\\\/\",\"name\":\"Koka \u0101rdurvis Magic Steel - Micasa\",\"isPartOf\":{\"@id\":\"https:\\\/\\\/micasa.lv\\\/lv\\\/#website\"},\"primaryImageOfPage\":{\"@id\":\"https:\\\/\\\/micasa.lv\\\/lv\\\/koka-ardurvis-magic-steel\\\/#primaryimage\"},\"image\":{\"@id\":\"https:\\\/\\\/micasa.lv\\\/lv\\\/koka-ardurvis-magic-steel\\\/#primaryimage\"},\"thumbnailUrl\":\"https:\\\/\\\/micasa.lv\\\/wp-content\\\/uploads\\\/2026\\\/04\\\/magic-steel.png\",\"datePublished\":\"2026-04-02T16:02:12+00:00\",\"dateModified\":\"2026-04-13T10:38:54+00:00\",\"breadcrumb\":{\"@id\":\"https:\\\/\\\/micasa.lv\\\/lv\\\/koka-ardurvis-magic-steel\\\/#breadcrumb\"},\"inLanguage\":\"lv-LV\",\"potentialAction\":[{\"@type\":\"ReadAction\",\"target\":[\"https:\\\/\\\/micasa.lv\\\/lv\\\/koka-ardurvis-magic-steel\\\/\"]}]},{\"@type\":\"ImageObject\",\"inLanguage\":\"lv-LV\",\"@id\":\"https:\\\/\\\/micasa.lv\\\/lv\\\/koka-ardurvis-magic-steel\\\/#primaryimage\",\"url\":\"https:\\\/\\\/micasa.lv\\\/wp-content\\\/uploads\\\/2026\\\/04\\\/magic-steel.png\",\"contentUrl\":\"https:\\\/\\\/micasa.lv\\\/wp-content\\\/uploads\\\/2026\\\/04\\\/magic-steel.png\",\"width\":700,\"height\":700},{\"@type\":\"BreadcrumbList\",\"@id\":\"https:\\\/\\\/micasa.lv\\\/lv\\\/koka-ardurvis-magic-steel\\\/#breadcrumb\",\"itemListElement\":[{\"@type\":\"ListItem\",\"position\":1,\"name\":\"S\u0101kums\",\"item\":\"https:\\\/\\\/micasa.lv\\\/lv\\\/micasa\\\/\"},{\"@type\":\"ListItem\",\"position\":2,\"name\":\"Shop\",\"item\":\"https:\\\/\\\/micasa.lv\\\/lv\\\/shop\\\/\"},{\"@type\":\"ListItem\",\"position\":3,\"name\":\"Koka \u0101rdurvis Magic Steel\"}]},{\"@type\":\"WebSite\",\"@id\":\"https:\\\/\\\/micasa.lv\\\/lv\\\/#website\",\"url\":\"https:\\\/\\\/micasa.lv\\\/lv\\\/\",\"name\":\"Micasa\",\"description\":\"\",\"potentialAction\":[{\"@type\":\"SearchAction\",\"target\":{\"@type\":\"EntryPoint\",\"urlTemplate\":\"https:\\\/\\\/micasa.lv\\\/lv\\\/?s={search_term_string}\"},\"query-input\":{\"@type\":\"PropertyValueSpecification\",\"valueRequired\":true,\"valueName\":\"search_term_string\"}}],\"inLanguage\":\"lv-LV\"}]}<\/script>\n<!-- \/ Yoast SEO plugin. -->","yoast_head_json":{"title":"Koka \u0101rdurvis Magic Steel - Micasa","robots":{"index":"index","follow":"follow","max-snippet":"max-snippet:-1","max-image-preview":"max-image-preview:large","max-video-preview":"max-video-preview:-1"},"canonical":"https:\/\/micasa.lv\/lv\/koka-ardurvis-magic-steel\/","og_locale":"lv_LV","og_type":"article","og_title":"Koka \u0101rdurvis Magic Steel - Micasa","og_description":"Durvju v\u0113rtne Konstrukcija: 63 mm bieza v\u0113rtne ar priedes mas\u012bvkoka karkasu, putupolistirola pild\u012bjumu, integr\u0113tu alum\u012bnija loksni ab\u0101s v\u0113rtnes pus\u0113s un","og_url":"https:\/\/micasa.lv\/lv\/koka-ardurvis-magic-steel\/","og_site_name":"Micasa","article_modified_time":"2026-04-13T10:38:54+00:00","og_image":[{"width":700,"height":700,"url":"https:\/\/micasa.lv\/wp-content\/uploads\/2026\/04\/magic-steel.png","type":"image\/png"}],"twitter_card":"summary_large_image","twitter_misc":{"Est. reading time":"1 minute"},"schema":{"@context":"https:\/\/schema.org","@graph":[{"@type":"WebPage","@id":"https:\/\/micasa.lv\/lv\/koka-ardurvis-magic-steel\/","url":"https:\/\/micasa.lv\/lv\/koka-ardurvis-magic-steel\/","name":"Koka \u0101rdurvis Magic Steel - Micasa","isPartOf":{"@id":"https:\/\/micasa.lv\/lv\/#website"},"primaryImageOfPage":{"@id":"https:\/\/micasa.lv\/lv\/koka-ardurvis-magic-steel\/#primaryimage"},"image":{"@id":"https:\/\/micasa.lv\/lv\/koka-ardurvis-magic-steel\/#primaryimage"},"thumbnailUrl":"https:\/\/micasa.lv\/wp-content\/uploads\/2026\/04\/magic-steel.png","datePublished":"2026-04-02T16:02:12+00:00","dateModified":"2026-04-13T10:38:54+00:00","breadcrumb":{"@id":"https:\/\/micasa.lv\/lv\/koka-ardurvis-magic-steel\/#breadcrumb"},"inLanguage":"lv-LV","potentialAction":[{"@type":"ReadAction","target":["https:\/\/micasa.lv\/lv\/koka-ardurvis-magic-steel\/"]}]},{"@type":"ImageObject","inLanguage":"lv-LV","@id":"https:\/\/micasa.lv\/lv\/koka-ardurvis-magic-steel\/#primaryimage","url":"https:\/\/micasa.lv\/wp-content\/uploads\/2026\/04\/magic-steel.png","contentUrl":"https:\/\/micasa.lv\/wp-content\/uploads\/2026\/04\/magic-steel.png","width":700,"height":700},{"@type":"BreadcrumbList","@id":"https:\/\/micasa.lv\/lv\/koka-ardurvis-magic-steel\/#breadcrumb","itemListElement":[{"@type":"ListItem","position":1,"name":"S\u0101kums","item":"https:\/\/micasa.lv\/lv\/micasa\/"},{"@type":"ListItem","position":2,"name":"Shop","item":"https:\/\/micasa.lv\/lv\/shop\/"},{"@type":"ListItem","position":3,"name":"Koka \u0101rdurvis Magic Steel"}]},{"@type":"WebSite","@id":"https:\/\/micasa.lv\/lv\/#website","url":"https:\/\/micasa.lv\/lv\/","name":"Micasa","description":"","potentialAction":[{"@type":"SearchAction","target":{"@type":"EntryPoint","urlTemplate":"https:\/\/micasa.lv\/lv\/?s={search_term_string}"},"query-input":{"@type":"PropertyValueSpecification","valueRequired":true,"valueName":"search_term_string"}}],"inLanguage":"lv-LV"}]}},"wcpa_form_fields":null,"_links":{"self":[{"href":"https:\/\/micasa.lv\/lv\/wp-json\/wp\/v2\/product\/67694","targetHints":{"allow":["GET"]}}],"collection":[{"href":"https:\/\/micasa.lv\/lv\/wp-json\/wp\/v2\/product"}],"about":[{"href":"https:\/\/micasa.lv\/lv\/wp-json\/wp\/v2\/types\/product"}],"version-history":[{"count":1,"href":"https:\/\/micasa.lv\/lv\/wp-json\/wp\/v2\/product\/67694\/revisions"}],"predecessor-version":[{"id":67695,"href":"https:\/\/micasa.lv\/lv\/wp-json\/wp\/v2\/product\/67694\/revisions\/67695"}],"wp:featuredmedia":[{"embeddable":true,"href":"https:\/\/micasa.lv\/lv\/wp-json\/wp\/v2\/media\/67485"}],"wp:attachment":[{"href":"https:\/\/micasa.lv\/lv\/wp-json\/wp\/v2\/media?parent=67694"}],"wp:term":[{"taxonomy":"product_brand","embeddable":true,"href":"https:\/\/micasa.lv\/lv\/wp-json\/wp\/v2\/product_brand?post=67694"},{"taxonomy":"product_cat","embeddable":true,"href":"https:\/\/micasa.lv\/lv\/wp-json\/wp\/v2\/product_cat?post=67694"},{"taxonomy":"product_tag","embeddable":true,"href":"https:\/\/micasa.lv\/lv\/wp-json\/wp\/v2\/product_tag?post=67694"}],"curies":[{"name":"wp","href":"https:\/\/api.w.org\/{rel}","templated":true}]}}