{"id":35173,"date":"2025-05-10T16:30:20","date_gmt":"2025-05-10T13:30:20","guid":{"rendered":"https:\/\/test.micasa.lv\/?post_type=product&#038;p=35173"},"modified":"2025-06-13T10:18:04","modified_gmt":"2025-06-13T07:18:04","slug":"zapasnaya-tualetnaya-shhetka-bez-ruchki-dlya-ershika-102313062-102413012-118113012-118213092-belaya","status":"publish","type":"product","link":"https:\/\/micasa.lv\/ru\/zapasnaya-tualetnaya-shhetka-bez-ruchki-dlya-ershika-102313062-102413012-118113012-118213092-belaya\/","title":{"rendered":"\u0417\u0430\u043f\u0430\u0441\u043d\u0430\u044f \u0442\u0443\u0430\u043b\u0435\u0442\u043d\u0430\u044f \u0449\u0435\u0442\u043a\u0430 \u0431\u0435\u0437 \u0440\u0443\u0447\u043a\u0438 \u0434\u043b\u044f \u0435\u0440\u0448\u0438\u043a\u0430 102313062, 102413012, 118113012, 118213092, \u0431\u0435\u043b\u0430\u044f"},"content":{"rendered":"<p>Matador mezi produktov\u00fdmi kolekcemi. Na\u0161e nejstar\u0161\u00ed \u0159ada ALFA je synonymem \u010dist\u00e9ho minimalistick\u00e9ho designu veden\u00e9ho nej\u010dast\u011bji v st\u0159\u00edbrn\u00fdch a b\u00edl\u00fdch odst\u00ednech. V materi\u00e1lech dominuje sklo a chrom, kter\u00e9 produkt\u016fm p\u0159id\u00e1vaj\u00ed n\u00e1dech luxusu. V kolekci najdete d\u00e1vkova\u010de tekut\u00e9ho m\u00fddla, m\u00fddlenky na tuh\u00e9 m\u00fddlo, poli\u010dky nebo dr\u017e\u00e1ky ru\u010dn\u00edk\u016f, kart\u00e1\u010dk\u016f i toaletn\u00edho pap\u00edru.<\/p>\n","protected":false},"excerpt":{"rendered":"<p>Matador mezi produktov\u00fdmi kolekcemi. Na\u0161e nejstar\u0161\u00ed \u0159ada ALFA je synonymem \u010dist\u00e9ho minimalistick\u00e9ho designu veden\u00e9ho nej\u010dast\u011bji v st\u0159\u00edbrn\u00fdch a b\u00edl\u00fdch odst\u00ednech.<\/p>\n","protected":false},"featured_media":34345,"template":"","meta":[],"product_brand":[],"product_cat":[1529,1892],"product_tag":[],"class_list":{"0":"post-35173","1":"product","2":"type-product","3":"status-publish","4":"has-post-thumbnail","6":"product_cat-aksessuary","7":"product_cat-zapasnye-chasti","8":"pa_brand-bemeta-ru","10":"first","11":"instock","12":"taxable","13":"shipping-taxable","14":"purchasable","15":"product-type-simple"},"yoast_head":"<!-- This site is optimized with the Yoast SEO plugin v27.4 - https:\/\/yoast.com\/product\/yoast-seo-wordpress\/ -->\n<title>\u0417\u0430\u043f\u0430\u0441\u043d\u0430\u044f \u0442\u0443\u0430\u043b\u0435\u0442\u043d\u0430\u044f \u0449\u0435\u0442\u043a\u0430 \u0431\u0435\u0437 \u0440\u0443\u0447\u043a\u0438 \u0434\u043b\u044f \u0435\u0440\u0448\u0438\u043a\u0430 102313062, 102413012, 118113012, 118213092, \u0431\u0435\u043b\u0430\u044f - Micasa<\/title>\n<meta name=\"robots\" content=\"index, follow, max-snippet:-1, max-image-preview:large, max-video-preview:-1\" \/>\n<link rel=\"canonical\" href=\"https:\/\/micasa.lv\/ru\/zapasnaya-tualetnaya-shhetka-bez-ruchki-dlya-ershika-102313062-102413012-118113012-118213092-belaya\/\" \/>\n<meta property=\"og:locale\" content=\"ru_RU\" \/>\n<meta property=\"og:type\" content=\"article\" \/>\n<meta property=\"og:title\" content=\"\u0417\u0430\u043f\u0430\u0441\u043d\u0430\u044f \u0442\u0443\u0430\u043b\u0435\u0442\u043d\u0430\u044f \u0449\u0435\u0442\u043a\u0430 \u0431\u0435\u0437 \u0440\u0443\u0447\u043a\u0438 \u0434\u043b\u044f \u0435\u0440\u0448\u0438\u043a\u0430 102313062, 102413012, 118113012, 118213092, \u0431\u0435\u043b\u0430\u044f - Micasa\" \/>\n<meta property=\"og:description\" content=\"Matador mezi produktov\u00fdmi kolekcemi. Na\u0161e nejstar\u0161\u00ed \u0159ada ALFA je synonymem \u010dist\u00e9ho minimalistick\u00e9ho designu veden\u00e9ho nej\u010dast\u011bji v st\u0159\u00edbrn\u00fdch a b\u00edl\u00fdch odst\u00ednech.\" \/>\n<meta property=\"og:url\" content=\"https:\/\/micasa.lv\/ru\/zapasnaya-tualetnaya-shhetka-bez-ruchki-dlya-ershika-102313062-102413012-118113012-118213092-belaya\/\" \/>\n<meta property=\"og:site_name\" content=\"Micasa\" \/>\n<meta property=\"article:modified_time\" content=\"2025-06-13T07:18:04+00:00\" \/>\n<meta property=\"og:image\" content=\"https:\/\/micasa.lv\/wp-content\/uploads\/2025\/05\/3a431db5897c1efc18408d969a8be359_131567012-velky.jpg\" \/>\n\t<meta property=\"og:image:width\" content=\"216\" \/>\n\t<meta property=\"og:image:height\" content=\"421\" \/>\n\t<meta property=\"og:image:type\" content=\"image\/jpeg\" \/>\n<meta name=\"twitter:card\" content=\"summary_large_image\" \/>\n<script type=\"application\/ld+json\" class=\"yoast-schema-graph\">{\"@context\":\"https:\\\/\\\/schema.org\",\"@graph\":[{\"@type\":\"WebPage\",\"@id\":\"https:\\\/\\\/micasa.lv\\\/ru\\\/zapasnaya-tualetnaya-shhetka-bez-ruchki-dlya-ershika-102313062-102413012-118113012-118213092-belaya\\\/\",\"url\":\"https:\\\/\\\/micasa.lv\\\/ru\\\/zapasnaya-tualetnaya-shhetka-bez-ruchki-dlya-ershika-102313062-102413012-118113012-118213092-belaya\\\/\",\"name\":\"\u0417\u0430\u043f\u0430\u0441\u043d\u0430\u044f \u0442\u0443\u0430\u043b\u0435\u0442\u043d\u0430\u044f \u0449\u0435\u0442\u043a\u0430 \u0431\u0435\u0437 \u0440\u0443\u0447\u043a\u0438 \u0434\u043b\u044f \u0435\u0440\u0448\u0438\u043a\u0430 102313062, 102413012, 118113012, 118213092, \u0431\u0435\u043b\u0430\u044f - Micasa\",\"isPartOf\":{\"@id\":\"https:\\\/\\\/micasa.lv\\\/ru\\\/#website\"},\"primaryImageOfPage\":{\"@id\":\"https:\\\/\\\/micasa.lv\\\/ru\\\/zapasnaya-tualetnaya-shhetka-bez-ruchki-dlya-ershika-102313062-102413012-118113012-118213092-belaya\\\/#primaryimage\"},\"image\":{\"@id\":\"https:\\\/\\\/micasa.lv\\\/ru\\\/zapasnaya-tualetnaya-shhetka-bez-ruchki-dlya-ershika-102313062-102413012-118113012-118213092-belaya\\\/#primaryimage\"},\"thumbnailUrl\":\"https:\\\/\\\/micasa.lv\\\/wp-content\\\/uploads\\\/2025\\\/05\\\/3a431db5897c1efc18408d969a8be359_131567012-velky.jpg\",\"datePublished\":\"2025-05-10T13:30:20+00:00\",\"dateModified\":\"2025-06-13T07:18:04+00:00\",\"breadcrumb\":{\"@id\":\"https:\\\/\\\/micasa.lv\\\/ru\\\/zapasnaya-tualetnaya-shhetka-bez-ruchki-dlya-ershika-102313062-102413012-118113012-118213092-belaya\\\/#breadcrumb\"},\"inLanguage\":\"ru-RU\",\"potentialAction\":[{\"@type\":\"ReadAction\",\"target\":[\"https:\\\/\\\/micasa.lv\\\/ru\\\/zapasnaya-tualetnaya-shhetka-bez-ruchki-dlya-ershika-102313062-102413012-118113012-118213092-belaya\\\/\"]}]},{\"@type\":\"ImageObject\",\"inLanguage\":\"ru-RU\",\"@id\":\"https:\\\/\\\/micasa.lv\\\/ru\\\/zapasnaya-tualetnaya-shhetka-bez-ruchki-dlya-ershika-102313062-102413012-118113012-118213092-belaya\\\/#primaryimage\",\"url\":\"https:\\\/\\\/micasa.lv\\\/wp-content\\\/uploads\\\/2025\\\/05\\\/3a431db5897c1efc18408d969a8be359_131567012-velky.jpg\",\"contentUrl\":\"https:\\\/\\\/micasa.lv\\\/wp-content\\\/uploads\\\/2025\\\/05\\\/3a431db5897c1efc18408d969a8be359_131567012-velky.jpg\",\"width\":216,\"height\":421},{\"@type\":\"BreadcrumbList\",\"@id\":\"https:\\\/\\\/micasa.lv\\\/ru\\\/zapasnaya-tualetnaya-shhetka-bez-ruchki-dlya-ershika-102313062-102413012-118113012-118213092-belaya\\\/#breadcrumb\",\"itemListElement\":[{\"@type\":\"ListItem\",\"position\":1,\"name\":\"\u0413\u043b\u0430\u0432\u043d\u0430\u044f\",\"item\":\"https:\\\/\\\/micasa.lv\\\/ru\\\/micasa\\\/\"},{\"@type\":\"ListItem\",\"position\":2,\"name\":\"Shop\",\"item\":\"https:\\\/\\\/micasa.lv\\\/ru\\\/shop\\\/\"},{\"@type\":\"ListItem\",\"position\":3,\"name\":\"\u0417\u0430\u043f\u0430\u0441\u043d\u0430\u044f \u0442\u0443\u0430\u043b\u0435\u0442\u043d\u0430\u044f \u0449\u0435\u0442\u043a\u0430 \u0431\u0435\u0437 \u0440\u0443\u0447\u043a\u0438 \u0434\u043b\u044f \u0435\u0440\u0448\u0438\u043a\u0430 102313062, 102413012, 118113012, 118213092, \u0431\u0435\u043b\u0430\u044f\"}]},{\"@type\":\"WebSite\",\"@id\":\"https:\\\/\\\/micasa.lv\\\/ru\\\/#website\",\"url\":\"https:\\\/\\\/micasa.lv\\\/ru\\\/\",\"name\":\"Micasa\",\"description\":\"\",\"potentialAction\":[{\"@type\":\"SearchAction\",\"target\":{\"@type\":\"EntryPoint\",\"urlTemplate\":\"https:\\\/\\\/micasa.lv\\\/ru\\\/?s={search_term_string}\"},\"query-input\":{\"@type\":\"PropertyValueSpecification\",\"valueRequired\":true,\"valueName\":\"search_term_string\"}}],\"inLanguage\":\"ru-RU\"}]}<\/script>\n<!-- \/ Yoast SEO plugin. -->","yoast_head_json":{"title":"\u0417\u0430\u043f\u0430\u0441\u043d\u0430\u044f \u0442\u0443\u0430\u043b\u0435\u0442\u043d\u0430\u044f \u0449\u0435\u0442\u043a\u0430 \u0431\u0435\u0437 \u0440\u0443\u0447\u043a\u0438 \u0434\u043b\u044f \u0435\u0440\u0448\u0438\u043a\u0430 102313062, 102413012, 118113012, 118213092, \u0431\u0435\u043b\u0430\u044f - Micasa","robots":{"index":"index","follow":"follow","max-snippet":"max-snippet:-1","max-image-preview":"max-image-preview:large","max-video-preview":"max-video-preview:-1"},"canonical":"https:\/\/micasa.lv\/ru\/zapasnaya-tualetnaya-shhetka-bez-ruchki-dlya-ershika-102313062-102413012-118113012-118213092-belaya\/","og_locale":"ru_RU","og_type":"article","og_title":"\u0417\u0430\u043f\u0430\u0441\u043d\u0430\u044f \u0442\u0443\u0430\u043b\u0435\u0442\u043d\u0430\u044f \u0449\u0435\u0442\u043a\u0430 \u0431\u0435\u0437 \u0440\u0443\u0447\u043a\u0438 \u0434\u043b\u044f \u0435\u0440\u0448\u0438\u043a\u0430 102313062, 102413012, 118113012, 118213092, \u0431\u0435\u043b\u0430\u044f - Micasa","og_description":"Matador mezi produktov\u00fdmi kolekcemi. Na\u0161e nejstar\u0161\u00ed \u0159ada ALFA je synonymem \u010dist\u00e9ho minimalistick\u00e9ho designu veden\u00e9ho nej\u010dast\u011bji v st\u0159\u00edbrn\u00fdch a b\u00edl\u00fdch odst\u00ednech.","og_url":"https:\/\/micasa.lv\/ru\/zapasnaya-tualetnaya-shhetka-bez-ruchki-dlya-ershika-102313062-102413012-118113012-118213092-belaya\/","og_site_name":"Micasa","article_modified_time":"2025-06-13T07:18:04+00:00","og_image":[{"width":216,"height":421,"url":"https:\/\/micasa.lv\/wp-content\/uploads\/2025\/05\/3a431db5897c1efc18408d969a8be359_131567012-velky.jpg","type":"image\/jpeg"}],"twitter_card":"summary_large_image","schema":{"@context":"https:\/\/schema.org","@graph":[{"@type":"WebPage","@id":"https:\/\/micasa.lv\/ru\/zapasnaya-tualetnaya-shhetka-bez-ruchki-dlya-ershika-102313062-102413012-118113012-118213092-belaya\/","url":"https:\/\/micasa.lv\/ru\/zapasnaya-tualetnaya-shhetka-bez-ruchki-dlya-ershika-102313062-102413012-118113012-118213092-belaya\/","name":"\u0417\u0430\u043f\u0430\u0441\u043d\u0430\u044f \u0442\u0443\u0430\u043b\u0435\u0442\u043d\u0430\u044f \u0449\u0435\u0442\u043a\u0430 \u0431\u0435\u0437 \u0440\u0443\u0447\u043a\u0438 \u0434\u043b\u044f \u0435\u0440\u0448\u0438\u043a\u0430 102313062, 102413012, 118113012, 118213092, \u0431\u0435\u043b\u0430\u044f - Micasa","isPartOf":{"@id":"https:\/\/micasa.lv\/ru\/#website"},"primaryImageOfPage":{"@id":"https:\/\/micasa.lv\/ru\/zapasnaya-tualetnaya-shhetka-bez-ruchki-dlya-ershika-102313062-102413012-118113012-118213092-belaya\/#primaryimage"},"image":{"@id":"https:\/\/micasa.lv\/ru\/zapasnaya-tualetnaya-shhetka-bez-ruchki-dlya-ershika-102313062-102413012-118113012-118213092-belaya\/#primaryimage"},"thumbnailUrl":"https:\/\/micasa.lv\/wp-content\/uploads\/2025\/05\/3a431db5897c1efc18408d969a8be359_131567012-velky.jpg","datePublished":"2025-05-10T13:30:20+00:00","dateModified":"2025-06-13T07:18:04+00:00","breadcrumb":{"@id":"https:\/\/micasa.lv\/ru\/zapasnaya-tualetnaya-shhetka-bez-ruchki-dlya-ershika-102313062-102413012-118113012-118213092-belaya\/#breadcrumb"},"inLanguage":"ru-RU","potentialAction":[{"@type":"ReadAction","target":["https:\/\/micasa.lv\/ru\/zapasnaya-tualetnaya-shhetka-bez-ruchki-dlya-ershika-102313062-102413012-118113012-118213092-belaya\/"]}]},{"@type":"ImageObject","inLanguage":"ru-RU","@id":"https:\/\/micasa.lv\/ru\/zapasnaya-tualetnaya-shhetka-bez-ruchki-dlya-ershika-102313062-102413012-118113012-118213092-belaya\/#primaryimage","url":"https:\/\/micasa.lv\/wp-content\/uploads\/2025\/05\/3a431db5897c1efc18408d969a8be359_131567012-velky.jpg","contentUrl":"https:\/\/micasa.lv\/wp-content\/uploads\/2025\/05\/3a431db5897c1efc18408d969a8be359_131567012-velky.jpg","width":216,"height":421},{"@type":"BreadcrumbList","@id":"https:\/\/micasa.lv\/ru\/zapasnaya-tualetnaya-shhetka-bez-ruchki-dlya-ershika-102313062-102413012-118113012-118213092-belaya\/#breadcrumb","itemListElement":[{"@type":"ListItem","position":1,"name":"\u0413\u043b\u0430\u0432\u043d\u0430\u044f","item":"https:\/\/micasa.lv\/ru\/micasa\/"},{"@type":"ListItem","position":2,"name":"Shop","item":"https:\/\/micasa.lv\/ru\/shop\/"},{"@type":"ListItem","position":3,"name":"\u0417\u0430\u043f\u0430\u0441\u043d\u0430\u044f \u0442\u0443\u0430\u043b\u0435\u0442\u043d\u0430\u044f \u0449\u0435\u0442\u043a\u0430 \u0431\u0435\u0437 \u0440\u0443\u0447\u043a\u0438 \u0434\u043b\u044f \u0435\u0440\u0448\u0438\u043a\u0430 102313062, 102413012, 118113012, 118213092, \u0431\u0435\u043b\u0430\u044f"}]},{"@type":"WebSite","@id":"https:\/\/micasa.lv\/ru\/#website","url":"https:\/\/micasa.lv\/ru\/","name":"Micasa","description":"","potentialAction":[{"@type":"SearchAction","target":{"@type":"EntryPoint","urlTemplate":"https:\/\/micasa.lv\/ru\/?s={search_term_string}"},"query-input":{"@type":"PropertyValueSpecification","valueRequired":true,"valueName":"search_term_string"}}],"inLanguage":"ru-RU"}]}},"wcpa_form_fields":null,"_links":{"self":[{"href":"https:\/\/micasa.lv\/ru\/wp-json\/wp\/v2\/product\/35173","targetHints":{"allow":["GET"]}}],"collection":[{"href":"https:\/\/micasa.lv\/ru\/wp-json\/wp\/v2\/product"}],"about":[{"href":"https:\/\/micasa.lv\/ru\/wp-json\/wp\/v2\/types\/product"}],"version-history":[{"count":1,"href":"https:\/\/micasa.lv\/ru\/wp-json\/wp\/v2\/product\/35173\/revisions"}],"predecessor-version":[{"id":35203,"href":"https:\/\/micasa.lv\/ru\/wp-json\/wp\/v2\/product\/35173\/revisions\/35203"}],"wp:featuredmedia":[{"embeddable":true,"href":"https:\/\/micasa.lv\/ru\/wp-json\/wp\/v2\/media\/34345"}],"wp:attachment":[{"href":"https:\/\/micasa.lv\/ru\/wp-json\/wp\/v2\/media?parent=35173"}],"wp:term":[{"taxonomy":"product_brand","embeddable":true,"href":"https:\/\/micasa.lv\/ru\/wp-json\/wp\/v2\/product_brand?post=35173"},{"taxonomy":"product_cat","embeddable":true,"href":"https:\/\/micasa.lv\/ru\/wp-json\/wp\/v2\/product_cat?post=35173"},{"taxonomy":"product_tag","embeddable":true,"href":"https:\/\/micasa.lv\/ru\/wp-json\/wp\/v2\/product_tag?post=35173"}],"curies":[{"name":"wp","href":"https:\/\/api.w.org\/{rel}","templated":true}]}}